{"id":83604,"date":"2020-09-22T17:22:21","date_gmt":"2020-09-22T15:22:21","guid":{"rendered":"http:\/\/www.kontakt-elektro.hu\/?page_id=83604"},"modified":"2021-08-04T15:29:20","modified_gmt":"2021-08-04T13:29:20","slug":"kombi","status":"publish","type":"page","link":"https:\/\/www.kontakt-elektro.hu\/hu\/gyartasi-megoldasok\/fogyasztasmero-szekrenyek\/kombi\/","title":{"rendered":"Kombi"},"content":{"rendered":"<div class=\"wpb-content-wrapper\"><p>[vc_row row_height_percent=&#8221;0&#8243; override_padding=&#8221;yes&#8221; h_padding=&#8221;2&#8243; top_padding=&#8221;2&#8243; bottom_padding=&#8221;2&#8243; overlay_alpha=&#8221;50&#8243; gutter_size=&#8221;3&#8243; column_width_percent=&#8221;100&#8243; shift_y=&#8221;0&#8243; z_index=&#8221;0&#8243;][vc_column width=&#8221;2\/3&#8243;][vc_column_text]<strong>Kialak\u00edt\u00e1sa:<\/strong><br \/>\nKihelyezett ipari l\u00e9tes\u00edtm\u00e9nyek szabadt\u00e9rben elhelyezhet\u0151 villamos fogyaszt\u00e1sm\u00e9r\u0151 szekr\u00e9nye, technol\u00f3giai eloszt\u00f3val egybe\u00e9p\u00edtve.<\/p>\n<p><strong>Anyag:<\/strong> rozsdamentes Lv 1.5 ac\u00e9l, k\u00edv\u00e1ns\u00e1gra porsz\u00f3rt kivitelben is.<\/p>\n<p>V\u00e9detts\u00e9g: IP 54<\/p>\n<p><strong>Alkalmaz\u00e1si ter\u00fcletek:<\/strong>[\/vc_column_text][uncode_list icon=&#8221;fa fa-circle&#8221; icon_color=&#8221;color-775258&#8243; el_class=&#8221;text&#8211;listing&#8221;]<\/p>\n<ul>\n<li>Aut\u00f3p\u00e1ly\u00e1k<\/li>\n<li>Szennyv\u00edz\u00e1temel\u0151k<\/li>\n<li>Kihelyezett l\u00e9tes\u00edtm\u00e9nyek<\/li>\n<li>T\u00f6rpe v\u00edzm\u0171vek<\/li>\n<\/ul>\n<p>[\/uncode_list][vc_empty_space][vc_button button_color=&#8221;color-775258&#8243; radius=&#8221;btn-circle&#8221; border_width=&#8221;0&#8243; icon_position=&#8221;right&#8221; display=&#8221;inline&#8221; icon=&#8221;fa fa-print&#8221; link=&#8221;url:http%3A%2F%2Fwww.kontakt-elektro.hu%2Fwp-content%2Fuploads%2F2021%2F02%2FCsoportos-fogyasztasmero-szekreny-prosi.pdf|target:_blank&#8221; width=&#8221;250&#8243; el_class=&#8221;btn&#8211;primary&#8221;]Fogyaszt\u00e1sm\u00e9r\u0151 katal\u00f3gus[\/vc_button][vc_button button_color=&#8221;color-775258&#8243; radius=&#8221;btn-circle&#8221; border_width=&#8221;0&#8243; icon_position=&#8221;right&#8221; display=&#8221;inline&#8221; icon=&#8221;fa fa-print&#8221; link=&#8221;url:http%3A%2F%2Fwww.kontakt-elektro.hu%2Fwp-content%2Fuploads%2F2021%2F02%2FRendszerengedelyek-2021.pdf|target:_blank&#8221; width=&#8221;250&#8243; el_class=&#8221;btn&#8211;primary&#8221;]Rendszerenged\u00e9ly let\u00f6lt\u00e9se[\/vc_button][\/vc_column][vc_column width=&#8221;1\/3&#8243;][vc_gallery el_id=&#8221;gallery-559995&#8243; medias=&#8221;83610,83611&#8243; gutter_size=&#8221;3&#8243; screen_lg=&#8221;1000&#8243; screen_md=&#8221;600&#8243; screen_sm=&#8221;480&#8243; single_width=&#8221;6&#8243; single_overlay_color=&#8221;color-jevc&#8221; single_overlay_coloration=&#8221;bottom_gradient&#8221; single_overlay_opacity=&#8221;50&#8243; single_h_align=&#8221;center&#8221; single_v_position=&#8221;bottom&#8221; single_padding=&#8221;1&#8243; single_title_dimension=&#8221;&#8221; single_icon=&#8221;fa fa-zoom-in&#8221; single_border=&#8221;yes&#8221;][\/vc_column][\/vc_row]<\/p>\n<\/div>","protected":false},"excerpt":{"rendered":"<p>[vc_row row_height_percent=&#8221;0&#8243; override_padding=&#8221;yes&#8221; h_padding=&#8221;2&#8243; top_padding=&#8221;2&#8243; bottom_padding=&#8221;2&#8243; overlay_alpha=&#8221;50&#8243; gutter_size=&#8221;3&#8243; column_width_percent=&#8221;100&#8243; shift_y=&#8221;0&#8243; z_index=&#8221;0&#8243;][vc_column width=&#8221;2\/3&#8243;][vc_column_text]Kialak\u00edt\u00e1sa: Kihelyezett ipari l\u00e9tes\u00edtm\u00e9nyek szabadt\u00e9rben elhelyezhet\u0151 villamos fogyaszt\u00e1sm\u00e9r\u0151 szekr\u00e9nye, [&hellip;]<\/p>\n","protected":false},"author":4,"featured_media":0,"parent":481,"menu_order":0,"comment_status":"closed","ping_status":"closed","template":"","meta":{"_acf_changed":false,"footnotes":""},"class_list":["post-83604","page","type-page","status-publish","hentry","page_category-fogyasztasmero-szekrenyek"],"acf":[],"yoast_head":"<!-- This site is optimized with the Yoast SEO plugin v27.5 - https:\/\/yoast.com\/product\/yoast-seo-wordpress\/ -->\n<title>Kombi - Kontakt Elektro<\/title>\n<meta name=\"robots\" content=\"index, follow, max-snippet:-1, max-image-preview:large, max-video-preview:-1\" \/>\n<link rel=\"canonical\" href=\"https:\/\/www.kontakt-elektro.hu\/hu\/gyartasi-megoldasok\/fogyasztasmero-szekrenyek\/kombi\/\" \/>\n<meta property=\"og:locale\" content=\"hu_HU\" \/>\n<meta property=\"og:type\" content=\"article\" \/>\n<meta property=\"og:title\" content=\"Kombi - Kontakt Elektro\" \/>\n<meta property=\"og:description\" content=\"[vc_row row_height_percent=&#8221;0&#8243; override_padding=&#8221;yes&#8221; h_padding=&#8221;2&#8243; top_padding=&#8221;2&#8243; bottom_padding=&#8221;2&#8243; overlay_alpha=&#8221;50&#8243; gutter_size=&#8221;3&#8243; column_width_percent=&#8221;100&#8243; shift_y=&#8221;0&#8243; z_index=&#8221;0&#8243;][vc_column width=&#8221;2\/3&#8243;][vc_column_text]Kialak\u00edt\u00e1sa: Kihelyezett ipari l\u00e9tes\u00edtm\u00e9nyek szabadt\u00e9rben elhelyezhet\u0151 villamos fogyaszt\u00e1sm\u00e9r\u0151 szekr\u00e9nye, [&hellip;]\" \/>\n<meta property=\"og:url\" content=\"https:\/\/www.kontakt-elektro.hu\/hu\/gyartasi-megoldasok\/fogyasztasmero-szekrenyek\/kombi\/\" \/>\n<meta property=\"og:site_name\" content=\"Kontakt Elektro\" \/>\n<meta property=\"article:publisher\" content=\"https:\/\/www.facebook.com\/KONTAKT.Elektro.Kft\/\" \/>\n<meta property=\"article:modified_time\" content=\"2021-08-04T13:29:20+00:00\" \/>\n<meta property=\"og:image\" content=\"https:\/\/www.kontakt-elektro.hu\/wp-content\/uploads\/2021\/05\/Kontakt-Elektro.jpg\" \/>\n\t<meta property=\"og:image:width\" content=\"1200\" \/>\n\t<meta property=\"og:image:height\" content=\"630\" \/>\n\t<meta property=\"og:image:type\" content=\"image\/jpeg\" \/>\n<meta name=\"twitter:card\" content=\"summary_large_image\" \/>\n<meta name=\"twitter:label1\" content=\"Becs\u00fclt olvas\u00e1si id\u0151\" \/>\n\t<meta name=\"twitter:data1\" content=\"1 perc\" \/>\n<script type=\"application\/ld+json\" class=\"yoast-schema-graph\">{\"@context\":\"https:\\\/\\\/schema.org\",\"@graph\":[{\"@type\":\"WebPage\",\"@id\":\"https:\\\/\\\/www.kontakt-elektro.hu\\\/hu\\\/gyartasi-megoldasok\\\/fogyasztasmero-szekrenyek\\\/kombi\\\/\",\"url\":\"https:\\\/\\\/www.kontakt-elektro.hu\\\/hu\\\/gyartasi-megoldasok\\\/fogyasztasmero-szekrenyek\\\/kombi\\\/\",\"name\":\"Kombi - Kontakt Elektro\",\"isPartOf\":{\"@id\":\"https:\\\/\\\/www.kontakt-elektro.hu\\\/en\\\/#website\"},\"datePublished\":\"2020-09-22T15:22:21+00:00\",\"dateModified\":\"2021-08-04T13:29:20+00:00\",\"breadcrumb\":{\"@id\":\"https:\\\/\\\/www.kontakt-elektro.hu\\\/hu\\\/gyartasi-megoldasok\\\/fogyasztasmero-szekrenyek\\\/kombi\\\/#breadcrumb\"},\"inLanguage\":\"hu\",\"potentialAction\":[{\"@type\":\"ReadAction\",\"target\":[\"https:\\\/\\\/www.kontakt-elektro.hu\\\/hu\\\/gyartasi-megoldasok\\\/fogyasztasmero-szekrenyek\\\/kombi\\\/\"]}]},{\"@type\":\"BreadcrumbList\",\"@id\":\"https:\\\/\\\/www.kontakt-elektro.hu\\\/hu\\\/gyartasi-megoldasok\\\/fogyasztasmero-szekrenyek\\\/kombi\\\/#breadcrumb\",\"itemListElement\":[{\"@type\":\"ListItem\",\"position\":1,\"name\":\"kezd\u0151lap\",\"item\":\"https:\\\/\\\/www.kontakt-elektro.hu\\\/hu\\\/\"},{\"@type\":\"ListItem\",\"position\":2,\"name\":\"Gy\u00e1rt\u00e1si megold\u00e1sok\",\"item\":\"https:\\\/\\\/www.kontakt-elektro.hu\\\/hu\\\/gyartasi-megoldasok\\\/\"},{\"@type\":\"ListItem\",\"position\":3,\"name\":\"Fogyaszt\u00e1sm\u00e9r\u0151 szekr\u00e9nyek\",\"item\":\"https:\\\/\\\/www.kontakt-elektro.hu\\\/hu\\\/gyartasi-megoldasok\\\/fogyasztasmero-szekrenyek\\\/\"},{\"@type\":\"ListItem\",\"position\":4,\"name\":\"Kombi\"}]},{\"@type\":\"WebSite\",\"@id\":\"https:\\\/\\\/www.kontakt-elektro.hu\\\/en\\\/#website\",\"url\":\"https:\\\/\\\/www.kontakt-elektro.hu\\\/en\\\/\",\"name\":\"Kontakt Elektro\",\"description\":\"\",\"publisher\":{\"@id\":\"https:\\\/\\\/www.kontakt-elektro.hu\\\/en\\\/#organization\"},\"potentialAction\":[{\"@type\":\"SearchAction\",\"target\":{\"@type\":\"EntryPoint\",\"urlTemplate\":\"https:\\\/\\\/www.kontakt-elektro.hu\\\/en\\\/?s={search_term_string}\"},\"query-input\":{\"@type\":\"PropertyValueSpecification\",\"valueRequired\":true,\"valueName\":\"search_term_string\"}}],\"inLanguage\":\"hu\"},{\"@type\":\"Organization\",\"@id\":\"https:\\\/\\\/www.kontakt-elektro.hu\\\/en\\\/#organization\",\"name\":\"Kontakt Elektro\",\"url\":\"https:\\\/\\\/www.kontakt-elektro.hu\\\/en\\\/\",\"logo\":{\"@type\":\"ImageObject\",\"inLanguage\":\"hu\",\"@id\":\"https:\\\/\\\/www.kontakt-elektro.hu\\\/en\\\/#\\\/schema\\\/logo\\\/image\\\/\",\"url\":\"https:\\\/\\\/www.kontakt-elektro.hu\\\/wp-content\\\/uploads\\\/2021\\\/05\\\/Kontakt-Elektro.jpg\",\"contentUrl\":\"https:\\\/\\\/www.kontakt-elektro.hu\\\/wp-content\\\/uploads\\\/2021\\\/05\\\/Kontakt-Elektro.jpg\",\"width\":1200,\"height\":630,\"caption\":\"Kontakt Elektro\"},\"image\":{\"@id\":\"https:\\\/\\\/www.kontakt-elektro.hu\\\/en\\\/#\\\/schema\\\/logo\\\/image\\\/\"},\"sameAs\":[\"https:\\\/\\\/www.facebook.com\\\/KONTAKT.Elektro.Kft\\\/\",\"https:\\\/\\\/www.linkedin.com\\\/company\\\/kontakt-elektro-ltd.\"]}]}<\/script>\n<!-- \/ Yoast SEO plugin. -->","yoast_head_json":{"title":"Kombi - Kontakt Elektro","robots":{"index":"index","follow":"follow","max-snippet":"max-snippet:-1","max-image-preview":"max-image-preview:large","max-video-preview":"max-video-preview:-1"},"canonical":"https:\/\/www.kontakt-elektro.hu\/hu\/gyartasi-megoldasok\/fogyasztasmero-szekrenyek\/kombi\/","og_locale":"hu_HU","og_type":"article","og_title":"Kombi - Kontakt Elektro","og_description":"[vc_row row_height_percent=&#8221;0&#8243; override_padding=&#8221;yes&#8221; h_padding=&#8221;2&#8243; top_padding=&#8221;2&#8243; bottom_padding=&#8221;2&#8243; overlay_alpha=&#8221;50&#8243; gutter_size=&#8221;3&#8243; column_width_percent=&#8221;100&#8243; shift_y=&#8221;0&#8243; z_index=&#8221;0&#8243;][vc_column width=&#8221;2\/3&#8243;][vc_column_text]Kialak\u00edt\u00e1sa: Kihelyezett ipari l\u00e9tes\u00edtm\u00e9nyek szabadt\u00e9rben elhelyezhet\u0151 villamos fogyaszt\u00e1sm\u00e9r\u0151 szekr\u00e9nye, [&hellip;]","og_url":"https:\/\/www.kontakt-elektro.hu\/hu\/gyartasi-megoldasok\/fogyasztasmero-szekrenyek\/kombi\/","og_site_name":"Kontakt Elektro","article_publisher":"https:\/\/www.facebook.com\/KONTAKT.Elektro.Kft\/","article_modified_time":"2021-08-04T13:29:20+00:00","og_image":[{"width":1200,"height":630,"url":"https:\/\/www.kontakt-elektro.hu\/wp-content\/uploads\/2021\/05\/Kontakt-Elektro.jpg","type":"image\/jpeg"}],"twitter_card":"summary_large_image","twitter_misc":{"Becs\u00fclt olvas\u00e1si id\u0151":"1 perc"},"schema":{"@context":"https:\/\/schema.org","@graph":[{"@type":"WebPage","@id":"https:\/\/www.kontakt-elektro.hu\/hu\/gyartasi-megoldasok\/fogyasztasmero-szekrenyek\/kombi\/","url":"https:\/\/www.kontakt-elektro.hu\/hu\/gyartasi-megoldasok\/fogyasztasmero-szekrenyek\/kombi\/","name":"Kombi - Kontakt Elektro","isPartOf":{"@id":"https:\/\/www.kontakt-elektro.hu\/en\/#website"},"datePublished":"2020-09-22T15:22:21+00:00","dateModified":"2021-08-04T13:29:20+00:00","breadcrumb":{"@id":"https:\/\/www.kontakt-elektro.hu\/hu\/gyartasi-megoldasok\/fogyasztasmero-szekrenyek\/kombi\/#breadcrumb"},"inLanguage":"hu","potentialAction":[{"@type":"ReadAction","target":["https:\/\/www.kontakt-elektro.hu\/hu\/gyartasi-megoldasok\/fogyasztasmero-szekrenyek\/kombi\/"]}]},{"@type":"BreadcrumbList","@id":"https:\/\/www.kontakt-elektro.hu\/hu\/gyartasi-megoldasok\/fogyasztasmero-szekrenyek\/kombi\/#breadcrumb","itemListElement":[{"@type":"ListItem","position":1,"name":"kezd\u0151lap","item":"https:\/\/www.kontakt-elektro.hu\/hu\/"},{"@type":"ListItem","position":2,"name":"Gy\u00e1rt\u00e1si megold\u00e1sok","item":"https:\/\/www.kontakt-elektro.hu\/hu\/gyartasi-megoldasok\/"},{"@type":"ListItem","position":3,"name":"Fogyaszt\u00e1sm\u00e9r\u0151 szekr\u00e9nyek","item":"https:\/\/www.kontakt-elektro.hu\/hu\/gyartasi-megoldasok\/fogyasztasmero-szekrenyek\/"},{"@type":"ListItem","position":4,"name":"Kombi"}]},{"@type":"WebSite","@id":"https:\/\/www.kontakt-elektro.hu\/en\/#website","url":"https:\/\/www.kontakt-elektro.hu\/en\/","name":"Kontakt Elektro","description":"","publisher":{"@id":"https:\/\/www.kontakt-elektro.hu\/en\/#organization"},"potentialAction":[{"@type":"SearchAction","target":{"@type":"EntryPoint","urlTemplate":"https:\/\/www.kontakt-elektro.hu\/en\/?s={search_term_string}"},"query-input":{"@type":"PropertyValueSpecification","valueRequired":true,"valueName":"search_term_string"}}],"inLanguage":"hu"},{"@type":"Organization","@id":"https:\/\/www.kontakt-elektro.hu\/en\/#organization","name":"Kontakt Elektro","url":"https:\/\/www.kontakt-elektro.hu\/en\/","logo":{"@type":"ImageObject","inLanguage":"hu","@id":"https:\/\/www.kontakt-elektro.hu\/en\/#\/schema\/logo\/image\/","url":"https:\/\/www.kontakt-elektro.hu\/wp-content\/uploads\/2021\/05\/Kontakt-Elektro.jpg","contentUrl":"https:\/\/www.kontakt-elektro.hu\/wp-content\/uploads\/2021\/05\/Kontakt-Elektro.jpg","width":1200,"height":630,"caption":"Kontakt Elektro"},"image":{"@id":"https:\/\/www.kontakt-elektro.hu\/en\/#\/schema\/logo\/image\/"},"sameAs":["https:\/\/www.facebook.com\/KONTAKT.Elektro.Kft\/","https:\/\/www.linkedin.com\/company\/kontakt-elektro-ltd."]}]}},"_links":{"self":[{"href":"https:\/\/www.kontakt-elektro.hu\/hu\/wp-json\/wp\/v2\/pages\/83604","targetHints":{"allow":["GET"]}}],"collection":[{"href":"https:\/\/www.kontakt-elektro.hu\/hu\/wp-json\/wp\/v2\/pages"}],"about":[{"href":"https:\/\/www.kontakt-elektro.hu\/hu\/wp-json\/wp\/v2\/types\/page"}],"author":[{"embeddable":true,"href":"https:\/\/www.kontakt-elektro.hu\/hu\/wp-json\/wp\/v2\/users\/4"}],"replies":[{"embeddable":true,"href":"https:\/\/www.kontakt-elektro.hu\/hu\/wp-json\/wp\/v2\/comments?post=83604"}],"version-history":[{"count":0,"href":"https:\/\/www.kontakt-elektro.hu\/hu\/wp-json\/wp\/v2\/pages\/83604\/revisions"}],"up":[{"embeddable":true,"href":"https:\/\/www.kontakt-elektro.hu\/hu\/wp-json\/wp\/v2\/pages\/481"}],"wp:attachment":[{"href":"https:\/\/www.kontakt-elektro.hu\/hu\/wp-json\/wp\/v2\/media?parent=83604"}],"curies":[{"name":"wp","href":"https:\/\/api.w.org\/{rel}","templated":true}]}}