{"id":485,"date":"2020-07-01T11:55:12","date_gmt":"2020-07-01T09:55:12","guid":{"rendered":"http:\/\/www.kontakt-elektro.hu\/?page_id=485"},"modified":"2021-05-18T08:16:30","modified_gmt":"2021-05-18T06:16:30","slug":"uniport","status":"publish","type":"page","link":"https:\/\/www.kontakt-elektro.hu\/hu\/gyartasi-megoldasok\/fogyasztasmero-szekrenyek\/uniport\/","title":{"rendered":"Uniport"},"content":{"rendered":"<div class=\"wpb-content-wrapper\"><p>[vc_row row_height_percent=&#8221;0&#8243; override_padding=&#8221;yes&#8221; h_padding=&#8221;2&#8243; top_padding=&#8221;2&#8243; bottom_padding=&#8221;3&#8243; overlay_alpha=&#8221;50&#8243; gutter_size=&#8221;3&#8243; column_width_percent=&#8221;100&#8243; shift_y=&#8221;0&#8243; z_index=&#8221;0&#8243;][vc_column width=&#8221;2\/3&#8243;][vc_column_text]<strong>UNIPORT, telekhat\u00e1rra-ker\u00edt\u00e9sbe telep\u00edthet\u0151 fogyaszt\u00e1sm\u00e9r\u0151 szekr\u00e9ny.\u00a0<\/strong>[\/vc_column_text][vc_column_text]<strong>Alkalmaz\u00e1si ter\u00fclet:<\/strong><\/p>\n<p>Csal\u00e1di h\u00e1zak, lak\u00f3parkok vill\u00e1k irod\u00e1k \u00fczletek fogyaszt\u00e1sm\u00e9r\u00e9se. Magas eszt\u00e9tikai ig\u00e9nyek kiel\u00e9g\u00edt\u00e9s\u00e9re.<\/p>\n<p><strong>Kivitel:<\/strong><\/p>\n<p>1 ill. 2 m\u00e9r\u0151helyes, 1&#215;3 f\u00e1zis\u00fa, 2&#215;3 f\u00e1zis\u00fa v. 1&#215;1- ill. 3 f\u00e1zis\u00fa + vez\u00e9relt fogyaszt\u00e1sm\u00e9r\u00e9s.<\/p>\n<p>A fogyaszt\u00e1sm\u00e9r\u0151 szekr\u00e9ny anyaga: 1.4301 min\u0151s\u00e9gi jel\u0171 nemesac\u00e9l Lv=1,5 mm lemez. Az alapkivitel\u0171 szekr\u00e9ny k\u00e9t oldalr\u00f3l nyithat\u00f3. Az utca fel\u0151li oldala-k\u00fcl\u00f6n z\u00e1rhat\u00f3 ajt\u00f3s \u00c1SZ mez\u0151 tartalmazza a m\u00e9retlen fogyaszt\u00f3i csatlakoz\u00e1si pontot, az elmen\u0151 sorkapcsokkal, \u00e9s sz\u00fcks\u00e9g szerinti biztos\u00edt\u00f3kkal. Az \u00c1SZ-i oldalon a B t\u00edpus\u00fa t\u00falfesz\u00fclts\u00e9g v\u00e9delem egyszer\u0171en telep\u00edthet\u0151, mivel annak helye el\u0151re kialak\u00edt\u00e1sra ker\u00fclt. A telekhat\u00e1ron bel\u00fcli oldalon kapnak helyet a gyenge\u00e1ram\u00fa szolg\u00e1ltat\u00f3k. Itt ker\u00fclt elhelyez\u00e9sre 1 db 230 V-os IP 54 v\u00e9detts\u00e9g\u0171 dugaszol\u00f3 aljzat, mely f\u0171ny\u00edr\u00f3, kerti szivatty\u00fa, hosszabb\u00edt\u00f3 stb. csatlakoztat\u00e1s\u00e1ra alkalmas. A b\u0151v\u00edtett kivitel\u0171 szekr\u00e9ny fels\u0151 r\u00e9sz\u00e9ben telep\u00edthet\u0151 a kaputelefon illetve a nagym\u00e9ret\u0171 postal\u00e1da. A postal\u00e1da bels\u0151 oldal\u00e1n k\u00fcl\u00f6n ajt\u00f3val nyithat\u00f3, \u00e9s a lev\u00e9l \u00e9rkez\u00e9sekor villog\u00f3-ledes f\u00e9nyjelz\u00e9st ad. Betonalapoz\u00e1s eset\u00e9n csavaroz\u00e1ssal r\u00f6gz\u00edthet\u0151. A szekr\u00e9nyt opcion\u00e1lisan 600 mm-es be\u00e1shat\u00f3 l\u00e1bazattal sz\u00e1ll\u00edtjuk, ebben az esetben nincs sz\u00fcks\u00e9g betonalapoz\u00e1sra. A szekr\u00e9ny nagy el\u0151nye hogy, ideiglenes v\u00e9telez\u00e9sre is alkalmas.[\/vc_column_text][vc_empty_space][vc_button button_color=&#8221;color-775258&#8243; radius=&#8221;btn-circle&#8221; border_width=&#8221;0&#8243; icon_position=&#8221;right&#8221; display=&#8221;inline&#8221; icon=&#8221;fa fa-print&#8221; link=&#8221;url:http%3A%2F%2Fwww.kontakt-elektro.hu%2Fwp-content%2Fuploads%2F2021%2F02%2FCsoportos-fogyasztasmero-szekreny-prosi.pdf|target:_blank&#8221; width=&#8221;250&#8243; el_class=&#8221;btn&#8211;primary&#8221;]Fogyaszt\u00e1sm\u00e9r\u0151 katal\u00f3gus[\/vc_button][vc_button button_color=&#8221;color-775258&#8243; radius=&#8221;btn-circle&#8221; border_width=&#8221;0&#8243; icon_position=&#8221;right&#8221; display=&#8221;inline&#8221; icon=&#8221;fa fa-print&#8221; link=&#8221;url:http%3A%2F%2Fwww.kontakt-elektro.hu%2Fwp-content%2Fuploads%2F2021%2F02%2FRendszerengedelyek-2021.pdf|target:_blank&#8221; width=&#8221;250&#8243; el_class=&#8221;btn&#8211;primary&#8221;]Rendszerenged\u00e9ly let\u00f6lt\u00e9se[\/vc_button][\/vc_column][vc_column column_width_percent=&#8221;100&#8243; gutter_size=&#8221;3&#8243; overlay_alpha=&#8221;50&#8243; shift_x=&#8221;0&#8243; shift_y=&#8221;0&#8243; shift_y_down=&#8221;0&#8243; z_index=&#8221;0&#8243; medium_width=&#8221;0&#8243; mobile_width=&#8221;0&#8243; width=&#8221;1\/3&#8243;][vc_gallery el_id=&#8221;gallery-135544&#8243; medias=&#8221;82998,82997&#8243; gutter_size=&#8221;2&#8243; screen_lg=&#8221;1000&#8243; screen_md=&#8221;600&#8243; screen_sm=&#8221;480&#8243; single_width=&#8221;12&#8243; single_overlay_color=&#8221;color-jevc&#8221; single_overlay_coloration=&#8221;bottom_gradient&#8221; single_overlay_opacity=&#8221;50&#8243; single_h_align=&#8221;center&#8221; single_v_position=&#8221;bottom&#8221; single_padding=&#8221;1&#8243; single_title_dimension=&#8221;&#8221; single_icon=&#8221;fa fa-zoom-in&#8221; single_border=&#8221;yes&#8221;][\/vc_column][\/vc_row][vc_row unlock_row_content=&#8221;yes&#8221; row_height_percent=&#8221;0&#8243; override_padding=&#8221;yes&#8221; h_padding=&#8221;0&#8243; top_padding=&#8221;2&#8243; bottom_padding=&#8221;2&#8243; overlay_alpha=&#8221;50&#8243; gutter_size=&#8221;3&#8243; column_width_percent=&#8221;100&#8243; shift_y=&#8221;0&#8243; z_index=&#8221;0&#8243;][vc_column width=&#8221;1\/1&#8243;][uncode_block id=&#8221;83020&#8243;][\/vc_column][\/vc_row]<\/p>\n<\/div>","protected":false},"excerpt":{"rendered":"<p>[vc_row row_height_percent=&#8221;0&#8243; override_padding=&#8221;yes&#8221; h_padding=&#8221;2&#8243; top_padding=&#8221;2&#8243; bottom_padding=&#8221;3&#8243; overlay_alpha=&#8221;50&#8243; gutter_size=&#8221;3&#8243; column_width_percent=&#8221;100&#8243; shift_y=&#8221;0&#8243; z_index=&#8221;0&#8243;][vc_column width=&#8221;2\/3&#8243;][vc_column_text]UNIPORT, telekhat\u00e1rra-ker\u00edt\u00e9sbe telep\u00edthet\u0151 fogyaszt\u00e1sm\u00e9r\u0151 szekr\u00e9ny.\u00a0[\/vc_column_text][vc_column_text]Alkalmaz\u00e1si ter\u00fclet: Csal\u00e1di h\u00e1zak, lak\u00f3parkok [&hellip;]<\/p>\n","protected":false},"author":2,"featured_media":0,"parent":481,"menu_order":0,"comment_status":"closed","ping_status":"closed","template":"","meta":{"_acf_changed":false,"footnotes":""},"class_list":["post-485","page","type-page","status-publish","hentry","page_category-fogyasztasmero-szekrenyek"],"acf":[],"yoast_head":"<!-- This site is optimized with the Yoast SEO plugin v27.5 - https:\/\/yoast.com\/product\/yoast-seo-wordpress\/ -->\n<title>Uniport - Kontakt Elektro<\/title>\n<meta name=\"robots\" content=\"index, follow, max-snippet:-1, max-image-preview:large, max-video-preview:-1\" \/>\n<link rel=\"canonical\" href=\"https:\/\/www.kontakt-elektro.hu\/gyartasi-megoldasok\/fogyasztasmero-szekrenyek\/uniport\/\" \/>\n<meta property=\"og:locale\" content=\"hu_HU\" \/>\n<meta property=\"og:type\" content=\"article\" \/>\n<meta property=\"og:title\" content=\"Uniport - Kontakt Elektro\" \/>\n<meta property=\"og:description\" content=\"[vc_row row_height_percent=&#8221;0&#8243; override_padding=&#8221;yes&#8221; h_padding=&#8221;2&#8243; top_padding=&#8221;2&#8243; bottom_padding=&#8221;3&#8243; overlay_alpha=&#8221;50&#8243; gutter_size=&#8221;3&#8243; column_width_percent=&#8221;100&#8243; shift_y=&#8221;0&#8243; z_index=&#8221;0&#8243;][vc_column width=&#8221;2\/3&#8243;][vc_column_text]UNIPORT, telekhat\u00e1rra-ker\u00edt\u00e9sbe telep\u00edthet\u0151 fogyaszt\u00e1sm\u00e9r\u0151 szekr\u00e9ny.\u00a0[\/vc_column_text][vc_column_text]Alkalmaz\u00e1si ter\u00fclet: Csal\u00e1di h\u00e1zak, lak\u00f3parkok [&hellip;]\" \/>\n<meta property=\"og:url\" content=\"https:\/\/www.kontakt-elektro.hu\/gyartasi-megoldasok\/fogyasztasmero-szekrenyek\/uniport\/\" \/>\n<meta property=\"og:site_name\" content=\"Kontakt Elektro\" \/>\n<meta property=\"article:publisher\" content=\"https:\/\/www.facebook.com\/KONTAKT.Elektro.Kft\/\" \/>\n<meta property=\"article:modified_time\" content=\"2021-05-18T06:16:30+00:00\" \/>\n<meta property=\"og:image\" content=\"https:\/\/www.kontakt-elektro.hu\/wp-content\/uploads\/2021\/05\/Kontakt-Elektro.jpg\" \/>\n\t<meta property=\"og:image:width\" content=\"1200\" \/>\n\t<meta property=\"og:image:height\" content=\"630\" \/>\n\t<meta property=\"og:image:type\" content=\"image\/jpeg\" \/>\n<meta name=\"twitter:card\" content=\"summary_large_image\" \/>\n<meta name=\"twitter:label1\" content=\"Becs\u00fclt olvas\u00e1si id\u0151\" \/>\n\t<meta name=\"twitter:data1\" content=\"3 perc\" \/>\n<script type=\"application\/ld+json\" class=\"yoast-schema-graph\">{\"@context\":\"https:\\\/\\\/schema.org\",\"@graph\":[{\"@type\":\"WebPage\",\"@id\":\"https:\\\/\\\/www.kontakt-elektro.hu\\\/gyartasi-megoldasok\\\/fogyasztasmero-szekrenyek\\\/uniport\\\/\",\"url\":\"https:\\\/\\\/www.kontakt-elektro.hu\\\/gyartasi-megoldasok\\\/fogyasztasmero-szekrenyek\\\/uniport\\\/\",\"name\":\"Uniport - Kontakt Elektro\",\"isPartOf\":{\"@id\":\"https:\\\/\\\/www.kontakt-elektro.hu\\\/#website\"},\"datePublished\":\"2020-07-01T09:55:12+00:00\",\"dateModified\":\"2021-05-18T06:16:30+00:00\",\"breadcrumb\":{\"@id\":\"https:\\\/\\\/www.kontakt-elektro.hu\\\/gyartasi-megoldasok\\\/fogyasztasmero-szekrenyek\\\/uniport\\\/#breadcrumb\"},\"inLanguage\":\"hu\",\"potentialAction\":[{\"@type\":\"ReadAction\",\"target\":[\"https:\\\/\\\/www.kontakt-elektro.hu\\\/gyartasi-megoldasok\\\/fogyasztasmero-szekrenyek\\\/uniport\\\/\"]}]},{\"@type\":\"BreadcrumbList\",\"@id\":\"https:\\\/\\\/www.kontakt-elektro.hu\\\/gyartasi-megoldasok\\\/fogyasztasmero-szekrenyek\\\/uniport\\\/#breadcrumb\",\"itemListElement\":[{\"@type\":\"ListItem\",\"position\":1,\"name\":\"kezd\u0151lap\",\"item\":\"https:\\\/\\\/www.kontakt-elektro.hu\\\/\"},{\"@type\":\"ListItem\",\"position\":2,\"name\":\"Gy\u00e1rt\u00e1si megold\u00e1sok\",\"item\":\"https:\\\/\\\/www.kontakt-elektro.hu\\\/gyartasi-megoldasok\\\/\"},{\"@type\":\"ListItem\",\"position\":3,\"name\":\"Fogyaszt\u00e1sm\u00e9r\u0151 szekr\u00e9nyek\",\"item\":\"https:\\\/\\\/www.kontakt-elektro.hu\\\/gyartasi-megoldasok\\\/fogyasztasmero-szekrenyek\\\/\"},{\"@type\":\"ListItem\",\"position\":4,\"name\":\"Uniport\"}]},{\"@type\":\"WebSite\",\"@id\":\"https:\\\/\\\/www.kontakt-elektro.hu\\\/#website\",\"url\":\"https:\\\/\\\/www.kontakt-elektro.hu\\\/\",\"name\":\"Kontakt Elektro\",\"description\":\"\",\"publisher\":{\"@id\":\"https:\\\/\\\/www.kontakt-elektro.hu\\\/#organization\"},\"potentialAction\":[{\"@type\":\"SearchAction\",\"target\":{\"@type\":\"EntryPoint\",\"urlTemplate\":\"https:\\\/\\\/www.kontakt-elektro.hu\\\/?s={search_term_string}\"},\"query-input\":{\"@type\":\"PropertyValueSpecification\",\"valueRequired\":true,\"valueName\":\"search_term_string\"}}],\"inLanguage\":\"hu\"},{\"@type\":\"Organization\",\"@id\":\"https:\\\/\\\/www.kontakt-elektro.hu\\\/#organization\",\"name\":\"Kontakt Elektro\",\"url\":\"https:\\\/\\\/www.kontakt-elektro.hu\\\/\",\"logo\":{\"@type\":\"ImageObject\",\"inLanguage\":\"hu\",\"@id\":\"https:\\\/\\\/www.kontakt-elektro.hu\\\/#\\\/schema\\\/logo\\\/image\\\/\",\"url\":\"https:\\\/\\\/www.kontakt-elektro.hu\\\/wp-content\\\/uploads\\\/2021\\\/05\\\/Kontakt-Elektro.jpg\",\"contentUrl\":\"https:\\\/\\\/www.kontakt-elektro.hu\\\/wp-content\\\/uploads\\\/2021\\\/05\\\/Kontakt-Elektro.jpg\",\"width\":1200,\"height\":630,\"caption\":\"Kontakt Elektro\"},\"image\":{\"@id\":\"https:\\\/\\\/www.kontakt-elektro.hu\\\/#\\\/schema\\\/logo\\\/image\\\/\"},\"sameAs\":[\"https:\\\/\\\/www.facebook.com\\\/KONTAKT.Elektro.Kft\\\/\",\"https:\\\/\\\/www.linkedin.com\\\/company\\\/kontakt-elektro-ltd.\"]}]}<\/script>\n<!-- \/ Yoast SEO plugin. -->","yoast_head_json":{"title":"Uniport - Kontakt Elektro","robots":{"index":"index","follow":"follow","max-snippet":"max-snippet:-1","max-image-preview":"max-image-preview:large","max-video-preview":"max-video-preview:-1"},"canonical":"https:\/\/www.kontakt-elektro.hu\/gyartasi-megoldasok\/fogyasztasmero-szekrenyek\/uniport\/","og_locale":"hu_HU","og_type":"article","og_title":"Uniport - Kontakt Elektro","og_description":"[vc_row row_height_percent=&#8221;0&#8243; override_padding=&#8221;yes&#8221; h_padding=&#8221;2&#8243; top_padding=&#8221;2&#8243; bottom_padding=&#8221;3&#8243; overlay_alpha=&#8221;50&#8243; gutter_size=&#8221;3&#8243; column_width_percent=&#8221;100&#8243; shift_y=&#8221;0&#8243; z_index=&#8221;0&#8243;][vc_column width=&#8221;2\/3&#8243;][vc_column_text]UNIPORT, telekhat\u00e1rra-ker\u00edt\u00e9sbe telep\u00edthet\u0151 fogyaszt\u00e1sm\u00e9r\u0151 szekr\u00e9ny.\u00a0[\/vc_column_text][vc_column_text]Alkalmaz\u00e1si ter\u00fclet: Csal\u00e1di h\u00e1zak, lak\u00f3parkok [&hellip;]","og_url":"https:\/\/www.kontakt-elektro.hu\/gyartasi-megoldasok\/fogyasztasmero-szekrenyek\/uniport\/","og_site_name":"Kontakt Elektro","article_publisher":"https:\/\/www.facebook.com\/KONTAKT.Elektro.Kft\/","article_modified_time":"2021-05-18T06:16:30+00:00","og_image":[{"width":1200,"height":630,"url":"https:\/\/www.kontakt-elektro.hu\/wp-content\/uploads\/2021\/05\/Kontakt-Elektro.jpg","type":"image\/jpeg"}],"twitter_card":"summary_large_image","twitter_misc":{"Becs\u00fclt olvas\u00e1si id\u0151":"3 perc"},"schema":{"@context":"https:\/\/schema.org","@graph":[{"@type":"WebPage","@id":"https:\/\/www.kontakt-elektro.hu\/gyartasi-megoldasok\/fogyasztasmero-szekrenyek\/uniport\/","url":"https:\/\/www.kontakt-elektro.hu\/gyartasi-megoldasok\/fogyasztasmero-szekrenyek\/uniport\/","name":"Uniport - Kontakt Elektro","isPartOf":{"@id":"https:\/\/www.kontakt-elektro.hu\/#website"},"datePublished":"2020-07-01T09:55:12+00:00","dateModified":"2021-05-18T06:16:30+00:00","breadcrumb":{"@id":"https:\/\/www.kontakt-elektro.hu\/gyartasi-megoldasok\/fogyasztasmero-szekrenyek\/uniport\/#breadcrumb"},"inLanguage":"hu","potentialAction":[{"@type":"ReadAction","target":["https:\/\/www.kontakt-elektro.hu\/gyartasi-megoldasok\/fogyasztasmero-szekrenyek\/uniport\/"]}]},{"@type":"BreadcrumbList","@id":"https:\/\/www.kontakt-elektro.hu\/gyartasi-megoldasok\/fogyasztasmero-szekrenyek\/uniport\/#breadcrumb","itemListElement":[{"@type":"ListItem","position":1,"name":"kezd\u0151lap","item":"https:\/\/www.kontakt-elektro.hu\/"},{"@type":"ListItem","position":2,"name":"Gy\u00e1rt\u00e1si megold\u00e1sok","item":"https:\/\/www.kontakt-elektro.hu\/gyartasi-megoldasok\/"},{"@type":"ListItem","position":3,"name":"Fogyaszt\u00e1sm\u00e9r\u0151 szekr\u00e9nyek","item":"https:\/\/www.kontakt-elektro.hu\/gyartasi-megoldasok\/fogyasztasmero-szekrenyek\/"},{"@type":"ListItem","position":4,"name":"Uniport"}]},{"@type":"WebSite","@id":"https:\/\/www.kontakt-elektro.hu\/#website","url":"https:\/\/www.kontakt-elektro.hu\/","name":"Kontakt Elektro","description":"","publisher":{"@id":"https:\/\/www.kontakt-elektro.hu\/#organization"},"potentialAction":[{"@type":"SearchAction","target":{"@type":"EntryPoint","urlTemplate":"https:\/\/www.kontakt-elektro.hu\/?s={search_term_string}"},"query-input":{"@type":"PropertyValueSpecification","valueRequired":true,"valueName":"search_term_string"}}],"inLanguage":"hu"},{"@type":"Organization","@id":"https:\/\/www.kontakt-elektro.hu\/#organization","name":"Kontakt Elektro","url":"https:\/\/www.kontakt-elektro.hu\/","logo":{"@type":"ImageObject","inLanguage":"hu","@id":"https:\/\/www.kontakt-elektro.hu\/#\/schema\/logo\/image\/","url":"https:\/\/www.kontakt-elektro.hu\/wp-content\/uploads\/2021\/05\/Kontakt-Elektro.jpg","contentUrl":"https:\/\/www.kontakt-elektro.hu\/wp-content\/uploads\/2021\/05\/Kontakt-Elektro.jpg","width":1200,"height":630,"caption":"Kontakt Elektro"},"image":{"@id":"https:\/\/www.kontakt-elektro.hu\/#\/schema\/logo\/image\/"},"sameAs":["https:\/\/www.facebook.com\/KONTAKT.Elektro.Kft\/","https:\/\/www.linkedin.com\/company\/kontakt-elektro-ltd."]}]}},"_links":{"self":[{"href":"https:\/\/www.kontakt-elektro.hu\/hu\/wp-json\/wp\/v2\/pages\/485","targetHints":{"allow":["GET"]}}],"collection":[{"href":"https:\/\/www.kontakt-elektro.hu\/hu\/wp-json\/wp\/v2\/pages"}],"about":[{"href":"https:\/\/www.kontakt-elektro.hu\/hu\/wp-json\/wp\/v2\/types\/page"}],"author":[{"embeddable":true,"href":"https:\/\/www.kontakt-elektro.hu\/hu\/wp-json\/wp\/v2\/users\/2"}],"replies":[{"embeddable":true,"href":"https:\/\/www.kontakt-elektro.hu\/hu\/wp-json\/wp\/v2\/comments?post=485"}],"version-history":[{"count":0,"href":"https:\/\/www.kontakt-elektro.hu\/hu\/wp-json\/wp\/v2\/pages\/485\/revisions"}],"up":[{"embeddable":true,"href":"https:\/\/www.kontakt-elektro.hu\/hu\/wp-json\/wp\/v2\/pages\/481"}],"wp:attachment":[{"href":"https:\/\/www.kontakt-elektro.hu\/hu\/wp-json\/wp\/v2\/media?parent=485"}],"curies":[{"name":"wp","href":"https:\/\/api.w.org\/{rel}","templated":true}]}}