{"id":483,"date":"2020-07-01T11:52:45","date_gmt":"2020-07-01T09:52:45","guid":{"rendered":"http:\/\/www.kontakt-elektro.hu\/?page_id=483"},"modified":"2021-05-31T13:15:32","modified_gmt":"2021-05-31T11:15:32","slug":"csoportos","status":"publish","type":"page","link":"https:\/\/www.kontakt-elektro.hu\/hu\/gyartasi-megoldasok\/fogyasztasmero-szekrenyek\/csoportos\/","title":{"rendered":"Csoportos"},"content":{"rendered":"<div class=\"wpb-content-wrapper\"><p>[vc_row row_height_percent=&#8221;0&#8243; override_padding=&#8221;yes&#8221; h_padding=&#8221;2&#8243; top_padding=&#8221;2&#8243; bottom_padding=&#8221;3&#8243; overlay_alpha=&#8221;50&#8243; gutter_size=&#8221;3&#8243; column_width_percent=&#8221;100&#8243; shift_y=&#8221;0&#8243; z_index=&#8221;0&#8243;][vc_column width=&#8221;2\/3&#8243;][vc_column_text]<strong>CSOPORTOS fogyaszt\u00e1sm\u00e9r\u0151 szekr\u00e9nyek csal\u00e1d ( KFM ) belt\u00e9ri kivitelben 3 m\u00e9r\u0151helyt\u0151l <\/strong>[\/vc_column_text][vc_column_text]A KONTAKT-Elektro Kft. 2000 \u00f3ta foglalkozik fogyaszt\u00e1sm\u00e9r\u0151 szekr\u00e9nyek gy\u00e1rt\u00e1s\u00e1val. Az elm\u00falt \u00e9vtizedben a gy\u00e1rt\u00e1s minden ter\u00fclet\u00e9re kiterjedtek folyamatos fejleszt\u00e9seink. A kezdetekt\u0151l kiemelt fontoss\u00e1got tulajdon\u00edtottunk annak, hogy fogyaszt\u00e1sm\u00e9r\u0151 szekr\u00e9nyeink az \u00e9p\u00fcleteknek mind k\u00fcllembeli, mind funkcion\u00e1lis szempontb\u00f3l szerves r\u00e9sz\u00e9t k\u00e9pezz\u00e9k. A szekr\u00e9nyek k\u00fcls\u0151 kialak\u00edt\u00e1s\u00e1n\u00e1l megrendel\u0151ink ig\u00e9nyeinek megval\u00f3s\u00edt\u00e1s\u00e1ra t\u00f6reksz\u00fcnk, a be\u00e9p\u00edt\u00e9s hely\u00e9nek adotts\u00e1gait szem el\u0151tt tartva.<\/p>\n<p>Fel\u00e9p\u00edt\u00e9se : A csoportos fogyaszt\u00e1sm\u00e9r\u0151szekr\u00e9ny csal\u00e1d alapt\u00edpusai 3, 6, vagy 9 m\u00e9r\u0151helyes kialak\u00edt\u00e1s\u00faak. A bet\u00e1pl\u00e1l\u00f3 mez\u0151 tartalmazza a t\u0171zeseti f\u0151kapcsol\u00f3t, a vill\u00e1mv\u00e9delmi \u00e9s egy\u00e9b k\u00e9sz\u00fcl\u00e9keket, e mellett rendelkezik k\u00f6z\u00f6ss\u00e9gi r\u00e9sszel, fogyaszt\u00e1sm\u00e9r\u0151helyek \u00e1ramszolg\u00e1ltat\u00f3i eloszt\u00f3 r\u00e9sszel. T\u00f6bb m\u00e9r\u0151helyes ig\u00e9nyt az alapt\u00edpus kombin\u00e1ci\u00f3b\u00f3l lehet \u00f6ssze\u00e1ll\u00edtani. A fogyaszt\u00e1sm\u00e9r\u0151 t\u00e1bl\u00e1kat a fogyaszt\u00e1si helyeknek megfelel\u0151en maradand\u00f3 feliratoz\u00e1ssal l\u00e1tjuk el. H\u00e1rom vagy t\u00f6bb m\u00e9r\u0151s szekr\u00e9nyek eset\u00e9n az el\u00e1gaz\u00e1sok elk\u00e9sz\u00edt\u00e9s\u00e9re (s\u00ednez\u00e9shez) \u00e1ramszolg\u00e1ltat\u00f3i (m\u00e9retlen) mez\u0151 van kialak\u00edtva. A csoportos fogyaszt\u00e1sm\u00e9r\u0151 szekr\u00e9nyeink kieg\u00e9sz\u00edthet\u0151ek gyenge\u00e1ram\u00fa mez\u0151vel, melyben egy\u00e9b t\u00e1vk\u00f6zl\u00e9si \u00e9s k\u00e1belt\u00e9v\u00e9s k\u00e9sz\u00fcl\u00e9kek is elhelyezhet\u0151ek. A szekr\u00e9ny anyaga porsz\u00f3rt ac\u00e9llemez (IP30).[\/vc_column_text][vc_row_inner row_inner_height_percent=&#8221;0&#8243; overlay_alpha=&#8221;50&#8243; gutter_size=&#8221;0&#8243; shift_y=&#8221;0&#8243; z_index=&#8221;0&#8243; limit_content=&#8221;&#8221;][vc_column_inner width=&#8221;1\/1&#8243;][uncode_list icon=&#8221;fa fa-circle&#8221; icon_color=&#8221;color-775258&#8243; el_class=&#8221;text&#8211;listing&#8221;]<strong>Alkalmazhat\u00f3s\u00e1g<\/strong>:<\/p>\n<ul>\n<li>T\u00e1rsash\u00e1zak, \u00fczleth\u00e1zak, lak\u00f3parkok villamos fogyaszt\u00e1sm\u00e9r\u00e9s\u00e9re.<\/li>\n<\/ul>\n<p>[\/uncode_list][uncode_list icon=&#8221;fa fa-circle&#8221; icon_color=&#8221;color-775258&#8243; el_class=&#8221;text&#8211;listing&#8221;]<strong>Elhelyez\u00e9s:<\/strong><\/p>\n<ul>\n<li>Fal mell\u00e9 telep\u00edtve, falba s\u00fcllyesztve, l\u00e9pcs\u0151h\u00e1zban, alagsorban.<\/li>\n<\/ul>\n<p>[\/uncode_list][uncode_list icon=&#8221;fa fa-circle&#8221; icon_color=&#8221;color-775258&#8243; el_class=&#8221;text&#8211;listing&#8221;]<strong>El\u0151nyei:\u00a0\u00a0\u00a0\u00a0<\/strong><\/p>\n<ul>\n<li>\u00c1ramszolg\u00e1ltat\u00f3i (ELM\u0170, E.On, MVM D\u00e9m\u00e1sz, \u00c9m\u00e1sz, ) rendszerenged\u00e9llyel rendelkeznek<\/li>\n<li>Teljes k\u00f6r\u0171 dokument\u00e1l\u00e1s<\/li>\n<li>Egyedi kialak\u00edt\u00e1s<\/li>\n<li>Egyszer\u0171 szerelhet\u0151s\u00e9g<\/li>\n<li>Versenyk\u00e9pes \u00e1r<\/li>\n<li>Tervez\u0151i seg\u00e9dletek<\/li>\n<\/ul>\n<p>[\/uncode_list][vc_empty_space][\/vc_column_inner][\/vc_row_inner][vc_button button_color=&#8221;color-775258&#8243; radius=&#8221;btn-circle&#8221; border_width=&#8221;0&#8243; icon_position=&#8221;right&#8221; display=&#8221;inline&#8221; icon=&#8221;fa fa-print&#8221; link=&#8221;url:http%3A%2F%2Fwww.kontakt-elektro.hu%2Fwp-content%2Fuploads%2F2021%2F02%2FCsoportos-fogyasztasmero-szekreny-prosi.pdf|target:_blank&#8221; width=&#8221;250&#8243; el_class=&#8221;btn&#8211;primary&#8221;]Fogyaszt\u00e1sm\u00e9r\u0151 katal\u00f3gus[\/vc_button][vc_button button_color=&#8221;color-775258&#8243; radius=&#8221;btn-circle&#8221; border_width=&#8221;0&#8243; icon_position=&#8221;right&#8221; display=&#8221;inline&#8221; icon=&#8221;fa fa-print&#8221; link=&#8221;url:http%3A%2F%2Fwww.kontakt-elektro.hu%2Fwp-content%2Fuploads%2F2021%2F02%2FRendszerengedelyek-2021.pdf|target:_blank&#8221; width=&#8221;250&#8243; el_class=&#8221;btn&#8211;primary&#8221;]Rendszerenged\u00e9lyek let\u00f6lt\u00e9se[\/vc_button][\/vc_column][vc_column width=&#8221;1\/3&#8243;][vc_gallery el_id=&#8221;gallery-182239&#8243; medias=&#8221;82992,82993&#8243; gutter_size=&#8221;2&#8243; screen_lg=&#8221;1000&#8243; screen_md=&#8221;600&#8243; screen_sm=&#8221;480&#8243; single_overlay_color=&#8221;color-jevc&#8221; single_overlay_coloration=&#8221;bottom_gradient&#8221; single_overlay_opacity=&#8221;50&#8243; single_h_align=&#8221;center&#8221; single_v_position=&#8221;bottom&#8221; single_padding=&#8221;2&#8243; single_title_dimension=&#8221;&#8221; single_icon=&#8221;fa fa-zoom-in&#8221; single_border=&#8221;yes&#8221;][\/vc_column][\/vc_row][vc_row unlock_row_content=&#8221;yes&#8221; row_height_percent=&#8221;0&#8243; override_padding=&#8221;yes&#8221; h_padding=&#8221;0&#8243; top_padding=&#8221;2&#8243; bottom_padding=&#8221;2&#8243; overlay_alpha=&#8221;50&#8243; gutter_size=&#8221;3&#8243; column_width_percent=&#8221;100&#8243; shift_y=&#8221;0&#8243; z_index=&#8221;0&#8243;][vc_column width=&#8221;1\/1&#8243;][uncode_block id=&#8221;83020&#8243;][\/vc_column][\/vc_row]<\/p>\n<\/div>","protected":false},"excerpt":{"rendered":"<p>[vc_row row_height_percent=&#8221;0&#8243; override_padding=&#8221;yes&#8221; h_padding=&#8221;2&#8243; top_padding=&#8221;2&#8243; bottom_padding=&#8221;3&#8243; overlay_alpha=&#8221;50&#8243; gutter_size=&#8221;3&#8243; column_width_percent=&#8221;100&#8243; shift_y=&#8221;0&#8243; z_index=&#8221;0&#8243;][vc_column width=&#8221;2\/3&#8243;][vc_column_text]CSOPORTOS fogyaszt\u00e1sm\u00e9r\u0151 szekr\u00e9nyek csal\u00e1d ( KFM ) belt\u00e9ri kivitelben [&hellip;]<\/p>\n","protected":false},"author":2,"featured_media":316,"parent":481,"menu_order":0,"comment_status":"closed","ping_status":"closed","template":"","meta":{"_acf_changed":false,"footnotes":""},"class_list":["post-483","page","type-page","status-publish","has-post-thumbnail","hentry","page_category-fogyasztasmero-szekrenyek"],"acf":[],"yoast_head":"<!-- This site is optimized with the Yoast SEO plugin v27.5 - https:\/\/yoast.com\/product\/yoast-seo-wordpress\/ -->\n<title>Csoportos - Kontakt Elektro<\/title>\n<meta name=\"robots\" content=\"index, follow, max-snippet:-1, max-image-preview:large, max-video-preview:-1\" \/>\n<link rel=\"canonical\" href=\"https:\/\/www.kontakt-elektro.hu\/hu\/gyartasi-megoldasok\/fogyasztasmero-szekrenyek\/csoportos\/\" \/>\n<meta property=\"og:locale\" content=\"hu_HU\" \/>\n<meta property=\"og:type\" content=\"article\" \/>\n<meta property=\"og:title\" content=\"Csoportos - Kontakt Elektro\" \/>\n<meta property=\"og:description\" content=\"[vc_row row_height_percent=&#8221;0&#8243; override_padding=&#8221;yes&#8221; h_padding=&#8221;2&#8243; top_padding=&#8221;2&#8243; bottom_padding=&#8221;3&#8243; overlay_alpha=&#8221;50&#8243; gutter_size=&#8221;3&#8243; column_width_percent=&#8221;100&#8243; shift_y=&#8221;0&#8243; z_index=&#8221;0&#8243;][vc_column width=&#8221;2\/3&#8243;][vc_column_text]CSOPORTOS fogyaszt\u00e1sm\u00e9r\u0151 szekr\u00e9nyek csal\u00e1d ( KFM ) belt\u00e9ri kivitelben [&hellip;]\" \/>\n<meta property=\"og:url\" content=\"https:\/\/www.kontakt-elektro.hu\/hu\/gyartasi-megoldasok\/fogyasztasmero-szekrenyek\/csoportos\/\" \/>\n<meta property=\"og:site_name\" content=\"Kontakt Elektro\" \/>\n<meta property=\"article:publisher\" content=\"https:\/\/www.facebook.com\/KONTAKT.Elektro.Kft\/\" \/>\n<meta property=\"article:modified_time\" content=\"2021-05-31T11:15:32+00:00\" \/>\n<meta property=\"og:image\" content=\"https:\/\/www.kontakt-elektro.hu\/wp-content\/uploads\/2020\/06\/Group-54.png\" \/>\n\t<meta property=\"og:image:width\" content=\"400\" \/>\n\t<meta property=\"og:image:height\" content=\"234\" \/>\n\t<meta property=\"og:image:type\" content=\"image\/png\" \/>\n<meta name=\"twitter:card\" content=\"summary_large_image\" \/>\n<meta name=\"twitter:label1\" content=\"Becs\u00fclt olvas\u00e1si id\u0151\" \/>\n\t<meta name=\"twitter:data1\" content=\"3 perc\" \/>\n<script type=\"application\/ld+json\" class=\"yoast-schema-graph\">{\"@context\":\"https:\\\/\\\/schema.org\",\"@graph\":[{\"@type\":\"WebPage\",\"@id\":\"https:\\\/\\\/www.kontakt-elektro.hu\\\/hu\\\/gyartasi-megoldasok\\\/fogyasztasmero-szekrenyek\\\/csoportos\\\/\",\"url\":\"https:\\\/\\\/www.kontakt-elektro.hu\\\/hu\\\/gyartasi-megoldasok\\\/fogyasztasmero-szekrenyek\\\/csoportos\\\/\",\"name\":\"Csoportos - Kontakt Elektro\",\"isPartOf\":{\"@id\":\"https:\\\/\\\/www.kontakt-elektro.hu\\\/en\\\/#website\"},\"primaryImageOfPage\":{\"@id\":\"https:\\\/\\\/www.kontakt-elektro.hu\\\/hu\\\/gyartasi-megoldasok\\\/fogyasztasmero-szekrenyek\\\/csoportos\\\/#primaryimage\"},\"image\":{\"@id\":\"https:\\\/\\\/www.kontakt-elektro.hu\\\/hu\\\/gyartasi-megoldasok\\\/fogyasztasmero-szekrenyek\\\/csoportos\\\/#primaryimage\"},\"thumbnailUrl\":\"https:\\\/\\\/www.kontakt-elektro.hu\\\/wp-content\\\/uploads\\\/2020\\\/06\\\/Group-54.png\",\"datePublished\":\"2020-07-01T09:52:45+00:00\",\"dateModified\":\"2021-05-31T11:15:32+00:00\",\"breadcrumb\":{\"@id\":\"https:\\\/\\\/www.kontakt-elektro.hu\\\/hu\\\/gyartasi-megoldasok\\\/fogyasztasmero-szekrenyek\\\/csoportos\\\/#breadcrumb\"},\"inLanguage\":\"hu\",\"potentialAction\":[{\"@type\":\"ReadAction\",\"target\":[\"https:\\\/\\\/www.kontakt-elektro.hu\\\/hu\\\/gyartasi-megoldasok\\\/fogyasztasmero-szekrenyek\\\/csoportos\\\/\"]}]},{\"@type\":\"ImageObject\",\"inLanguage\":\"hu\",\"@id\":\"https:\\\/\\\/www.kontakt-elektro.hu\\\/hu\\\/gyartasi-megoldasok\\\/fogyasztasmero-szekrenyek\\\/csoportos\\\/#primaryimage\",\"url\":\"https:\\\/\\\/www.kontakt-elektro.hu\\\/wp-content\\\/uploads\\\/2020\\\/06\\\/Group-54.png\",\"contentUrl\":\"https:\\\/\\\/www.kontakt-elektro.hu\\\/wp-content\\\/uploads\\\/2020\\\/06\\\/Group-54.png\",\"width\":400,\"height\":234},{\"@type\":\"BreadcrumbList\",\"@id\":\"https:\\\/\\\/www.kontakt-elektro.hu\\\/hu\\\/gyartasi-megoldasok\\\/fogyasztasmero-szekrenyek\\\/csoportos\\\/#breadcrumb\",\"itemListElement\":[{\"@type\":\"ListItem\",\"position\":1,\"name\":\"kezd\u0151lap\",\"item\":\"https:\\\/\\\/www.kontakt-elektro.hu\\\/hu\\\/\"},{\"@type\":\"ListItem\",\"position\":2,\"name\":\"Gy\u00e1rt\u00e1si megold\u00e1sok\",\"item\":\"https:\\\/\\\/www.kontakt-elektro.hu\\\/hu\\\/gyartasi-megoldasok\\\/\"},{\"@type\":\"ListItem\",\"position\":3,\"name\":\"Fogyaszt\u00e1sm\u00e9r\u0151 szekr\u00e9nyek\",\"item\":\"https:\\\/\\\/www.kontakt-elektro.hu\\\/hu\\\/gyartasi-megoldasok\\\/fogyasztasmero-szekrenyek\\\/\"},{\"@type\":\"ListItem\",\"position\":4,\"name\":\"Csoportos\"}]},{\"@type\":\"WebSite\",\"@id\":\"https:\\\/\\\/www.kontakt-elektro.hu\\\/en\\\/#website\",\"url\":\"https:\\\/\\\/www.kontakt-elektro.hu\\\/en\\\/\",\"name\":\"Kontakt Elektro\",\"description\":\"\",\"publisher\":{\"@id\":\"https:\\\/\\\/www.kontakt-elektro.hu\\\/en\\\/#organization\"},\"potentialAction\":[{\"@type\":\"SearchAction\",\"target\":{\"@type\":\"EntryPoint\",\"urlTemplate\":\"https:\\\/\\\/www.kontakt-elektro.hu\\\/en\\\/?s={search_term_string}\"},\"query-input\":{\"@type\":\"PropertyValueSpecification\",\"valueRequired\":true,\"valueName\":\"search_term_string\"}}],\"inLanguage\":\"hu\"},{\"@type\":\"Organization\",\"@id\":\"https:\\\/\\\/www.kontakt-elektro.hu\\\/en\\\/#organization\",\"name\":\"Kontakt Elektro\",\"url\":\"https:\\\/\\\/www.kontakt-elektro.hu\\\/en\\\/\",\"logo\":{\"@type\":\"ImageObject\",\"inLanguage\":\"hu\",\"@id\":\"https:\\\/\\\/www.kontakt-elektro.hu\\\/en\\\/#\\\/schema\\\/logo\\\/image\\\/\",\"url\":\"https:\\\/\\\/www.kontakt-elektro.hu\\\/wp-content\\\/uploads\\\/2021\\\/05\\\/Kontakt-Elektro.jpg\",\"contentUrl\":\"https:\\\/\\\/www.kontakt-elektro.hu\\\/wp-content\\\/uploads\\\/2021\\\/05\\\/Kontakt-Elektro.jpg\",\"width\":1200,\"height\":630,\"caption\":\"Kontakt Elektro\"},\"image\":{\"@id\":\"https:\\\/\\\/www.kontakt-elektro.hu\\\/en\\\/#\\\/schema\\\/logo\\\/image\\\/\"},\"sameAs\":[\"https:\\\/\\\/www.facebook.com\\\/KONTAKT.Elektro.Kft\\\/\",\"https:\\\/\\\/www.linkedin.com\\\/company\\\/kontakt-elektro-ltd.\"]}]}<\/script>\n<!-- \/ Yoast SEO plugin. -->","yoast_head_json":{"title":"Csoportos - Kontakt Elektro","robots":{"index":"index","follow":"follow","max-snippet":"max-snippet:-1","max-image-preview":"max-image-preview:large","max-video-preview":"max-video-preview:-1"},"canonical":"https:\/\/www.kontakt-elektro.hu\/hu\/gyartasi-megoldasok\/fogyasztasmero-szekrenyek\/csoportos\/","og_locale":"hu_HU","og_type":"article","og_title":"Csoportos - Kontakt Elektro","og_description":"[vc_row row_height_percent=&#8221;0&#8243; override_padding=&#8221;yes&#8221; h_padding=&#8221;2&#8243; top_padding=&#8221;2&#8243; bottom_padding=&#8221;3&#8243; overlay_alpha=&#8221;50&#8243; gutter_size=&#8221;3&#8243; column_width_percent=&#8221;100&#8243; shift_y=&#8221;0&#8243; z_index=&#8221;0&#8243;][vc_column width=&#8221;2\/3&#8243;][vc_column_text]CSOPORTOS fogyaszt\u00e1sm\u00e9r\u0151 szekr\u00e9nyek csal\u00e1d ( KFM ) belt\u00e9ri kivitelben [&hellip;]","og_url":"https:\/\/www.kontakt-elektro.hu\/hu\/gyartasi-megoldasok\/fogyasztasmero-szekrenyek\/csoportos\/","og_site_name":"Kontakt Elektro","article_publisher":"https:\/\/www.facebook.com\/KONTAKT.Elektro.Kft\/","article_modified_time":"2021-05-31T11:15:32+00:00","og_image":[{"width":400,"height":234,"url":"https:\/\/www.kontakt-elektro.hu\/wp-content\/uploads\/2020\/06\/Group-54.png","type":"image\/png"}],"twitter_card":"summary_large_image","twitter_misc":{"Becs\u00fclt olvas\u00e1si id\u0151":"3 perc"},"schema":{"@context":"https:\/\/schema.org","@graph":[{"@type":"WebPage","@id":"https:\/\/www.kontakt-elektro.hu\/hu\/gyartasi-megoldasok\/fogyasztasmero-szekrenyek\/csoportos\/","url":"https:\/\/www.kontakt-elektro.hu\/hu\/gyartasi-megoldasok\/fogyasztasmero-szekrenyek\/csoportos\/","name":"Csoportos - Kontakt Elektro","isPartOf":{"@id":"https:\/\/www.kontakt-elektro.hu\/en\/#website"},"primaryImageOfPage":{"@id":"https:\/\/www.kontakt-elektro.hu\/hu\/gyartasi-megoldasok\/fogyasztasmero-szekrenyek\/csoportos\/#primaryimage"},"image":{"@id":"https:\/\/www.kontakt-elektro.hu\/hu\/gyartasi-megoldasok\/fogyasztasmero-szekrenyek\/csoportos\/#primaryimage"},"thumbnailUrl":"https:\/\/www.kontakt-elektro.hu\/wp-content\/uploads\/2020\/06\/Group-54.png","datePublished":"2020-07-01T09:52:45+00:00","dateModified":"2021-05-31T11:15:32+00:00","breadcrumb":{"@id":"https:\/\/www.kontakt-elektro.hu\/hu\/gyartasi-megoldasok\/fogyasztasmero-szekrenyek\/csoportos\/#breadcrumb"},"inLanguage":"hu","potentialAction":[{"@type":"ReadAction","target":["https:\/\/www.kontakt-elektro.hu\/hu\/gyartasi-megoldasok\/fogyasztasmero-szekrenyek\/csoportos\/"]}]},{"@type":"ImageObject","inLanguage":"hu","@id":"https:\/\/www.kontakt-elektro.hu\/hu\/gyartasi-megoldasok\/fogyasztasmero-szekrenyek\/csoportos\/#primaryimage","url":"https:\/\/www.kontakt-elektro.hu\/wp-content\/uploads\/2020\/06\/Group-54.png","contentUrl":"https:\/\/www.kontakt-elektro.hu\/wp-content\/uploads\/2020\/06\/Group-54.png","width":400,"height":234},{"@type":"BreadcrumbList","@id":"https:\/\/www.kontakt-elektro.hu\/hu\/gyartasi-megoldasok\/fogyasztasmero-szekrenyek\/csoportos\/#breadcrumb","itemListElement":[{"@type":"ListItem","position":1,"name":"kezd\u0151lap","item":"https:\/\/www.kontakt-elektro.hu\/hu\/"},{"@type":"ListItem","position":2,"name":"Gy\u00e1rt\u00e1si megold\u00e1sok","item":"https:\/\/www.kontakt-elektro.hu\/hu\/gyartasi-megoldasok\/"},{"@type":"ListItem","position":3,"name":"Fogyaszt\u00e1sm\u00e9r\u0151 szekr\u00e9nyek","item":"https:\/\/www.kontakt-elektro.hu\/hu\/gyartasi-megoldasok\/fogyasztasmero-szekrenyek\/"},{"@type":"ListItem","position":4,"name":"Csoportos"}]},{"@type":"WebSite","@id":"https:\/\/www.kontakt-elektro.hu\/en\/#website","url":"https:\/\/www.kontakt-elektro.hu\/en\/","name":"Kontakt Elektro","description":"","publisher":{"@id":"https:\/\/www.kontakt-elektro.hu\/en\/#organization"},"potentialAction":[{"@type":"SearchAction","target":{"@type":"EntryPoint","urlTemplate":"https:\/\/www.kontakt-elektro.hu\/en\/?s={search_term_string}"},"query-input":{"@type":"PropertyValueSpecification","valueRequired":true,"valueName":"search_term_string"}}],"inLanguage":"hu"},{"@type":"Organization","@id":"https:\/\/www.kontakt-elektro.hu\/en\/#organization","name":"Kontakt Elektro","url":"https:\/\/www.kontakt-elektro.hu\/en\/","logo":{"@type":"ImageObject","inLanguage":"hu","@id":"https:\/\/www.kontakt-elektro.hu\/en\/#\/schema\/logo\/image\/","url":"https:\/\/www.kontakt-elektro.hu\/wp-content\/uploads\/2021\/05\/Kontakt-Elektro.jpg","contentUrl":"https:\/\/www.kontakt-elektro.hu\/wp-content\/uploads\/2021\/05\/Kontakt-Elektro.jpg","width":1200,"height":630,"caption":"Kontakt Elektro"},"image":{"@id":"https:\/\/www.kontakt-elektro.hu\/en\/#\/schema\/logo\/image\/"},"sameAs":["https:\/\/www.facebook.com\/KONTAKT.Elektro.Kft\/","https:\/\/www.linkedin.com\/company\/kontakt-elektro-ltd."]}]}},"_links":{"self":[{"href":"https:\/\/www.kontakt-elektro.hu\/hu\/wp-json\/wp\/v2\/pages\/483","targetHints":{"allow":["GET"]}}],"collection":[{"href":"https:\/\/www.kontakt-elektro.hu\/hu\/wp-json\/wp\/v2\/pages"}],"about":[{"href":"https:\/\/www.kontakt-elektro.hu\/hu\/wp-json\/wp\/v2\/types\/page"}],"author":[{"embeddable":true,"href":"https:\/\/www.kontakt-elektro.hu\/hu\/wp-json\/wp\/v2\/users\/2"}],"replies":[{"embeddable":true,"href":"https:\/\/www.kontakt-elektro.hu\/hu\/wp-json\/wp\/v2\/comments?post=483"}],"version-history":[{"count":0,"href":"https:\/\/www.kontakt-elektro.hu\/hu\/wp-json\/wp\/v2\/pages\/483\/revisions"}],"up":[{"embeddable":true,"href":"https:\/\/www.kontakt-elektro.hu\/hu\/wp-json\/wp\/v2\/pages\/481"}],"wp:featuredmedia":[{"embeddable":true,"href":"https:\/\/www.kontakt-elektro.hu\/hu\/wp-json\/wp\/v2\/media\/316"}],"wp:attachment":[{"href":"https:\/\/www.kontakt-elektro.hu\/hu\/wp-json\/wp\/v2\/media?parent=483"}],"curies":[{"name":"wp","href":"https:\/\/api.w.org\/{rel}","templated":true}]}}