{"id":479,"date":"2020-07-01T11:51:27","date_gmt":"2020-07-01T09:51:27","guid":{"rendered":"http:\/\/www.kontakt-elektro.hu\/?page_id=479"},"modified":"2021-05-18T08:14:33","modified_gmt":"2021-05-18T06:14:33","slug":"gepgyartas","status":"publish","type":"page","link":"https:\/\/www.kontakt-elektro.hu\/hu\/gyartasi-megoldasok\/gepgyartas\/","title":{"rendered":"G\u00e9pgy\u00e1rt\u00e1s"},"content":{"rendered":"<div class=\"wpb-content-wrapper\"><p>[vc_row row_height_percent=&#8221;0&#8243; override_padding=&#8221;yes&#8221; h_padding=&#8221;2&#8243; top_padding=&#8221;2&#8243; bottom_padding=&#8221;2&#8243; overlay_alpha=&#8221;50&#8243; gutter_size=&#8221;3&#8243; column_width_percent=&#8221;100&#8243; shift_y=&#8221;0&#8243; z_index=&#8221;0&#8243;][vc_column column_width_percent=&#8221;100&#8243; gutter_size=&#8221;2&#8243; overlay_alpha=&#8221;50&#8243; shift_x=&#8221;0&#8243; shift_y=&#8221;0&#8243; shift_y_down=&#8221;0&#8243; z_index=&#8221;0&#8243; medium_width=&#8221;0&#8243; mobile_width=&#8221;0&#8243; width=&#8221;2\/3&#8243;][vc_column_text]A KONTAKT-Engineering Kft. c\u00e9gcsoportunk egyedi g\u00e9pgy\u00e1rt\u00e1si tev\u00e9kenys\u00e9ggel, ipari ragaszt\u00e1stechnol\u00f3gi\u00e1kkal (hotmelt, cold glue) foglalkoz\u00f3 tagja. Testv\u00e9rv\u00e1llalatunk az 1990-es \u00e9vek elej\u00e9t\u0151l l\u00e1tta el a sv\u00e1jci ipari ragaszt\u00e1stechnikai brand, a Robatech<sup>TM<\/sup> magyarorsz\u00e1gi kereskedelmi k\u00e9pviselet\u00e9t \u00e9s szerviz\u00e9t, illetve n\u00f6vekv\u0151 m\u00e9rt\u00e9kben szolg\u00e1lta ki Partnereinek c\u00e9lg\u00e9psz\u00e1ll\u00edt\u00e1si, robotiz\u00e1l\u00e1si ig\u00e9nyeit.<\/p>\n<p>Egyedi g\u00e9pgy\u00e1rt\u00e1si tev\u00e9kenys\u00e9g\u00fcnk ipari ragaszt\u00e1st tartalmaz\u00f3 gy\u00e1rt\u00e1stechnol\u00f3gi\u00e1k fejleszt\u00e9s\u00e9vel, gy\u00e1rt\u00e1s\u00e1val \u00e9s telep\u00edt\u00e9s\u00e9vel indult, de az elm\u00falt id\u0151szakban folyamatosan b\u0151v\u00fclt a ragaszt\u00e1stechnol\u00f3gi\u00e1t nem tartalmaz\u00f3 megold\u00e1sok fejleszt\u00e9se \u00e9s sz\u00e1ll\u00edt\u00e1sa is.<\/p>\n<p>Az ipari automatiz\u00e1l\u00e1s k\u00fcl\u00f6nb\u00f6z\u0151 ter\u00fcletein tev\u00e9keny KONTAKT-Elektro Kft. tulajdonosai 2014-ben szerezt\u00e9k meg a magyarorsz\u00e1gi Robatech Kft. min\u0151s\u00edtett t\u00f6bbs\u00e9g\u00e9t. Felel\u0151s szakmai befektet\u0151k\u00e9nt, fejleszt\u00fcnk \u00e9s diverzifik\u00e1lunk. Ennek jegy\u00e9ben, 2020-t\u00f3l \u00faj c\u00e9gn\u00e9v alatt, mint KONTAKT-Engineering Kft., a legk\u00fcl\u00f6nb\u00f6z\u0151bb feldolgoz\u00f3ipari \u00e1gazatok gy\u00e1rt\u00e1stechnol\u00f3giai, min\u0151s\u00e9gbiztos\u00edt\u00e1si \u00e9s automatiz\u00e1lt logisztikai ig\u00e9nyeinek teljes kiel\u00e9g\u00edt\u00e9s\u00e9re f\u00f3kusz\u00e1lunk.[\/vc_column_text][vc_column_text]<strong>Tev\u00e9kenys\u00e9gi k\u00f6r\u00fcnk:<\/strong>[\/vc_column_text][uncode_list icon=&#8221;fa fa-circle&#8221; icon_color=&#8221;color-775258&#8243; el_class=&#8221;text&#8211;listing&#8221;]<\/p>\n<ul>\n<li>Egyedi g\u00e9pgy\u00e1rt\u00e1s<\/li>\n<li>Fejleszt\u00e9s, protot\u00edpusok<\/li>\n<li>Tervez\u00e9s<\/li>\n<li>Gy\u00e1rt\u00e1s<\/li>\n<li>G\u00e9p\u00e9p\u00edt\u00e9s<\/li>\n<li>Vez\u00e9rl\u00e9s \u00e9s szenzortechnika &#8211; PLC \u00dczembehelyez\u00e9s, pr\u00f3ba\u00fczem<\/li>\n<li>Adatgy\u0171jt\u00e9s, MES integr\u00e1ci\u00f3, t\u00e1vfel\u00fcgyelet<\/li>\n<\/ul>\n<p>[\/uncode_list][vc_column_text]<strong>Robotcell\u00e1k, automatiz\u00e1l\u00e1s<\/strong>[\/vc_column_text][uncode_list icon=&#8221;fa fa-circle&#8221; icon_color=&#8221;color-775258&#8243; el_class=&#8221;text&#8211;listing&#8221;]<\/p>\n<ul>\n<li>Robotcell\u00e1k (gy\u00e1rt\u00f3, QA cell\u00e1k)<\/li>\n<li>Automatiz\u00e1l\u00e1s (g\u00e9pkiszolg\u00e1l\u00e1s)<\/li>\n<\/ul>\n<p>[\/uncode_list][vc_column_text]<strong>Ragaszt\u00e1stechnikai megold\u00e1sok<\/strong>[\/vc_column_text][uncode_list icon=&#8221;fa fa-circle&#8221; icon_color=&#8221;color-775258&#8243; el_class=&#8221;text&#8211;listing&#8221;]<\/p>\n<ul>\n<li>Ragaszt\u00e1stechnikai c\u00e9lg\u00e9pek<\/li>\n<li>Szerviztev\u00e9kenys\u00e9g, alkatr\u00e9szek<\/li>\n<\/ul>\n<p>[\/uncode_list][vc_column_text]A KONTAKT-Engineering er\u0151ss\u00e9ge, hogy a KONTAKT-Elektroval egy\u00fcttm\u0171k\u00f6d\u00e9sben \u201eegy k\u00e9zben\u201d tud jelent\u0151s er\u0151forr\u00e1sokat \u00e9s nagy tapasztalat\u00fa, sz\u00e1mos komplex ipari referenci\u00e1t felmutatni tud\u00f3 munkat\u00e1rsunkat Partnereink egyedi k\u00edv\u00e1ns\u00e1gainak projektszint\u0171 kezel\u00e9s\u00e9re \u00e9s kiel\u00e9g\u00edt\u00e9s\u00e9re mozg\u00f3s\u00edtani: magas m\u0171szaki sz\u00ednvonalon, az elv\u00e1rt hat\u00e1rid\u0151ben \u00e9s re\u00e1lis \u00e1rszint mellett.[\/vc_column_text][\/vc_column][vc_column column_width_percent=&#8221;100&#8243; gutter_size=&#8221;3&#8243; overlay_alpha=&#8221;50&#8243; shift_x=&#8221;0&#8243; shift_y=&#8221;0&#8243; shift_y_down=&#8221;0&#8243; z_index=&#8221;0&#8243; medium_width=&#8221;0&#8243; mobile_width=&#8221;0&#8243; width=&#8221;1\/3&#8243;][vc_gallery el_id=&#8221;gallery-140525&#8243; medias=&#8221;84161,83597,83246,84160&#8243; gutter_size=&#8221;3&#8243; screen_lg=&#8221;1000&#8243; screen_md=&#8221;600&#8243; screen_sm=&#8221;480&#8243; single_shape=&#8221;round&#8221; radius=&#8221;xs&#8221; single_overlay_opacity=&#8221;50&#8243; single_overlay_anim=&#8221;no&#8221; single_padding=&#8221;2&#8243; single_title_dimension=&#8221;&#8221; single_border=&#8221;yes&#8221;][\/vc_column][\/vc_row][vc_row row_height_percent=&#8221;0&#8243; override_padding=&#8221;yes&#8221; h_padding=&#8221;2&#8243; top_padding=&#8221;2&#8243; bottom_padding=&#8221;4&#8243; overlay_alpha=&#8221;50&#8243; gutter_size=&#8221;3&#8243; column_width_percent=&#8221;100&#8243; shift_y=&#8221;0&#8243; z_index=&#8221;0&#8243;][vc_column width=&#8221;1\/1&#8243;][vc_custom_heading]Referenci\u00e1ink[\/vc_custom_heading][vc_custom_heading heading_semantic=&#8221;h4&#8243; text_size=&#8221;h4&#8243;]Technol\u00f3giai c\u00e9gek[\/vc_custom_heading][vc_gallery el_id=&#8221;gallery-115033-209-637&#8243; medias=&#8221;83588,83593&#8243; style_preset=&#8221;metro&#8221; gutter_size=&#8221;2&#8243; media_items=&#8221;media|lightbox|original&#8221; screen_lg=&#8221;1000&#8243; screen_md=&#8221;600&#8243; screen_sm=&#8221;480&#8243; single_width=&#8221;1&#8243; single_height=&#8221;1&#8243; single_overlay_opacity=&#8221;50&#8243; single_overlay_anim=&#8221;no&#8221; single_text_anim=&#8221;no&#8221; single_image_anim=&#8221;no&#8221; single_padding=&#8221;2&#8243; single_title_dimension=&#8221;&#8221; single_border=&#8221;yes&#8221;][vc_custom_heading heading_semantic=&#8221;h4&#8243; text_size=&#8221;h4&#8243;]FMCG[\/vc_custom_heading][vc_gallery el_id=&#8221;gallery-115033-209-637-636&#8243; medias=&#8221;83592,83594&#8243; gutter_size=&#8221;3&#8243; screen_lg=&#8221;1000&#8243; screen_md=&#8221;600&#8243; screen_sm=&#8221;480&#8243; single_width=&#8221;1&#8243; single_overlay_opacity=&#8221;1&#8243; single_overlay_anim=&#8221;no&#8221; single_text_anim=&#8221;no&#8221; single_image_anim=&#8221;no&#8221; single_padding=&#8221;2&#8243; single_title_dimension=&#8221;&#8221; single_border=&#8221;yes&#8221;][vc_custom_heading heading_semantic=&#8221;h4&#8243; text_size=&#8221;h4&#8243;]Aut\u00f3ipar[\/vc_custom_heading][vc_gallery el_id=&#8221;gallery-115033-209-637-636-725&#8243; medias=&#8221;83590,83589,83591&#8243; gutter_size=&#8221;3&#8243; screen_lg=&#8221;1000&#8243; screen_md=&#8221;600&#8243; screen_sm=&#8221;480&#8243; single_width=&#8221;1&#8243; single_overlay_opacity=&#8221;50&#8243; single_overlay_anim=&#8221;no&#8221; single_text_anim=&#8221;no&#8221; single_image_anim=&#8221;no&#8221; single_padding=&#8221;2&#8243; single_title_dimension=&#8221;&#8221; single_border=&#8221;yes&#8221;][vc_custom_heading heading_semantic=&#8221;h4&#8243; text_size=&#8221;h4&#8243;]Eg\u00e9szs\u00e9gipar \/ kozmetikai ipar:[\/vc_custom_heading][vc_gallery el_id=&#8221;gallery-115033-209-637-636-725-149&#8243; medias=&#8221;84125,84121,84120&#8243; gutter_size=&#8221;3&#8243; screen_lg=&#8221;1000&#8243; screen_md=&#8221;600&#8243; screen_sm=&#8221;480&#8243; single_width=&#8221;1&#8243; single_overlay_opacity=&#8221;50&#8243; single_overlay_anim=&#8221;no&#8221; single_text_anim=&#8221;no&#8221; single_image_anim=&#8221;no&#8221; single_padding=&#8221;2&#8243; single_title_dimension=&#8221;&#8221; single_border=&#8221;yes&#8221;][vc_custom_heading heading_semantic=&#8221;h4&#8243; text_size=&#8221;h4&#8243;]\u00c9p\u00edt\u0151anyagipar \/ Faipar \/ B\u00fatoripar:[\/vc_custom_heading][vc_gallery el_id=&#8221;gallery-115033-209-637-636-725-149-958&#8243; medias=&#8221;84124,84122&#8243; gutter_size=&#8221;3&#8243; screen_lg=&#8221;1000&#8243; screen_md=&#8221;600&#8243; screen_sm=&#8221;480&#8243; single_width=&#8221;1&#8243; single_overlay_opacity=&#8221;50&#8243; single_overlay_anim=&#8221;no&#8221; single_text_anim=&#8221;no&#8221; single_image_anim=&#8221;no&#8221; single_padding=&#8221;2&#8243; single_title_dimension=&#8221;&#8221; single_border=&#8221;yes&#8221;][vc_custom_heading heading_semantic=&#8221;h4&#8243; text_size=&#8221;h4&#8243;]\u00c9kszeripar \/ finommechanika \/ optikai ipar:[\/vc_custom_heading][vc_gallery el_id=&#8221;gallery-115033-209-637-636-725-149-958&#8243; medias=&#8221;84123&#8243; gutter_size=&#8221;3&#8243; screen_lg=&#8221;1000&#8243; screen_md=&#8221;600&#8243; screen_sm=&#8221;480&#8243; single_width=&#8221;1&#8243; single_overlay_opacity=&#8221;50&#8243; single_overlay_anim=&#8221;no&#8221; single_text_anim=&#8221;no&#8221; single_image_anim=&#8221;no&#8221; single_padding=&#8221;2&#8243; single_title_dimension=&#8221;&#8221; single_border=&#8221;yes&#8221;][\/vc_column][\/vc_row][vc_row unlock_row_content=&#8221;yes&#8221; row_height_percent=&#8221;0&#8243; override_padding=&#8221;yes&#8221; h_padding=&#8221;0&#8243; top_padding=&#8221;0&#8243; bottom_padding=&#8221;0&#8243; overlay_alpha=&#8221;50&#8243; gutter_size=&#8221;3&#8243; column_width_percent=&#8221;100&#8243; shift_y=&#8221;0&#8243; z_index=&#8221;0&#8243;][vc_column width=&#8221;1\/1&#8243;][vc_row_inner limit_content=&#8221;&#8221;][vc_column_inner width=&#8221;1\/1&#8243;][uncode_block id=&#8221;83020&#8243;][\/vc_column_inner][\/vc_row_inner][\/vc_column][\/vc_row]<\/p>\n<\/div>","protected":false},"excerpt":{"rendered":"<p>[vc_row row_height_percent=&#8221;0&#8243; override_padding=&#8221;yes&#8221; h_padding=&#8221;2&#8243; top_padding=&#8221;2&#8243; bottom_padding=&#8221;2&#8243; overlay_alpha=&#8221;50&#8243; gutter_size=&#8221;3&#8243; column_width_percent=&#8221;100&#8243; shift_y=&#8221;0&#8243; z_index=&#8221;0&#8243;][vc_column column_width_percent=&#8221;100&#8243; gutter_size=&#8221;2&#8243; overlay_alpha=&#8221;50&#8243; shift_x=&#8221;0&#8243; shift_y=&#8221;0&#8243; shift_y_down=&#8221;0&#8243; z_index=&#8221;0&#8243; medium_width=&#8221;0&#8243; mobile_width=&#8221;0&#8243; [&hellip;]<\/p>\n","protected":false},"author":2,"featured_media":83597,"parent":473,"menu_order":0,"comment_status":"closed","ping_status":"closed","template":"","meta":{"_acf_changed":false,"footnotes":""},"class_list":["post-479","page","type-page","status-publish","has-post-thumbnail","hentry","page_category-gyartasi-megoldasok"],"acf":[],"yoast_head":"<!-- This site is optimized with the Yoast SEO plugin v27.5 - https:\/\/yoast.com\/product\/yoast-seo-wordpress\/ -->\n<title>G\u00e9pgy\u00e1rt\u00e1s - Kontakt Elektro<\/title>\n<meta name=\"robots\" content=\"index, follow, max-snippet:-1, max-image-preview:large, max-video-preview:-1\" \/>\n<link rel=\"canonical\" href=\"https:\/\/www.kontakt-elektro.hu\/gyartasi-megoldasok\/gepgyartas\/\" \/>\n<meta property=\"og:locale\" content=\"hu_HU\" \/>\n<meta property=\"og:type\" content=\"article\" \/>\n<meta property=\"og:title\" content=\"G\u00e9pgy\u00e1rt\u00e1s - Kontakt Elektro\" \/>\n<meta property=\"og:description\" content=\"[vc_row row_height_percent=&#8221;0&#8243; override_padding=&#8221;yes&#8221; h_padding=&#8221;2&#8243; top_padding=&#8221;2&#8243; bottom_padding=&#8221;2&#8243; overlay_alpha=&#8221;50&#8243; gutter_size=&#8221;3&#8243; column_width_percent=&#8221;100&#8243; shift_y=&#8221;0&#8243; z_index=&#8221;0&#8243;][vc_column column_width_percent=&#8221;100&#8243; gutter_size=&#8221;2&#8243; overlay_alpha=&#8221;50&#8243; shift_x=&#8221;0&#8243; shift_y=&#8221;0&#8243; shift_y_down=&#8221;0&#8243; z_index=&#8221;0&#8243; medium_width=&#8221;0&#8243; mobile_width=&#8221;0&#8243; [&hellip;]\" \/>\n<meta property=\"og:url\" content=\"https:\/\/www.kontakt-elektro.hu\/gyartasi-megoldasok\/gepgyartas\/\" \/>\n<meta property=\"og:site_name\" content=\"Kontakt Elektro\" \/>\n<meta property=\"article:publisher\" content=\"https:\/\/www.facebook.com\/KONTAKT.Elektro.Kft\/\" \/>\n<meta property=\"article:modified_time\" content=\"2021-05-18T06:14:33+00:00\" \/>\n<meta property=\"og:image\" content=\"https:\/\/www.kontakt-elektro.hu\/wp-content\/uploads\/2020\/09\/IMG_1579-2.jpg\" \/>\n\t<meta property=\"og:image:width\" content=\"1920\" \/>\n\t<meta property=\"og:image:height\" content=\"1280\" \/>\n\t<meta property=\"og:image:type\" content=\"image\/jpeg\" \/>\n<meta name=\"twitter:card\" content=\"summary_large_image\" \/>\n<meta name=\"twitter:label1\" content=\"Becs\u00fclt olvas\u00e1si id\u0151\" \/>\n\t<meta name=\"twitter:data1\" content=\"5 perc\" \/>\n<script type=\"application\/ld+json\" class=\"yoast-schema-graph\">{\"@context\":\"https:\\\/\\\/schema.org\",\"@graph\":[{\"@type\":\"WebPage\",\"@id\":\"https:\\\/\\\/www.kontakt-elektro.hu\\\/gyartasi-megoldasok\\\/gepgyartas\\\/\",\"url\":\"https:\\\/\\\/www.kontakt-elektro.hu\\\/gyartasi-megoldasok\\\/gepgyartas\\\/\",\"name\":\"G\u00e9pgy\u00e1rt\u00e1s - Kontakt Elektro\",\"isPartOf\":{\"@id\":\"https:\\\/\\\/www.kontakt-elektro.hu\\\/#website\"},\"primaryImageOfPage\":{\"@id\":\"https:\\\/\\\/www.kontakt-elektro.hu\\\/gyartasi-megoldasok\\\/gepgyartas\\\/#primaryimage\"},\"image\":{\"@id\":\"https:\\\/\\\/www.kontakt-elektro.hu\\\/gyartasi-megoldasok\\\/gepgyartas\\\/#primaryimage\"},\"thumbnailUrl\":\"https:\\\/\\\/www.kontakt-elektro.hu\\\/wp-content\\\/uploads\\\/2020\\\/09\\\/IMG_1579-2.jpg\",\"datePublished\":\"2020-07-01T09:51:27+00:00\",\"dateModified\":\"2021-05-18T06:14:33+00:00\",\"breadcrumb\":{\"@id\":\"https:\\\/\\\/www.kontakt-elektro.hu\\\/gyartasi-megoldasok\\\/gepgyartas\\\/#breadcrumb\"},\"inLanguage\":\"hu\",\"potentialAction\":[{\"@type\":\"ReadAction\",\"target\":[\"https:\\\/\\\/www.kontakt-elektro.hu\\\/gyartasi-megoldasok\\\/gepgyartas\\\/\"]}]},{\"@type\":\"ImageObject\",\"inLanguage\":\"hu\",\"@id\":\"https:\\\/\\\/www.kontakt-elektro.hu\\\/gyartasi-megoldasok\\\/gepgyartas\\\/#primaryimage\",\"url\":\"https:\\\/\\\/www.kontakt-elektro.hu\\\/wp-content\\\/uploads\\\/2020\\\/09\\\/IMG_1579-2.jpg\",\"contentUrl\":\"https:\\\/\\\/www.kontakt-elektro.hu\\\/wp-content\\\/uploads\\\/2020\\\/09\\\/IMG_1579-2.jpg\",\"width\":1920,\"height\":1280,\"caption\":\"egyedi g\u00e9pgy\u00e1rt\u00e1s\"},{\"@type\":\"BreadcrumbList\",\"@id\":\"https:\\\/\\\/www.kontakt-elektro.hu\\\/gyartasi-megoldasok\\\/gepgyartas\\\/#breadcrumb\",\"itemListElement\":[{\"@type\":\"ListItem\",\"position\":1,\"name\":\"kezd\u0151lap\",\"item\":\"https:\\\/\\\/www.kontakt-elektro.hu\\\/\"},{\"@type\":\"ListItem\",\"position\":2,\"name\":\"Gy\u00e1rt\u00e1si megold\u00e1sok\",\"item\":\"https:\\\/\\\/www.kontakt-elektro.hu\\\/gyartasi-megoldasok\\\/\"},{\"@type\":\"ListItem\",\"position\":3,\"name\":\"G\u00e9pgy\u00e1rt\u00e1s\"}]},{\"@type\":\"WebSite\",\"@id\":\"https:\\\/\\\/www.kontakt-elektro.hu\\\/#website\",\"url\":\"https:\\\/\\\/www.kontakt-elektro.hu\\\/\",\"name\":\"Kontakt Elektro\",\"description\":\"\",\"publisher\":{\"@id\":\"https:\\\/\\\/www.kontakt-elektro.hu\\\/#organization\"},\"potentialAction\":[{\"@type\":\"SearchAction\",\"target\":{\"@type\":\"EntryPoint\",\"urlTemplate\":\"https:\\\/\\\/www.kontakt-elektro.hu\\\/?s={search_term_string}\"},\"query-input\":{\"@type\":\"PropertyValueSpecification\",\"valueRequired\":true,\"valueName\":\"search_term_string\"}}],\"inLanguage\":\"hu\"},{\"@type\":\"Organization\",\"@id\":\"https:\\\/\\\/www.kontakt-elektro.hu\\\/#organization\",\"name\":\"Kontakt Elektro\",\"url\":\"https:\\\/\\\/www.kontakt-elektro.hu\\\/\",\"logo\":{\"@type\":\"ImageObject\",\"inLanguage\":\"hu\",\"@id\":\"https:\\\/\\\/www.kontakt-elektro.hu\\\/#\\\/schema\\\/logo\\\/image\\\/\",\"url\":\"https:\\\/\\\/www.kontakt-elektro.hu\\\/wp-content\\\/uploads\\\/2021\\\/05\\\/Kontakt-Elektro.jpg\",\"contentUrl\":\"https:\\\/\\\/www.kontakt-elektro.hu\\\/wp-content\\\/uploads\\\/2021\\\/05\\\/Kontakt-Elektro.jpg\",\"width\":1200,\"height\":630,\"caption\":\"Kontakt Elektro\"},\"image\":{\"@id\":\"https:\\\/\\\/www.kontakt-elektro.hu\\\/#\\\/schema\\\/logo\\\/image\\\/\"},\"sameAs\":[\"https:\\\/\\\/www.facebook.com\\\/KONTAKT.Elektro.Kft\\\/\",\"https:\\\/\\\/www.linkedin.com\\\/company\\\/kontakt-elektro-ltd.\"]}]}<\/script>\n<!-- \/ Yoast SEO plugin. -->","yoast_head_json":{"title":"G\u00e9pgy\u00e1rt\u00e1s - Kontakt Elektro","robots":{"index":"index","follow":"follow","max-snippet":"max-snippet:-1","max-image-preview":"max-image-preview:large","max-video-preview":"max-video-preview:-1"},"canonical":"https:\/\/www.kontakt-elektro.hu\/gyartasi-megoldasok\/gepgyartas\/","og_locale":"hu_HU","og_type":"article","og_title":"G\u00e9pgy\u00e1rt\u00e1s - Kontakt Elektro","og_description":"[vc_row row_height_percent=&#8221;0&#8243; override_padding=&#8221;yes&#8221; h_padding=&#8221;2&#8243; top_padding=&#8221;2&#8243; bottom_padding=&#8221;2&#8243; overlay_alpha=&#8221;50&#8243; gutter_size=&#8221;3&#8243; column_width_percent=&#8221;100&#8243; shift_y=&#8221;0&#8243; z_index=&#8221;0&#8243;][vc_column column_width_percent=&#8221;100&#8243; gutter_size=&#8221;2&#8243; overlay_alpha=&#8221;50&#8243; shift_x=&#8221;0&#8243; shift_y=&#8221;0&#8243; shift_y_down=&#8221;0&#8243; z_index=&#8221;0&#8243; medium_width=&#8221;0&#8243; mobile_width=&#8221;0&#8243; [&hellip;]","og_url":"https:\/\/www.kontakt-elektro.hu\/gyartasi-megoldasok\/gepgyartas\/","og_site_name":"Kontakt Elektro","article_publisher":"https:\/\/www.facebook.com\/KONTAKT.Elektro.Kft\/","article_modified_time":"2021-05-18T06:14:33+00:00","og_image":[{"width":1920,"height":1280,"url":"https:\/\/www.kontakt-elektro.hu\/wp-content\/uploads\/2020\/09\/IMG_1579-2.jpg","type":"image\/jpeg"}],"twitter_card":"summary_large_image","twitter_misc":{"Becs\u00fclt olvas\u00e1si id\u0151":"5 perc"},"schema":{"@context":"https:\/\/schema.org","@graph":[{"@type":"WebPage","@id":"https:\/\/www.kontakt-elektro.hu\/gyartasi-megoldasok\/gepgyartas\/","url":"https:\/\/www.kontakt-elektro.hu\/gyartasi-megoldasok\/gepgyartas\/","name":"G\u00e9pgy\u00e1rt\u00e1s - Kontakt Elektro","isPartOf":{"@id":"https:\/\/www.kontakt-elektro.hu\/#website"},"primaryImageOfPage":{"@id":"https:\/\/www.kontakt-elektro.hu\/gyartasi-megoldasok\/gepgyartas\/#primaryimage"},"image":{"@id":"https:\/\/www.kontakt-elektro.hu\/gyartasi-megoldasok\/gepgyartas\/#primaryimage"},"thumbnailUrl":"https:\/\/www.kontakt-elektro.hu\/wp-content\/uploads\/2020\/09\/IMG_1579-2.jpg","datePublished":"2020-07-01T09:51:27+00:00","dateModified":"2021-05-18T06:14:33+00:00","breadcrumb":{"@id":"https:\/\/www.kontakt-elektro.hu\/gyartasi-megoldasok\/gepgyartas\/#breadcrumb"},"inLanguage":"hu","potentialAction":[{"@type":"ReadAction","target":["https:\/\/www.kontakt-elektro.hu\/gyartasi-megoldasok\/gepgyartas\/"]}]},{"@type":"ImageObject","inLanguage":"hu","@id":"https:\/\/www.kontakt-elektro.hu\/gyartasi-megoldasok\/gepgyartas\/#primaryimage","url":"https:\/\/www.kontakt-elektro.hu\/wp-content\/uploads\/2020\/09\/IMG_1579-2.jpg","contentUrl":"https:\/\/www.kontakt-elektro.hu\/wp-content\/uploads\/2020\/09\/IMG_1579-2.jpg","width":1920,"height":1280,"caption":"egyedi g\u00e9pgy\u00e1rt\u00e1s"},{"@type":"BreadcrumbList","@id":"https:\/\/www.kontakt-elektro.hu\/gyartasi-megoldasok\/gepgyartas\/#breadcrumb","itemListElement":[{"@type":"ListItem","position":1,"name":"kezd\u0151lap","item":"https:\/\/www.kontakt-elektro.hu\/"},{"@type":"ListItem","position":2,"name":"Gy\u00e1rt\u00e1si megold\u00e1sok","item":"https:\/\/www.kontakt-elektro.hu\/gyartasi-megoldasok\/"},{"@type":"ListItem","position":3,"name":"G\u00e9pgy\u00e1rt\u00e1s"}]},{"@type":"WebSite","@id":"https:\/\/www.kontakt-elektro.hu\/#website","url":"https:\/\/www.kontakt-elektro.hu\/","name":"Kontakt Elektro","description":"","publisher":{"@id":"https:\/\/www.kontakt-elektro.hu\/#organization"},"potentialAction":[{"@type":"SearchAction","target":{"@type":"EntryPoint","urlTemplate":"https:\/\/www.kontakt-elektro.hu\/?s={search_term_string}"},"query-input":{"@type":"PropertyValueSpecification","valueRequired":true,"valueName":"search_term_string"}}],"inLanguage":"hu"},{"@type":"Organization","@id":"https:\/\/www.kontakt-elektro.hu\/#organization","name":"Kontakt Elektro","url":"https:\/\/www.kontakt-elektro.hu\/","logo":{"@type":"ImageObject","inLanguage":"hu","@id":"https:\/\/www.kontakt-elektro.hu\/#\/schema\/logo\/image\/","url":"https:\/\/www.kontakt-elektro.hu\/wp-content\/uploads\/2021\/05\/Kontakt-Elektro.jpg","contentUrl":"https:\/\/www.kontakt-elektro.hu\/wp-content\/uploads\/2021\/05\/Kontakt-Elektro.jpg","width":1200,"height":630,"caption":"Kontakt Elektro"},"image":{"@id":"https:\/\/www.kontakt-elektro.hu\/#\/schema\/logo\/image\/"},"sameAs":["https:\/\/www.facebook.com\/KONTAKT.Elektro.Kft\/","https:\/\/www.linkedin.com\/company\/kontakt-elektro-ltd."]}]}},"_links":{"self":[{"href":"https:\/\/www.kontakt-elektro.hu\/hu\/wp-json\/wp\/v2\/pages\/479","targetHints":{"allow":["GET"]}}],"collection":[{"href":"https:\/\/www.kontakt-elektro.hu\/hu\/wp-json\/wp\/v2\/pages"}],"about":[{"href":"https:\/\/www.kontakt-elektro.hu\/hu\/wp-json\/wp\/v2\/types\/page"}],"author":[{"embeddable":true,"href":"https:\/\/www.kontakt-elektro.hu\/hu\/wp-json\/wp\/v2\/users\/2"}],"replies":[{"embeddable":true,"href":"https:\/\/www.kontakt-elektro.hu\/hu\/wp-json\/wp\/v2\/comments?post=479"}],"version-history":[{"count":0,"href":"https:\/\/www.kontakt-elektro.hu\/hu\/wp-json\/wp\/v2\/pages\/479\/revisions"}],"up":[{"embeddable":true,"href":"https:\/\/www.kontakt-elektro.hu\/hu\/wp-json\/wp\/v2\/pages\/473"}],"wp:featuredmedia":[{"embeddable":true,"href":"https:\/\/www.kontakt-elektro.hu\/hu\/wp-json\/wp\/v2\/media\/83597"}],"wp:attachment":[{"href":"https:\/\/www.kontakt-elektro.hu\/hu\/wp-json\/wp\/v2\/media?parent=479"}],"curies":[{"name":"wp","href":"https:\/\/api.w.org\/{rel}","templated":true}]}}