{"id":475,"date":"2020-07-01T11:50:37","date_gmt":"2020-07-01T09:50:37","guid":{"rendered":"http:\/\/www.kontakt-elektro.hu\/?page_id=475"},"modified":"2021-05-14T12:10:55","modified_gmt":"2021-05-14T10:10:55","slug":"villamos-berendezesgyartas","status":"publish","type":"page","link":"https:\/\/www.kontakt-elektro.hu\/hu\/gyartasi-megoldasok\/villamos-berendezesgyartas\/","title":{"rendered":"Villamos berendez\u00e9sgy\u00e1rt\u00e1s"},"content":{"rendered":"<div class=\"wpb-content-wrapper\"><p>[vc_row row_height_percent=&#8221;0&#8243; override_padding=&#8221;yes&#8221; h_padding=&#8221;2&#8243; top_padding=&#8221;2&#8243; bottom_padding=&#8221;2&#8243; overlay_alpha=&#8221;50&#8243; gutter_size=&#8221;3&#8243; column_width_percent=&#8221;100&#8243; shift_y=&#8221;0&#8243; z_index=&#8221;0&#8243;][vc_column width=&#8221;2\/3&#8243;][vc_column_text]T\u00e1rsas\u00e1gunk f\u0151 tev\u00e9kenys\u00e9gi k\u00f6re a villamos eloszt\u00f3- \u00e9s vez\u00e9rl\u0151szekr\u00e9nyek gy\u00e1rt\u00e1sa.<\/p>\n<p>Villamos berendez\u00e9sgy\u00e1rt\u00e1sunk a kis\u00e1ram\u00fa fali eloszt\u00f3kt\u00f3l a nagy\u00e1ram\u00fa sokmez\u0151s eloszt\u00f3szekr\u00e9nyek gy\u00e1rt\u00e1s\u00e1ig, ill. az ipari automatiz\u00e1l\u00e1s \u00e9s folyamatir\u00e1ny\u00edt\u00e1shoz sz\u00fcks\u00e9ges vez\u00e9rl\u0151szekr\u00e9nyek sz\u00e1ll\u00edt\u00e1s\u00e1ig terjed.<\/p>\n<p>A tervez\u00e9s illetve a gy\u00e1rt\u00e1s sor\u00e1n felhaszn\u00e1lt anyagok kiv\u00e1laszt\u00e1s\u00e1n\u00e1l minden esetben szem el\u0151tt tartjuk a Vev\u0151i ig\u00e9nyeket, specifik\u00e1ci\u00f3kat. A Partnereinkkel folytatott egyeztet\u00e9seket, kiterjedt szak- \u00e9s anyagismerettel rendelkez\u0151 kolleg\u00e1ink v\u00e9gzik, akik seg\u00edts\u00e9get ny\u00fajtanak az optim\u00e1lis m\u0171szaki megold\u00e1sok kidolgoz\u00e1s\u00e1ban is. A c\u00e9g\u00fcnk \u00e1ltal gy\u00e1rtott villamos berendez\u00e9sek gy\u00e1rt\u00e1sa sor\u00e1n, valamint azok k\u00e9s\u0151bbi karbantart\u00e1s\u00e1ban, p\u00f3talkatr\u00e9sz ut\u00e1np\u00f3tl\u00e1s\u00e1ban fontos szerepet v\u00e1llal a neves k\u00e9sz\u00fcl\u00e9kgy\u00e1rt\u00f3k \u00e1ltal biztos\u00edtott kiterjedt rakt\u00e1rk\u00e9szlet\u00fcnk.[\/vc_column_text][vc_row_inner row_inner_height_percent=&#8221;0&#8243; overlay_alpha=&#8221;50&#8243; gutter_size=&#8221;0&#8243; shift_y=&#8221;0&#8243; z_index=&#8221;0&#8243; limit_content=&#8221;&#8221;][vc_column_inner width=&#8221;1\/1&#8243;][uncode_list icon=&#8221;fa fa-circle&#8221; icon_color=&#8221;color-775258&#8243; el_class=&#8221;text&#8211;listing&#8221;]<strong>Term\u00e9kcsoportjaink:<\/strong><\/p>\n<ul>\n<li>Villamos kapcsol\u00f3- \u00e9s eloszt\u00f3berendez\u00e9sek gy\u00e1rt\u00e1sa 4 000 A-ig.<\/li>\n<li>Vez\u00e9rl\u0151szekr\u00e9nyek \u00e9s vez\u00e9rl\u0151pultok, sorkapocs- \u00e9s rendez\u0151szekr\u00e9nyek<\/li>\n<li>PLC-s, RIO \u00e9s Marchaling szekr\u00e9nyek<\/li>\n<li>Fogyaszt\u00e1sm\u00e9r\u0151 szekr\u00e9nycsal\u00e1d sz\u00e9nac\u00e9l vagy rozsdamentes ac\u00e9llemezb\u0151l.<\/li>\n<li>Egyedi konstrukci\u00f3k gy\u00e1rt\u00e1sa saj\u00e1t lakatos \u00e9s fest\u0151\u00fczem\u00fcnkben<\/li>\n<\/ul>\n<p>[\/uncode_list][\/vc_column_inner][\/vc_row_inner][\/vc_column][vc_column width=&#8221;1\/3&#8243;][vc_gallery el_id=&#8221;gallery-163127&#8243; type=&#8221;justified&#8221; medias=&#8221;82959,82960,84103,84105,84104&#8243; justify_row_height=&#8221;250&#8243; gutter_size=&#8221;3&#8243; single_shape=&#8221;round&#8221; single_overlay_opacity=&#8221;50&#8243; single_overlay_anim=&#8221;no&#8221; single_image_anim=&#8221;no&#8221; single_padding=&#8221;2&#8243; single_title_dimension=&#8221;&#8221; single_border=&#8221;yes&#8221;][\/vc_column][\/vc_row]<\/p>\n<\/div>","protected":false},"excerpt":{"rendered":"<p>[vc_row row_height_percent=&#8221;0&#8243; override_padding=&#8221;yes&#8221; h_padding=&#8221;2&#8243; top_padding=&#8221;2&#8243; bottom_padding=&#8221;2&#8243; overlay_alpha=&#8221;50&#8243; gutter_size=&#8221;3&#8243; column_width_percent=&#8221;100&#8243; shift_y=&#8221;0&#8243; z_index=&#8221;0&#8243;][vc_column width=&#8221;2\/3&#8243;][vc_column_text]T\u00e1rsas\u00e1gunk f\u0151 tev\u00e9kenys\u00e9gi k\u00f6re a villamos eloszt\u00f3- \u00e9s vez\u00e9rl\u0151szekr\u00e9nyek [&hellip;]<\/p>\n","protected":false},"author":2,"featured_media":82959,"parent":473,"menu_order":0,"comment_status":"closed","ping_status":"closed","template":"","meta":{"_acf_changed":false,"footnotes":""},"class_list":["post-475","page","type-page","status-publish","has-post-thumbnail","hentry","page_category-gyartasi-megoldasok","page_category-subpage"],"acf":[],"yoast_head":"<!-- This site is optimized with the Yoast SEO plugin v27.5 - https:\/\/yoast.com\/product\/yoast-seo-wordpress\/ -->\n<title>Villamos berendez\u00e9sgy\u00e1rt\u00e1s - Kontakt Elektro<\/title>\n<meta name=\"robots\" content=\"index, follow, max-snippet:-1, max-image-preview:large, max-video-preview:-1\" \/>\n<link rel=\"canonical\" href=\"https:\/\/www.kontakt-elektro.hu\/hu\/gyartasi-megoldasok\/villamos-berendezesgyartas\/\" \/>\n<meta property=\"og:locale\" content=\"hu_HU\" \/>\n<meta property=\"og:type\" content=\"article\" \/>\n<meta property=\"og:title\" content=\"Villamos berendez\u00e9sgy\u00e1rt\u00e1s - Kontakt Elektro\" \/>\n<meta property=\"og:description\" content=\"[vc_row row_height_percent=&#8221;0&#8243; override_padding=&#8221;yes&#8221; h_padding=&#8221;2&#8243; top_padding=&#8221;2&#8243; bottom_padding=&#8221;2&#8243; overlay_alpha=&#8221;50&#8243; gutter_size=&#8221;3&#8243; column_width_percent=&#8221;100&#8243; shift_y=&#8221;0&#8243; z_index=&#8221;0&#8243;][vc_column width=&#8221;2\/3&#8243;][vc_column_text]T\u00e1rsas\u00e1gunk f\u0151 tev\u00e9kenys\u00e9gi k\u00f6re a villamos eloszt\u00f3- \u00e9s vez\u00e9rl\u0151szekr\u00e9nyek [&hellip;]\" \/>\n<meta property=\"og:url\" content=\"https:\/\/www.kontakt-elektro.hu\/hu\/gyartasi-megoldasok\/villamos-berendezesgyartas\/\" \/>\n<meta property=\"og:site_name\" content=\"Kontakt Elektro\" \/>\n<meta property=\"article:publisher\" content=\"https:\/\/www.facebook.com\/KONTAKT.Elektro.Kft\/\" \/>\n<meta property=\"article:modified_time\" content=\"2021-05-14T10:10:55+00:00\" \/>\n<meta property=\"og:image\" content=\"https:\/\/www.kontakt-elektro.hu\/wp-content\/uploads\/2020\/08\/Villamos-berendezesgyartas-1-scaled.jpg\" \/>\n\t<meta property=\"og:image:width\" content=\"2560\" \/>\n\t<meta property=\"og:image:height\" content=\"917\" \/>\n\t<meta property=\"og:image:type\" content=\"image\/jpeg\" \/>\n<meta name=\"twitter:card\" content=\"summary_large_image\" \/>\n<meta name=\"twitter:label1\" content=\"Becs\u00fclt olvas\u00e1si id\u0151\" \/>\n\t<meta name=\"twitter:data1\" content=\"2 perc\" \/>\n<script type=\"application\/ld+json\" class=\"yoast-schema-graph\">{\"@context\":\"https:\\\/\\\/schema.org\",\"@graph\":[{\"@type\":\"WebPage\",\"@id\":\"https:\\\/\\\/www.kontakt-elektro.hu\\\/hu\\\/gyartasi-megoldasok\\\/villamos-berendezesgyartas\\\/\",\"url\":\"https:\\\/\\\/www.kontakt-elektro.hu\\\/hu\\\/gyartasi-megoldasok\\\/villamos-berendezesgyartas\\\/\",\"name\":\"Villamos berendez\u00e9sgy\u00e1rt\u00e1s - Kontakt Elektro\",\"isPartOf\":{\"@id\":\"https:\\\/\\\/www.kontakt-elektro.hu\\\/en\\\/#website\"},\"primaryImageOfPage\":{\"@id\":\"https:\\\/\\\/www.kontakt-elektro.hu\\\/hu\\\/gyartasi-megoldasok\\\/villamos-berendezesgyartas\\\/#primaryimage\"},\"image\":{\"@id\":\"https:\\\/\\\/www.kontakt-elektro.hu\\\/hu\\\/gyartasi-megoldasok\\\/villamos-berendezesgyartas\\\/#primaryimage\"},\"thumbnailUrl\":\"https:\\\/\\\/www.kontakt-elektro.hu\\\/wp-content\\\/uploads\\\/2020\\\/08\\\/Villamos-berendezesgyartas-1-scaled.jpg\",\"datePublished\":\"2020-07-01T09:50:37+00:00\",\"dateModified\":\"2021-05-14T10:10:55+00:00\",\"breadcrumb\":{\"@id\":\"https:\\\/\\\/www.kontakt-elektro.hu\\\/hu\\\/gyartasi-megoldasok\\\/villamos-berendezesgyartas\\\/#breadcrumb\"},\"inLanguage\":\"hu\",\"potentialAction\":[{\"@type\":\"ReadAction\",\"target\":[\"https:\\\/\\\/www.kontakt-elektro.hu\\\/hu\\\/gyartasi-megoldasok\\\/villamos-berendezesgyartas\\\/\"]}]},{\"@type\":\"ImageObject\",\"inLanguage\":\"hu\",\"@id\":\"https:\\\/\\\/www.kontakt-elektro.hu\\\/hu\\\/gyartasi-megoldasok\\\/villamos-berendezesgyartas\\\/#primaryimage\",\"url\":\"https:\\\/\\\/www.kontakt-elektro.hu\\\/wp-content\\\/uploads\\\/2020\\\/08\\\/Villamos-berendezesgyartas-1-scaled.jpg\",\"contentUrl\":\"https:\\\/\\\/www.kontakt-elektro.hu\\\/wp-content\\\/uploads\\\/2020\\\/08\\\/Villamos-berendezesgyartas-1-scaled.jpg\",\"width\":2560,\"height\":917},{\"@type\":\"BreadcrumbList\",\"@id\":\"https:\\\/\\\/www.kontakt-elektro.hu\\\/hu\\\/gyartasi-megoldasok\\\/villamos-berendezesgyartas\\\/#breadcrumb\",\"itemListElement\":[{\"@type\":\"ListItem\",\"position\":1,\"name\":\"kezd\u0151lap\",\"item\":\"https:\\\/\\\/www.kontakt-elektro.hu\\\/hu\\\/\"},{\"@type\":\"ListItem\",\"position\":2,\"name\":\"Gy\u00e1rt\u00e1si megold\u00e1sok\",\"item\":\"https:\\\/\\\/www.kontakt-elektro.hu\\\/hu\\\/gyartasi-megoldasok\\\/\"},{\"@type\":\"ListItem\",\"position\":3,\"name\":\"Villamos berendez\u00e9sgy\u00e1rt\u00e1s\"}]},{\"@type\":\"WebSite\",\"@id\":\"https:\\\/\\\/www.kontakt-elektro.hu\\\/en\\\/#website\",\"url\":\"https:\\\/\\\/www.kontakt-elektro.hu\\\/en\\\/\",\"name\":\"Kontakt Elektro\",\"description\":\"\",\"publisher\":{\"@id\":\"https:\\\/\\\/www.kontakt-elektro.hu\\\/en\\\/#organization\"},\"potentialAction\":[{\"@type\":\"SearchAction\",\"target\":{\"@type\":\"EntryPoint\",\"urlTemplate\":\"https:\\\/\\\/www.kontakt-elektro.hu\\\/en\\\/?s={search_term_string}\"},\"query-input\":{\"@type\":\"PropertyValueSpecification\",\"valueRequired\":true,\"valueName\":\"search_term_string\"}}],\"inLanguage\":\"hu\"},{\"@type\":\"Organization\",\"@id\":\"https:\\\/\\\/www.kontakt-elektro.hu\\\/en\\\/#organization\",\"name\":\"Kontakt Elektro\",\"url\":\"https:\\\/\\\/www.kontakt-elektro.hu\\\/en\\\/\",\"logo\":{\"@type\":\"ImageObject\",\"inLanguage\":\"hu\",\"@id\":\"https:\\\/\\\/www.kontakt-elektro.hu\\\/en\\\/#\\\/schema\\\/logo\\\/image\\\/\",\"url\":\"https:\\\/\\\/www.kontakt-elektro.hu\\\/wp-content\\\/uploads\\\/2021\\\/05\\\/Kontakt-Elektro.jpg\",\"contentUrl\":\"https:\\\/\\\/www.kontakt-elektro.hu\\\/wp-content\\\/uploads\\\/2021\\\/05\\\/Kontakt-Elektro.jpg\",\"width\":1200,\"height\":630,\"caption\":\"Kontakt Elektro\"},\"image\":{\"@id\":\"https:\\\/\\\/www.kontakt-elektro.hu\\\/en\\\/#\\\/schema\\\/logo\\\/image\\\/\"},\"sameAs\":[\"https:\\\/\\\/www.facebook.com\\\/KONTAKT.Elektro.Kft\\\/\",\"https:\\\/\\\/www.linkedin.com\\\/company\\\/kontakt-elektro-ltd.\"]}]}<\/script>\n<!-- \/ Yoast SEO plugin. -->","yoast_head_json":{"title":"Villamos berendez\u00e9sgy\u00e1rt\u00e1s - Kontakt Elektro","robots":{"index":"index","follow":"follow","max-snippet":"max-snippet:-1","max-image-preview":"max-image-preview:large","max-video-preview":"max-video-preview:-1"},"canonical":"https:\/\/www.kontakt-elektro.hu\/hu\/gyartasi-megoldasok\/villamos-berendezesgyartas\/","og_locale":"hu_HU","og_type":"article","og_title":"Villamos berendez\u00e9sgy\u00e1rt\u00e1s - Kontakt Elektro","og_description":"[vc_row row_height_percent=&#8221;0&#8243; override_padding=&#8221;yes&#8221; h_padding=&#8221;2&#8243; top_padding=&#8221;2&#8243; bottom_padding=&#8221;2&#8243; overlay_alpha=&#8221;50&#8243; gutter_size=&#8221;3&#8243; column_width_percent=&#8221;100&#8243; shift_y=&#8221;0&#8243; z_index=&#8221;0&#8243;][vc_column width=&#8221;2\/3&#8243;][vc_column_text]T\u00e1rsas\u00e1gunk f\u0151 tev\u00e9kenys\u00e9gi k\u00f6re a villamos eloszt\u00f3- \u00e9s vez\u00e9rl\u0151szekr\u00e9nyek [&hellip;]","og_url":"https:\/\/www.kontakt-elektro.hu\/hu\/gyartasi-megoldasok\/villamos-berendezesgyartas\/","og_site_name":"Kontakt Elektro","article_publisher":"https:\/\/www.facebook.com\/KONTAKT.Elektro.Kft\/","article_modified_time":"2021-05-14T10:10:55+00:00","og_image":[{"width":2560,"height":917,"url":"https:\/\/www.kontakt-elektro.hu\/wp-content\/uploads\/2020\/08\/Villamos-berendezesgyartas-1-scaled.jpg","type":"image\/jpeg"}],"twitter_card":"summary_large_image","twitter_misc":{"Becs\u00fclt olvas\u00e1si id\u0151":"2 perc"},"schema":{"@context":"https:\/\/schema.org","@graph":[{"@type":"WebPage","@id":"https:\/\/www.kontakt-elektro.hu\/hu\/gyartasi-megoldasok\/villamos-berendezesgyartas\/","url":"https:\/\/www.kontakt-elektro.hu\/hu\/gyartasi-megoldasok\/villamos-berendezesgyartas\/","name":"Villamos berendez\u00e9sgy\u00e1rt\u00e1s - Kontakt Elektro","isPartOf":{"@id":"https:\/\/www.kontakt-elektro.hu\/en\/#website"},"primaryImageOfPage":{"@id":"https:\/\/www.kontakt-elektro.hu\/hu\/gyartasi-megoldasok\/villamos-berendezesgyartas\/#primaryimage"},"image":{"@id":"https:\/\/www.kontakt-elektro.hu\/hu\/gyartasi-megoldasok\/villamos-berendezesgyartas\/#primaryimage"},"thumbnailUrl":"https:\/\/www.kontakt-elektro.hu\/wp-content\/uploads\/2020\/08\/Villamos-berendezesgyartas-1-scaled.jpg","datePublished":"2020-07-01T09:50:37+00:00","dateModified":"2021-05-14T10:10:55+00:00","breadcrumb":{"@id":"https:\/\/www.kontakt-elektro.hu\/hu\/gyartasi-megoldasok\/villamos-berendezesgyartas\/#breadcrumb"},"inLanguage":"hu","potentialAction":[{"@type":"ReadAction","target":["https:\/\/www.kontakt-elektro.hu\/hu\/gyartasi-megoldasok\/villamos-berendezesgyartas\/"]}]},{"@type":"ImageObject","inLanguage":"hu","@id":"https:\/\/www.kontakt-elektro.hu\/hu\/gyartasi-megoldasok\/villamos-berendezesgyartas\/#primaryimage","url":"https:\/\/www.kontakt-elektro.hu\/wp-content\/uploads\/2020\/08\/Villamos-berendezesgyartas-1-scaled.jpg","contentUrl":"https:\/\/www.kontakt-elektro.hu\/wp-content\/uploads\/2020\/08\/Villamos-berendezesgyartas-1-scaled.jpg","width":2560,"height":917},{"@type":"BreadcrumbList","@id":"https:\/\/www.kontakt-elektro.hu\/hu\/gyartasi-megoldasok\/villamos-berendezesgyartas\/#breadcrumb","itemListElement":[{"@type":"ListItem","position":1,"name":"kezd\u0151lap","item":"https:\/\/www.kontakt-elektro.hu\/hu\/"},{"@type":"ListItem","position":2,"name":"Gy\u00e1rt\u00e1si megold\u00e1sok","item":"https:\/\/www.kontakt-elektro.hu\/hu\/gyartasi-megoldasok\/"},{"@type":"ListItem","position":3,"name":"Villamos berendez\u00e9sgy\u00e1rt\u00e1s"}]},{"@type":"WebSite","@id":"https:\/\/www.kontakt-elektro.hu\/en\/#website","url":"https:\/\/www.kontakt-elektro.hu\/en\/","name":"Kontakt Elektro","description":"","publisher":{"@id":"https:\/\/www.kontakt-elektro.hu\/en\/#organization"},"potentialAction":[{"@type":"SearchAction","target":{"@type":"EntryPoint","urlTemplate":"https:\/\/www.kontakt-elektro.hu\/en\/?s={search_term_string}"},"query-input":{"@type":"PropertyValueSpecification","valueRequired":true,"valueName":"search_term_string"}}],"inLanguage":"hu"},{"@type":"Organization","@id":"https:\/\/www.kontakt-elektro.hu\/en\/#organization","name":"Kontakt Elektro","url":"https:\/\/www.kontakt-elektro.hu\/en\/","logo":{"@type":"ImageObject","inLanguage":"hu","@id":"https:\/\/www.kontakt-elektro.hu\/en\/#\/schema\/logo\/image\/","url":"https:\/\/www.kontakt-elektro.hu\/wp-content\/uploads\/2021\/05\/Kontakt-Elektro.jpg","contentUrl":"https:\/\/www.kontakt-elektro.hu\/wp-content\/uploads\/2021\/05\/Kontakt-Elektro.jpg","width":1200,"height":630,"caption":"Kontakt Elektro"},"image":{"@id":"https:\/\/www.kontakt-elektro.hu\/en\/#\/schema\/logo\/image\/"},"sameAs":["https:\/\/www.facebook.com\/KONTAKT.Elektro.Kft\/","https:\/\/www.linkedin.com\/company\/kontakt-elektro-ltd."]}]}},"_links":{"self":[{"href":"https:\/\/www.kontakt-elektro.hu\/hu\/wp-json\/wp\/v2\/pages\/475","targetHints":{"allow":["GET"]}}],"collection":[{"href":"https:\/\/www.kontakt-elektro.hu\/hu\/wp-json\/wp\/v2\/pages"}],"about":[{"href":"https:\/\/www.kontakt-elektro.hu\/hu\/wp-json\/wp\/v2\/types\/page"}],"author":[{"embeddable":true,"href":"https:\/\/www.kontakt-elektro.hu\/hu\/wp-json\/wp\/v2\/users\/2"}],"replies":[{"embeddable":true,"href":"https:\/\/www.kontakt-elektro.hu\/hu\/wp-json\/wp\/v2\/comments?post=475"}],"version-history":[{"count":0,"href":"https:\/\/www.kontakt-elektro.hu\/hu\/wp-json\/wp\/v2\/pages\/475\/revisions"}],"up":[{"embeddable":true,"href":"https:\/\/www.kontakt-elektro.hu\/hu\/wp-json\/wp\/v2\/pages\/473"}],"wp:featuredmedia":[{"embeddable":true,"href":"https:\/\/www.kontakt-elektro.hu\/hu\/wp-json\/wp\/v2\/media\/82959"}],"wp:attachment":[{"href":"https:\/\/www.kontakt-elektro.hu\/hu\/wp-json\/wp\/v2\/media?parent=475"}],"curies":[{"name":"wp","href":"https:\/\/api.w.org\/{rel}","templated":true}]}}