{"id":467,"date":"2020-07-01T11:39:04","date_gmt":"2020-07-01T09:39:04","guid":{"rendered":"http:\/\/www.kontakt-elektro.hu\/?page_id=467"},"modified":"2021-05-14T12:03:26","modified_gmt":"2021-05-14T10:03:26","slug":"elektronikai-fejlesztes","status":"publish","type":"page","link":"https:\/\/www.kontakt-elektro.hu\/hu\/ipari-automatizalas\/elektronikai-fejlesztes\/","title":{"rendered":"Elektronikai fejleszt\u00e9s"},"content":{"rendered":"<div class=\"wpb-content-wrapper\"><p>[vc_row row_height_percent=&#8221;0&#8243; override_padding=&#8221;yes&#8221; h_padding=&#8221;2&#8243; top_padding=&#8221;2&#8243; bottom_padding=&#8221;3&#8243; overlay_alpha=&#8221;50&#8243; gutter_size=&#8221;3&#8243; column_width_percent=&#8221;100&#8243; shift_y=&#8221;0&#8243; z_index=&#8221;0&#8243;][vc_column width=&#8221;2\/3&#8243;][vc_column_text]Az ipar folyamatos \u00e9s gyors fejl\u0151d\u00e9se arra \u00f6szt\u00f6n\u00f6z minket \u00e9s partnereinket, hogy ezt a fejl\u0151d\u00e9st term\u00e9keinkkel kiszolg\u00e1ljuk, el\u0151seg\u00edts\u00fck. Ezeknek a kih\u00edv\u00e1soknak megfelelve v\u00e9gezz\u00fck elektronikai fejleszt\u00e9seinket a k\u00fcl\u00f6nb\u00f6z\u0151 feladatokra kialak\u00edtott speci\u00e1lis elektronik\u00e1ink tervez\u00e9s\u00e9vel, gy\u00e1rt\u00e1s\u00e1val. Ezekben a feladatokban sz\u00e1m\u00edthat r\u00e1nk! Felk\u00e9sz\u00fclt, tapasztalt, naprak\u00e9sz tud\u00e1ssal rendelkez\u0151, innovat\u00edv fejleszt\u0151i csapatunk \u00e1ll az \u00d6n rendelkez\u00e9s\u00e9re, hogy korszer\u0171 megold\u00e1sokat ny\u00fajtson![\/vc_column_text][vc_row_inner row_inner_height_percent=&#8221;0&#8243; overlay_alpha=&#8221;50&#8243; gutter_size=&#8221;0&#8243; shift_y=&#8221;0&#8243; z_index=&#8221;0&#8243; limit_content=&#8221;&#8221;][vc_column_inner width=&#8221;1\/1&#8243;][uncode_list icon=&#8221;fa fa-circle&#8221; icon_color=&#8221;color-775258&#8243; el_class=&#8221;text&#8211;listing&#8221;]<strong>Tev\u00e9kenys\u00e9gi k\u00f6reink:<\/strong><\/p>\n<ul>\n<li>Egyedi elektronik\u00e1k tervez\u00e9se, fejleszt\u00e9se, gy\u00e1rt\u00e1sa<\/li>\n<li>Hidraulikus rendszerek elektronikus vez\u00e9rl\u00e9se<\/li>\n<li>G\u00e9pj\u00e1rm\u0171 fel\u00e9p\u00edtm\u00e9nyek automatiz\u00e1l\u00e1sa<\/li>\n<li>Ipari elektronikus k\u00e9sz\u00fcl\u00e9kek fejleszt\u00e9se<\/li>\n<li>Belt\u00e9ri\/k\u00fclt\u00e9ri kijelz\u0151 modulok<\/li>\n<li>Adatgy\u0171jt\u0151 rendszerek<\/li>\n<li>Intelligens k\u00f6t\u0151dobozok<\/li>\n<li>Munkag\u00e9p kezel\u0151pultok<\/li>\n<li>Megjelen\u00edt\u0151 \/ Kijelz\u0151 k\u00e9sz\u00fcl\u00e9kek<\/li>\n<li>K\u00e1belszerelv\u00e9nyek, k\u00e1belkorb\u00e1csok<\/li>\n<li>Bosch Rexroth BODAS rendszer\u00e9nek integr\u00e1l\u00e1sa \u00e9s programoz\u00e1sa<\/li>\n<li>Mikrokontroller alap\u00fa be\u00e1gyazott rendszerek fejleszt\u00e9se<\/li>\n<li>Elektronikai b\u00e9rgy\u00e1rt\u00e1s<\/li>\n<\/ul>\n<p>[\/uncode_list][\/vc_column_inner][\/vc_row_inner][\/vc_column][vc_column width=&#8221;1\/3&#8243;][vc_gallery el_id=&#8221;gallery-969633&#8243; medias=&#8221;82949,82950,82951,82952&#8243; gutter_size=&#8221;2&#8243; screen_lg=&#8221;1000&#8243; screen_md=&#8221;600&#8243; screen_sm=&#8221;480&#8243; images_size=&#8221;four-three&#8221; single_overlay_color=&#8221;color-jevc&#8221; single_overlay_coloration=&#8221;bottom_gradient&#8221; single_overlay_opacity=&#8221;50&#8243; single_h_align=&#8221;center&#8221; single_v_position=&#8221;bottom&#8221; single_padding=&#8221;1&#8243; single_title_dimension=&#8221;&#8221; single_icon=&#8221;fa fa-zoom-in&#8221;][\/vc_column][\/vc_row]<\/p>\n<\/div>","protected":false},"excerpt":{"rendered":"<p>[vc_row row_height_percent=&#8221;0&#8243; override_padding=&#8221;yes&#8221; h_padding=&#8221;2&#8243; top_padding=&#8221;2&#8243; bottom_padding=&#8221;3&#8243; overlay_alpha=&#8221;50&#8243; gutter_size=&#8221;3&#8243; column_width_percent=&#8221;100&#8243; shift_y=&#8221;0&#8243; z_index=&#8221;0&#8243;][vc_column width=&#8221;2\/3&#8243;][vc_column_text]Az ipar folyamatos \u00e9s gyors fejl\u0151d\u00e9se arra \u00f6szt\u00f6n\u00f6z minket [&hellip;]<\/p>\n","protected":false},"author":2,"featured_media":83359,"parent":459,"menu_order":0,"comment_status":"closed","ping_status":"closed","template":"","meta":{"_acf_changed":false,"footnotes":""},"class_list":["post-467","page","type-page","status-publish","has-post-thumbnail","hentry","page_category-ipari-automatizalas","page_category-subpage"],"acf":[],"yoast_head":"<!-- This site is optimized with the Yoast SEO plugin v27.5 - https:\/\/yoast.com\/product\/yoast-seo-wordpress\/ -->\n<title>Elektronikai fejleszt\u00e9s - Kontakt Elektro<\/title>\n<meta name=\"robots\" content=\"index, follow, max-snippet:-1, max-image-preview:large, max-video-preview:-1\" \/>\n<link rel=\"canonical\" href=\"https:\/\/www.kontakt-elektro.hu\/ipari-automatizalas\/elektronikai-fejlesztes\/\" \/>\n<meta property=\"og:locale\" content=\"hu_HU\" \/>\n<meta property=\"og:type\" content=\"article\" \/>\n<meta property=\"og:title\" content=\"Elektronikai fejleszt\u00e9s - Kontakt Elektro\" \/>\n<meta property=\"og:description\" content=\"[vc_row row_height_percent=&#8221;0&#8243; override_padding=&#8221;yes&#8221; h_padding=&#8221;2&#8243; top_padding=&#8221;2&#8243; bottom_padding=&#8221;3&#8243; overlay_alpha=&#8221;50&#8243; gutter_size=&#8221;3&#8243; column_width_percent=&#8221;100&#8243; shift_y=&#8221;0&#8243; z_index=&#8221;0&#8243;][vc_column width=&#8221;2\/3&#8243;][vc_column_text]Az ipar folyamatos \u00e9s gyors fejl\u0151d\u00e9se arra \u00f6szt\u00f6n\u00f6z minket [&hellip;]\" \/>\n<meta property=\"og:url\" content=\"https:\/\/www.kontakt-elektro.hu\/ipari-automatizalas\/elektronikai-fejlesztes\/\" \/>\n<meta property=\"og:site_name\" content=\"Kontakt Elektro\" \/>\n<meta property=\"article:publisher\" content=\"https:\/\/www.facebook.com\/KONTAKT.Elektro.Kft\/\" \/>\n<meta property=\"article:modified_time\" content=\"2021-05-14T10:03:26+00:00\" \/>\n<meta property=\"og:image\" content=\"https:\/\/www.kontakt-elektro.hu\/wp-content\/uploads\/2020\/09\/ipari-automatizalas-2.jpeg\" \/>\n\t<meta property=\"og:image:width\" content=\"500\" \/>\n\t<meta property=\"og:image:height\" content=\"340\" \/>\n\t<meta property=\"og:image:type\" content=\"image\/jpeg\" \/>\n<meta name=\"twitter:card\" content=\"summary_large_image\" \/>\n<meta name=\"twitter:label1\" content=\"Becs\u00fclt olvas\u00e1si id\u0151\" \/>\n\t<meta name=\"twitter:data1\" content=\"2 perc\" \/>\n<script type=\"application\/ld+json\" class=\"yoast-schema-graph\">{\"@context\":\"https:\\\/\\\/schema.org\",\"@graph\":[{\"@type\":\"WebPage\",\"@id\":\"https:\\\/\\\/www.kontakt-elektro.hu\\\/ipari-automatizalas\\\/elektronikai-fejlesztes\\\/\",\"url\":\"https:\\\/\\\/www.kontakt-elektro.hu\\\/ipari-automatizalas\\\/elektronikai-fejlesztes\\\/\",\"name\":\"Elektronikai fejleszt\u00e9s - Kontakt Elektro\",\"isPartOf\":{\"@id\":\"https:\\\/\\\/www.kontakt-elektro.hu\\\/#website\"},\"primaryImageOfPage\":{\"@id\":\"https:\\\/\\\/www.kontakt-elektro.hu\\\/ipari-automatizalas\\\/elektronikai-fejlesztes\\\/#primaryimage\"},\"image\":{\"@id\":\"https:\\\/\\\/www.kontakt-elektro.hu\\\/ipari-automatizalas\\\/elektronikai-fejlesztes\\\/#primaryimage\"},\"thumbnailUrl\":\"https:\\\/\\\/www.kontakt-elektro.hu\\\/wp-content\\\/uploads\\\/2020\\\/09\\\/ipari-automatizalas-2.jpeg\",\"datePublished\":\"2020-07-01T09:39:04+00:00\",\"dateModified\":\"2021-05-14T10:03:26+00:00\",\"breadcrumb\":{\"@id\":\"https:\\\/\\\/www.kontakt-elektro.hu\\\/ipari-automatizalas\\\/elektronikai-fejlesztes\\\/#breadcrumb\"},\"inLanguage\":\"hu\",\"potentialAction\":[{\"@type\":\"ReadAction\",\"target\":[\"https:\\\/\\\/www.kontakt-elektro.hu\\\/ipari-automatizalas\\\/elektronikai-fejlesztes\\\/\"]}]},{\"@type\":\"ImageObject\",\"inLanguage\":\"hu\",\"@id\":\"https:\\\/\\\/www.kontakt-elektro.hu\\\/ipari-automatizalas\\\/elektronikai-fejlesztes\\\/#primaryimage\",\"url\":\"https:\\\/\\\/www.kontakt-elektro.hu\\\/wp-content\\\/uploads\\\/2020\\\/09\\\/ipari-automatizalas-2.jpeg\",\"contentUrl\":\"https:\\\/\\\/www.kontakt-elektro.hu\\\/wp-content\\\/uploads\\\/2020\\\/09\\\/ipari-automatizalas-2.jpeg\",\"width\":500,\"height\":340},{\"@type\":\"BreadcrumbList\",\"@id\":\"https:\\\/\\\/www.kontakt-elektro.hu\\\/ipari-automatizalas\\\/elektronikai-fejlesztes\\\/#breadcrumb\",\"itemListElement\":[{\"@type\":\"ListItem\",\"position\":1,\"name\":\"kezd\u0151lap\",\"item\":\"https:\\\/\\\/www.kontakt-elektro.hu\\\/\"},{\"@type\":\"ListItem\",\"position\":2,\"name\":\"Ipari automatiz\u00e1l\u00e1s\",\"item\":\"https:\\\/\\\/www.kontakt-elektro.hu\\\/ipari-automatizalas\\\/\"},{\"@type\":\"ListItem\",\"position\":3,\"name\":\"Elektronikai fejleszt\u00e9s\"}]},{\"@type\":\"WebSite\",\"@id\":\"https:\\\/\\\/www.kontakt-elektro.hu\\\/#website\",\"url\":\"https:\\\/\\\/www.kontakt-elektro.hu\\\/\",\"name\":\"Kontakt Elektro\",\"description\":\"\",\"publisher\":{\"@id\":\"https:\\\/\\\/www.kontakt-elektro.hu\\\/#organization\"},\"potentialAction\":[{\"@type\":\"SearchAction\",\"target\":{\"@type\":\"EntryPoint\",\"urlTemplate\":\"https:\\\/\\\/www.kontakt-elektro.hu\\\/?s={search_term_string}\"},\"query-input\":{\"@type\":\"PropertyValueSpecification\",\"valueRequired\":true,\"valueName\":\"search_term_string\"}}],\"inLanguage\":\"hu\"},{\"@type\":\"Organization\",\"@id\":\"https:\\\/\\\/www.kontakt-elektro.hu\\\/#organization\",\"name\":\"Kontakt Elektro\",\"url\":\"https:\\\/\\\/www.kontakt-elektro.hu\\\/\",\"logo\":{\"@type\":\"ImageObject\",\"inLanguage\":\"hu\",\"@id\":\"https:\\\/\\\/www.kontakt-elektro.hu\\\/#\\\/schema\\\/logo\\\/image\\\/\",\"url\":\"https:\\\/\\\/www.kontakt-elektro.hu\\\/wp-content\\\/uploads\\\/2021\\\/05\\\/Kontakt-Elektro.jpg\",\"contentUrl\":\"https:\\\/\\\/www.kontakt-elektro.hu\\\/wp-content\\\/uploads\\\/2021\\\/05\\\/Kontakt-Elektro.jpg\",\"width\":1200,\"height\":630,\"caption\":\"Kontakt Elektro\"},\"image\":{\"@id\":\"https:\\\/\\\/www.kontakt-elektro.hu\\\/#\\\/schema\\\/logo\\\/image\\\/\"},\"sameAs\":[\"https:\\\/\\\/www.facebook.com\\\/KONTAKT.Elektro.Kft\\\/\",\"https:\\\/\\\/www.linkedin.com\\\/company\\\/kontakt-elektro-ltd.\"]}]}<\/script>\n<!-- \/ Yoast SEO plugin. -->","yoast_head_json":{"title":"Elektronikai fejleszt\u00e9s - Kontakt Elektro","robots":{"index":"index","follow":"follow","max-snippet":"max-snippet:-1","max-image-preview":"max-image-preview:large","max-video-preview":"max-video-preview:-1"},"canonical":"https:\/\/www.kontakt-elektro.hu\/ipari-automatizalas\/elektronikai-fejlesztes\/","og_locale":"hu_HU","og_type":"article","og_title":"Elektronikai fejleszt\u00e9s - Kontakt Elektro","og_description":"[vc_row row_height_percent=&#8221;0&#8243; override_padding=&#8221;yes&#8221; h_padding=&#8221;2&#8243; top_padding=&#8221;2&#8243; bottom_padding=&#8221;3&#8243; overlay_alpha=&#8221;50&#8243; gutter_size=&#8221;3&#8243; column_width_percent=&#8221;100&#8243; shift_y=&#8221;0&#8243; z_index=&#8221;0&#8243;][vc_column width=&#8221;2\/3&#8243;][vc_column_text]Az ipar folyamatos \u00e9s gyors fejl\u0151d\u00e9se arra \u00f6szt\u00f6n\u00f6z minket [&hellip;]","og_url":"https:\/\/www.kontakt-elektro.hu\/ipari-automatizalas\/elektronikai-fejlesztes\/","og_site_name":"Kontakt Elektro","article_publisher":"https:\/\/www.facebook.com\/KONTAKT.Elektro.Kft\/","article_modified_time":"2021-05-14T10:03:26+00:00","og_image":[{"width":500,"height":340,"url":"https:\/\/www.kontakt-elektro.hu\/wp-content\/uploads\/2020\/09\/ipari-automatizalas-2.jpeg","type":"image\/jpeg"}],"twitter_card":"summary_large_image","twitter_misc":{"Becs\u00fclt olvas\u00e1si id\u0151":"2 perc"},"schema":{"@context":"https:\/\/schema.org","@graph":[{"@type":"WebPage","@id":"https:\/\/www.kontakt-elektro.hu\/ipari-automatizalas\/elektronikai-fejlesztes\/","url":"https:\/\/www.kontakt-elektro.hu\/ipari-automatizalas\/elektronikai-fejlesztes\/","name":"Elektronikai fejleszt\u00e9s - Kontakt Elektro","isPartOf":{"@id":"https:\/\/www.kontakt-elektro.hu\/#website"},"primaryImageOfPage":{"@id":"https:\/\/www.kontakt-elektro.hu\/ipari-automatizalas\/elektronikai-fejlesztes\/#primaryimage"},"image":{"@id":"https:\/\/www.kontakt-elektro.hu\/ipari-automatizalas\/elektronikai-fejlesztes\/#primaryimage"},"thumbnailUrl":"https:\/\/www.kontakt-elektro.hu\/wp-content\/uploads\/2020\/09\/ipari-automatizalas-2.jpeg","datePublished":"2020-07-01T09:39:04+00:00","dateModified":"2021-05-14T10:03:26+00:00","breadcrumb":{"@id":"https:\/\/www.kontakt-elektro.hu\/ipari-automatizalas\/elektronikai-fejlesztes\/#breadcrumb"},"inLanguage":"hu","potentialAction":[{"@type":"ReadAction","target":["https:\/\/www.kontakt-elektro.hu\/ipari-automatizalas\/elektronikai-fejlesztes\/"]}]},{"@type":"ImageObject","inLanguage":"hu","@id":"https:\/\/www.kontakt-elektro.hu\/ipari-automatizalas\/elektronikai-fejlesztes\/#primaryimage","url":"https:\/\/www.kontakt-elektro.hu\/wp-content\/uploads\/2020\/09\/ipari-automatizalas-2.jpeg","contentUrl":"https:\/\/www.kontakt-elektro.hu\/wp-content\/uploads\/2020\/09\/ipari-automatizalas-2.jpeg","width":500,"height":340},{"@type":"BreadcrumbList","@id":"https:\/\/www.kontakt-elektro.hu\/ipari-automatizalas\/elektronikai-fejlesztes\/#breadcrumb","itemListElement":[{"@type":"ListItem","position":1,"name":"kezd\u0151lap","item":"https:\/\/www.kontakt-elektro.hu\/"},{"@type":"ListItem","position":2,"name":"Ipari automatiz\u00e1l\u00e1s","item":"https:\/\/www.kontakt-elektro.hu\/ipari-automatizalas\/"},{"@type":"ListItem","position":3,"name":"Elektronikai fejleszt\u00e9s"}]},{"@type":"WebSite","@id":"https:\/\/www.kontakt-elektro.hu\/#website","url":"https:\/\/www.kontakt-elektro.hu\/","name":"Kontakt Elektro","description":"","publisher":{"@id":"https:\/\/www.kontakt-elektro.hu\/#organization"},"potentialAction":[{"@type":"SearchAction","target":{"@type":"EntryPoint","urlTemplate":"https:\/\/www.kontakt-elektro.hu\/?s={search_term_string}"},"query-input":{"@type":"PropertyValueSpecification","valueRequired":true,"valueName":"search_term_string"}}],"inLanguage":"hu"},{"@type":"Organization","@id":"https:\/\/www.kontakt-elektro.hu\/#organization","name":"Kontakt Elektro","url":"https:\/\/www.kontakt-elektro.hu\/","logo":{"@type":"ImageObject","inLanguage":"hu","@id":"https:\/\/www.kontakt-elektro.hu\/#\/schema\/logo\/image\/","url":"https:\/\/www.kontakt-elektro.hu\/wp-content\/uploads\/2021\/05\/Kontakt-Elektro.jpg","contentUrl":"https:\/\/www.kontakt-elektro.hu\/wp-content\/uploads\/2021\/05\/Kontakt-Elektro.jpg","width":1200,"height":630,"caption":"Kontakt Elektro"},"image":{"@id":"https:\/\/www.kontakt-elektro.hu\/#\/schema\/logo\/image\/"},"sameAs":["https:\/\/www.facebook.com\/KONTAKT.Elektro.Kft\/","https:\/\/www.linkedin.com\/company\/kontakt-elektro-ltd."]}]}},"_links":{"self":[{"href":"https:\/\/www.kontakt-elektro.hu\/hu\/wp-json\/wp\/v2\/pages\/467","targetHints":{"allow":["GET"]}}],"collection":[{"href":"https:\/\/www.kontakt-elektro.hu\/hu\/wp-json\/wp\/v2\/pages"}],"about":[{"href":"https:\/\/www.kontakt-elektro.hu\/hu\/wp-json\/wp\/v2\/types\/page"}],"author":[{"embeddable":true,"href":"https:\/\/www.kontakt-elektro.hu\/hu\/wp-json\/wp\/v2\/users\/2"}],"replies":[{"embeddable":true,"href":"https:\/\/www.kontakt-elektro.hu\/hu\/wp-json\/wp\/v2\/comments?post=467"}],"version-history":[{"count":0,"href":"https:\/\/www.kontakt-elektro.hu\/hu\/wp-json\/wp\/v2\/pages\/467\/revisions"}],"up":[{"embeddable":true,"href":"https:\/\/www.kontakt-elektro.hu\/hu\/wp-json\/wp\/v2\/pages\/459"}],"wp:featuredmedia":[{"embeddable":true,"href":"https:\/\/www.kontakt-elektro.hu\/hu\/wp-json\/wp\/v2\/media\/83359"}],"wp:attachment":[{"href":"https:\/\/www.kontakt-elektro.hu\/hu\/wp-json\/wp\/v2\/media?parent=467"}],"curies":[{"name":"wp","href":"https:\/\/api.w.org\/{rel}","templated":true}]}}