{"id":463,"date":"2020-07-01T11:38:15","date_gmt":"2020-07-01T09:38:15","guid":{"rendered":"http:\/\/www.kontakt-elektro.hu\/?page_id=463"},"modified":"2021-08-04T15:43:19","modified_gmt":"2021-08-04T13:43:19","slug":"plc-programozas","status":"publish","type":"page","link":"https:\/\/www.kontakt-elektro.hu\/hu\/ipari-automatizalas\/plc-programozas\/","title":{"rendered":"PLC programoz\u00e1s"},"content":{"rendered":"<div class=\"wpb-content-wrapper\"><p>[vc_row row_height_percent=&#8221;0&#8243; override_padding=&#8221;yes&#8221; h_padding=&#8221;2&#8243; top_padding=&#8221;2&#8243; bottom_padding=&#8221;3&#8243; overlay_alpha=&#8221;50&#8243; gutter_size=&#8221;3&#8243; column_width_percent=&#8221;100&#8243; shift_y=&#8221;0&#8243; z_index=&#8221;0&#8243;][vc_column width=&#8221;1\/2&#8243;][vc_column_text]A KONTAKT-Elektro Kft. teljes k\u00f6r\u0171 automatiz\u00e1l\u00e1si megold\u00e1sokat \u00e9s kapcsol\u00f3d\u00f3 szolg\u00e1ltat\u00e1sokat k\u00edn\u00e1l az al\u00e1bbi ter\u00fcleteken[\/vc_column_text][vc_row_inner row_inner_height_percent=&#8221;0&#8243; overlay_alpha=&#8221;50&#8243; gutter_size=&#8221;0&#8243; shift_y=&#8221;0&#8243; z_index=&#8221;0&#8243; limit_content=&#8221;&#8221;][vc_column_inner width=&#8221;1\/1&#8243;][uncode_list icon=&#8221;fa fa-circle&#8221; icon_color=&#8221;color-692919&#8243; el_class=&#8221;text&#8211;listing&#8221;]<\/p>\n<ul>\n<li>PLC, Safety vez\u00e9r\u00e9l\u0151k programoz\u00e1sa<\/li>\n<li>HMI, SCADA rendszerek fejleszt\u00e9se<\/li>\n<li>Hajt\u00e1sok be\u00e1ll\u00edt\u00e1sa, optimaliz\u00e1l\u00e1sa<\/li>\n<li>Integr\u00e1ci\u00f3 IT rendszerekbe<\/li>\n<li>Ipari buszh\u00e1l\u00f3zatok alkalmaz\u00e1sa<\/li>\n<li>G\u00e9pek, rendszerek helysz\u00edni \u00fczembe helyez\u00e9se<\/li>\n<li>Hibakeres\u00e9s \u00e9s diagnosztika<\/li>\n<li>Robotprogramoz\u00e1s<\/li>\n<li>Energiamendzsment rendszerek<\/li>\n<li>Rendszerfel\u00fcgyelet \u00e9s hibaelh\u00e1r\u00edt\u00e1s ak\u00e1r 7\/24 -ben<\/li>\n<\/ul>\n<p>[\/uncode_list][uncode_list icon=&#8221;fa fa-circle&#8221; icon_color=&#8221;color-692919&#8243; el_class=&#8221;text&#8211;listing&#8221;]<strong>Alkalmazott rendszerek:<\/strong><\/p>\n<ul>\n<li>PLC: Siemens, Omron, Phoenix Contact, Bosch Rexroth, Sick<\/li>\n<li>Hajt\u00e1sok: Siemens Sinamics, Bosch Rexroth, Lenze, ABB, Danfoss, SEW<\/li>\n<li>Robotok: Fanuc, Kuka, ABB<\/li>\n<\/ul>\n<p>[\/uncode_list][\/vc_column_inner][\/vc_row_inner][\/vc_column][vc_column column_width_percent=&#8221;100&#8243; gutter_size=&#8221;3&#8243; overlay_alpha=&#8221;50&#8243; shift_x=&#8221;0&#8243; shift_y=&#8221;0&#8243; shift_y_down=&#8221;0&#8243; z_index=&#8221;0&#8243; medium_width=&#8221;0&#8243; mobile_width=&#8221;0&#8243; width=&#8221;1\/2&#8243; css=&#8221;.vc_custom_1601056703280{padding-top: 100px !important;padding-left: -50px !important;}&#8221;][vc_single_image media=&#8221;82944&#8243; media_lightbox=&#8221;yes&#8221; media_width_percent=&#8221;100&#8243;][\/vc_column][\/vc_row]<\/p>\n<\/div>","protected":false},"excerpt":{"rendered":"<p>[vc_row row_height_percent=&#8221;0&#8243; override_padding=&#8221;yes&#8221; h_padding=&#8221;2&#8243; top_padding=&#8221;2&#8243; bottom_padding=&#8221;3&#8243; overlay_alpha=&#8221;50&#8243; gutter_size=&#8221;3&#8243; column_width_percent=&#8221;100&#8243; shift_y=&#8221;0&#8243; z_index=&#8221;0&#8243;][vc_column width=&#8221;1\/2&#8243;][vc_column_text]A KONTAKT-Elektro Kft. teljes k\u00f6r\u0171 automatiz\u00e1l\u00e1si megold\u00e1sokat \u00e9s kapcsol\u00f3d\u00f3 [&hellip;]<\/p>\n","protected":false},"author":2,"featured_media":83361,"parent":459,"menu_order":0,"comment_status":"closed","ping_status":"closed","template":"","meta":{"_acf_changed":false,"footnotes":""},"class_list":["post-463","page","type-page","status-publish","has-post-thumbnail","hentry","page_category-ipari-automatizalas","page_category-subpage"],"acf":[],"yoast_head":"<!-- This site is optimized with the Yoast SEO plugin v27.5 - https:\/\/yoast.com\/product\/yoast-seo-wordpress\/ -->\n<title>PLC programoz\u00e1s - Kontakt Elektro<\/title>\n<meta name=\"robots\" content=\"index, follow, max-snippet:-1, max-image-preview:large, max-video-preview:-1\" \/>\n<link rel=\"canonical\" href=\"https:\/\/www.kontakt-elektro.hu\/ipari-automatizalas\/plc-programozas\/\" \/>\n<meta property=\"og:locale\" content=\"hu_HU\" \/>\n<meta property=\"og:type\" content=\"article\" \/>\n<meta property=\"og:title\" content=\"PLC programoz\u00e1s - Kontakt Elektro\" \/>\n<meta property=\"og:description\" content=\"[vc_row row_height_percent=&#8221;0&#8243; override_padding=&#8221;yes&#8221; h_padding=&#8221;2&#8243; top_padding=&#8221;2&#8243; bottom_padding=&#8221;3&#8243; overlay_alpha=&#8221;50&#8243; gutter_size=&#8221;3&#8243; column_width_percent=&#8221;100&#8243; shift_y=&#8221;0&#8243; z_index=&#8221;0&#8243;][vc_column width=&#8221;1\/2&#8243;][vc_column_text]A KONTAKT-Elektro Kft. teljes k\u00f6r\u0171 automatiz\u00e1l\u00e1si megold\u00e1sokat \u00e9s kapcsol\u00f3d\u00f3 [&hellip;]\" \/>\n<meta property=\"og:url\" content=\"https:\/\/www.kontakt-elektro.hu\/ipari-automatizalas\/plc-programozas\/\" \/>\n<meta property=\"og:site_name\" content=\"Kontakt Elektro\" \/>\n<meta property=\"article:publisher\" content=\"https:\/\/www.facebook.com\/KONTAKT.Elektro.Kft\/\" \/>\n<meta property=\"article:modified_time\" content=\"2021-08-04T13:43:19+00:00\" \/>\n<meta property=\"og:image\" content=\"https:\/\/www.kontakt-elektro.hu\/wp-content\/uploads\/2020\/09\/ipari-automatizalas-4.jpeg\" \/>\n\t<meta property=\"og:image:width\" content=\"510\" \/>\n\t<meta property=\"og:image:height\" content=\"340\" \/>\n\t<meta property=\"og:image:type\" content=\"image\/jpeg\" \/>\n<meta name=\"twitter:card\" content=\"summary_large_image\" \/>\n<meta name=\"twitter:label1\" content=\"Becs\u00fclt olvas\u00e1si id\u0151\" \/>\n\t<meta name=\"twitter:data1\" content=\"1 perc\" \/>\n<script type=\"application\/ld+json\" class=\"yoast-schema-graph\">{\"@context\":\"https:\\\/\\\/schema.org\",\"@graph\":[{\"@type\":\"WebPage\",\"@id\":\"https:\\\/\\\/www.kontakt-elektro.hu\\\/ipari-automatizalas\\\/plc-programozas\\\/\",\"url\":\"https:\\\/\\\/www.kontakt-elektro.hu\\\/ipari-automatizalas\\\/plc-programozas\\\/\",\"name\":\"PLC programoz\u00e1s - Kontakt Elektro\",\"isPartOf\":{\"@id\":\"https:\\\/\\\/www.kontakt-elektro.hu\\\/#website\"},\"primaryImageOfPage\":{\"@id\":\"https:\\\/\\\/www.kontakt-elektro.hu\\\/ipari-automatizalas\\\/plc-programozas\\\/#primaryimage\"},\"image\":{\"@id\":\"https:\\\/\\\/www.kontakt-elektro.hu\\\/ipari-automatizalas\\\/plc-programozas\\\/#primaryimage\"},\"thumbnailUrl\":\"https:\\\/\\\/www.kontakt-elektro.hu\\\/wp-content\\\/uploads\\\/2020\\\/09\\\/ipari-automatizalas-4.jpeg\",\"datePublished\":\"2020-07-01T09:38:15+00:00\",\"dateModified\":\"2021-08-04T13:43:19+00:00\",\"breadcrumb\":{\"@id\":\"https:\\\/\\\/www.kontakt-elektro.hu\\\/ipari-automatizalas\\\/plc-programozas\\\/#breadcrumb\"},\"inLanguage\":\"hu\",\"potentialAction\":[{\"@type\":\"ReadAction\",\"target\":[\"https:\\\/\\\/www.kontakt-elektro.hu\\\/ipari-automatizalas\\\/plc-programozas\\\/\"]}]},{\"@type\":\"ImageObject\",\"inLanguage\":\"hu\",\"@id\":\"https:\\\/\\\/www.kontakt-elektro.hu\\\/ipari-automatizalas\\\/plc-programozas\\\/#primaryimage\",\"url\":\"https:\\\/\\\/www.kontakt-elektro.hu\\\/wp-content\\\/uploads\\\/2020\\\/09\\\/ipari-automatizalas-4.jpeg\",\"contentUrl\":\"https:\\\/\\\/www.kontakt-elektro.hu\\\/wp-content\\\/uploads\\\/2020\\\/09\\\/ipari-automatizalas-4.jpeg\",\"width\":510,\"height\":340},{\"@type\":\"BreadcrumbList\",\"@id\":\"https:\\\/\\\/www.kontakt-elektro.hu\\\/ipari-automatizalas\\\/plc-programozas\\\/#breadcrumb\",\"itemListElement\":[{\"@type\":\"ListItem\",\"position\":1,\"name\":\"kezd\u0151lap\",\"item\":\"https:\\\/\\\/www.kontakt-elektro.hu\\\/\"},{\"@type\":\"ListItem\",\"position\":2,\"name\":\"Ipari automatiz\u00e1l\u00e1s\",\"item\":\"https:\\\/\\\/www.kontakt-elektro.hu\\\/ipari-automatizalas\\\/\"},{\"@type\":\"ListItem\",\"position\":3,\"name\":\"PLC programoz\u00e1s\"}]},{\"@type\":\"WebSite\",\"@id\":\"https:\\\/\\\/www.kontakt-elektro.hu\\\/#website\",\"url\":\"https:\\\/\\\/www.kontakt-elektro.hu\\\/\",\"name\":\"Kontakt Elektro\",\"description\":\"\",\"publisher\":{\"@id\":\"https:\\\/\\\/www.kontakt-elektro.hu\\\/#organization\"},\"potentialAction\":[{\"@type\":\"SearchAction\",\"target\":{\"@type\":\"EntryPoint\",\"urlTemplate\":\"https:\\\/\\\/www.kontakt-elektro.hu\\\/?s={search_term_string}\"},\"query-input\":{\"@type\":\"PropertyValueSpecification\",\"valueRequired\":true,\"valueName\":\"search_term_string\"}}],\"inLanguage\":\"hu\"},{\"@type\":\"Organization\",\"@id\":\"https:\\\/\\\/www.kontakt-elektro.hu\\\/#organization\",\"name\":\"Kontakt Elektro\",\"url\":\"https:\\\/\\\/www.kontakt-elektro.hu\\\/\",\"logo\":{\"@type\":\"ImageObject\",\"inLanguage\":\"hu\",\"@id\":\"https:\\\/\\\/www.kontakt-elektro.hu\\\/#\\\/schema\\\/logo\\\/image\\\/\",\"url\":\"https:\\\/\\\/www.kontakt-elektro.hu\\\/wp-content\\\/uploads\\\/2021\\\/05\\\/Kontakt-Elektro.jpg\",\"contentUrl\":\"https:\\\/\\\/www.kontakt-elektro.hu\\\/wp-content\\\/uploads\\\/2021\\\/05\\\/Kontakt-Elektro.jpg\",\"width\":1200,\"height\":630,\"caption\":\"Kontakt Elektro\"},\"image\":{\"@id\":\"https:\\\/\\\/www.kontakt-elektro.hu\\\/#\\\/schema\\\/logo\\\/image\\\/\"},\"sameAs\":[\"https:\\\/\\\/www.facebook.com\\\/KONTAKT.Elektro.Kft\\\/\",\"https:\\\/\\\/www.linkedin.com\\\/company\\\/kontakt-elektro-ltd.\"]}]}<\/script>\n<!-- \/ Yoast SEO plugin. -->","yoast_head_json":{"title":"PLC programoz\u00e1s - Kontakt Elektro","robots":{"index":"index","follow":"follow","max-snippet":"max-snippet:-1","max-image-preview":"max-image-preview:large","max-video-preview":"max-video-preview:-1"},"canonical":"https:\/\/www.kontakt-elektro.hu\/ipari-automatizalas\/plc-programozas\/","og_locale":"hu_HU","og_type":"article","og_title":"PLC programoz\u00e1s - Kontakt Elektro","og_description":"[vc_row row_height_percent=&#8221;0&#8243; override_padding=&#8221;yes&#8221; h_padding=&#8221;2&#8243; top_padding=&#8221;2&#8243; bottom_padding=&#8221;3&#8243; overlay_alpha=&#8221;50&#8243; gutter_size=&#8221;3&#8243; column_width_percent=&#8221;100&#8243; shift_y=&#8221;0&#8243; z_index=&#8221;0&#8243;][vc_column width=&#8221;1\/2&#8243;][vc_column_text]A KONTAKT-Elektro Kft. teljes k\u00f6r\u0171 automatiz\u00e1l\u00e1si megold\u00e1sokat \u00e9s kapcsol\u00f3d\u00f3 [&hellip;]","og_url":"https:\/\/www.kontakt-elektro.hu\/ipari-automatizalas\/plc-programozas\/","og_site_name":"Kontakt Elektro","article_publisher":"https:\/\/www.facebook.com\/KONTAKT.Elektro.Kft\/","article_modified_time":"2021-08-04T13:43:19+00:00","og_image":[{"width":510,"height":340,"url":"https:\/\/www.kontakt-elektro.hu\/wp-content\/uploads\/2020\/09\/ipari-automatizalas-4.jpeg","type":"image\/jpeg"}],"twitter_card":"summary_large_image","twitter_misc":{"Becs\u00fclt olvas\u00e1si id\u0151":"1 perc"},"schema":{"@context":"https:\/\/schema.org","@graph":[{"@type":"WebPage","@id":"https:\/\/www.kontakt-elektro.hu\/ipari-automatizalas\/plc-programozas\/","url":"https:\/\/www.kontakt-elektro.hu\/ipari-automatizalas\/plc-programozas\/","name":"PLC programoz\u00e1s - Kontakt Elektro","isPartOf":{"@id":"https:\/\/www.kontakt-elektro.hu\/#website"},"primaryImageOfPage":{"@id":"https:\/\/www.kontakt-elektro.hu\/ipari-automatizalas\/plc-programozas\/#primaryimage"},"image":{"@id":"https:\/\/www.kontakt-elektro.hu\/ipari-automatizalas\/plc-programozas\/#primaryimage"},"thumbnailUrl":"https:\/\/www.kontakt-elektro.hu\/wp-content\/uploads\/2020\/09\/ipari-automatizalas-4.jpeg","datePublished":"2020-07-01T09:38:15+00:00","dateModified":"2021-08-04T13:43:19+00:00","breadcrumb":{"@id":"https:\/\/www.kontakt-elektro.hu\/ipari-automatizalas\/plc-programozas\/#breadcrumb"},"inLanguage":"hu","potentialAction":[{"@type":"ReadAction","target":["https:\/\/www.kontakt-elektro.hu\/ipari-automatizalas\/plc-programozas\/"]}]},{"@type":"ImageObject","inLanguage":"hu","@id":"https:\/\/www.kontakt-elektro.hu\/ipari-automatizalas\/plc-programozas\/#primaryimage","url":"https:\/\/www.kontakt-elektro.hu\/wp-content\/uploads\/2020\/09\/ipari-automatizalas-4.jpeg","contentUrl":"https:\/\/www.kontakt-elektro.hu\/wp-content\/uploads\/2020\/09\/ipari-automatizalas-4.jpeg","width":510,"height":340},{"@type":"BreadcrumbList","@id":"https:\/\/www.kontakt-elektro.hu\/ipari-automatizalas\/plc-programozas\/#breadcrumb","itemListElement":[{"@type":"ListItem","position":1,"name":"kezd\u0151lap","item":"https:\/\/www.kontakt-elektro.hu\/"},{"@type":"ListItem","position":2,"name":"Ipari automatiz\u00e1l\u00e1s","item":"https:\/\/www.kontakt-elektro.hu\/ipari-automatizalas\/"},{"@type":"ListItem","position":3,"name":"PLC programoz\u00e1s"}]},{"@type":"WebSite","@id":"https:\/\/www.kontakt-elektro.hu\/#website","url":"https:\/\/www.kontakt-elektro.hu\/","name":"Kontakt Elektro","description":"","publisher":{"@id":"https:\/\/www.kontakt-elektro.hu\/#organization"},"potentialAction":[{"@type":"SearchAction","target":{"@type":"EntryPoint","urlTemplate":"https:\/\/www.kontakt-elektro.hu\/?s={search_term_string}"},"query-input":{"@type":"PropertyValueSpecification","valueRequired":true,"valueName":"search_term_string"}}],"inLanguage":"hu"},{"@type":"Organization","@id":"https:\/\/www.kontakt-elektro.hu\/#organization","name":"Kontakt Elektro","url":"https:\/\/www.kontakt-elektro.hu\/","logo":{"@type":"ImageObject","inLanguage":"hu","@id":"https:\/\/www.kontakt-elektro.hu\/#\/schema\/logo\/image\/","url":"https:\/\/www.kontakt-elektro.hu\/wp-content\/uploads\/2021\/05\/Kontakt-Elektro.jpg","contentUrl":"https:\/\/www.kontakt-elektro.hu\/wp-content\/uploads\/2021\/05\/Kontakt-Elektro.jpg","width":1200,"height":630,"caption":"Kontakt Elektro"},"image":{"@id":"https:\/\/www.kontakt-elektro.hu\/#\/schema\/logo\/image\/"},"sameAs":["https:\/\/www.facebook.com\/KONTAKT.Elektro.Kft\/","https:\/\/www.linkedin.com\/company\/kontakt-elektro-ltd."]}]}},"_links":{"self":[{"href":"https:\/\/www.kontakt-elektro.hu\/hu\/wp-json\/wp\/v2\/pages\/463","targetHints":{"allow":["GET"]}}],"collection":[{"href":"https:\/\/www.kontakt-elektro.hu\/hu\/wp-json\/wp\/v2\/pages"}],"about":[{"href":"https:\/\/www.kontakt-elektro.hu\/hu\/wp-json\/wp\/v2\/types\/page"}],"author":[{"embeddable":true,"href":"https:\/\/www.kontakt-elektro.hu\/hu\/wp-json\/wp\/v2\/users\/2"}],"replies":[{"embeddable":true,"href":"https:\/\/www.kontakt-elektro.hu\/hu\/wp-json\/wp\/v2\/comments?post=463"}],"version-history":[{"count":0,"href":"https:\/\/www.kontakt-elektro.hu\/hu\/wp-json\/wp\/v2\/pages\/463\/revisions"}],"up":[{"embeddable":true,"href":"https:\/\/www.kontakt-elektro.hu\/hu\/wp-json\/wp\/v2\/pages\/459"}],"wp:featuredmedia":[{"embeddable":true,"href":"https:\/\/www.kontakt-elektro.hu\/hu\/wp-json\/wp\/v2\/media\/83361"}],"wp:attachment":[{"href":"https:\/\/www.kontakt-elektro.hu\/hu\/wp-json\/wp\/v2\/media?parent=463"}],"curies":[{"name":"wp","href":"https:\/\/api.w.org\/{rel}","templated":true}]}}