{"id":310,"date":"2020-06-30T11:05:35","date_gmt":"2020-06-30T09:05:35","guid":{"rendered":"http:\/\/www.kontakt-elektro.hu\/?page_id=310"},"modified":"2021-05-14T12:17:00","modified_gmt":"2021-05-14T10:17:00","slug":"partnereink","status":"publish","type":"page","link":"https:\/\/www.kontakt-elektro.hu\/hu\/magunkrol\/partnereink\/","title":{"rendered":"Partnereink"},"content":{"rendered":"<div class=\"wpb-content-wrapper\"><p>[vc_row row_height_percent=&#8221;0&#8243; override_padding=&#8221;yes&#8221; h_padding=&#8221;2&#8243; top_padding=&#8221;2&#8243; bottom_padding=&#8221;3&#8243; overlay_alpha=&#8221;50&#8243; gutter_size=&#8221;3&#8243; column_width_percent=&#8221;100&#8243; shift_y=&#8221;0&#8243; z_index=&#8221;0&#8243;][vc_column column_width_percent=&#8221;100&#8243; gutter_size=&#8221;3&#8243; overlay_alpha=&#8221;50&#8243; shift_x=&#8221;0&#8243; shift_y=&#8221;0&#8243; shift_y_down=&#8221;0&#8243; z_index=&#8221;0&#8243; medium_width=&#8221;0&#8243; mobile_width=&#8221;0&#8243; width=&#8221;1\/2&#8243;][vc_custom_heading separator=&#8221;yes&#8221;]Fontosabb partnereink:[\/vc_custom_heading][uncode_list icon=&#8221;fa fa-circle&#8221; icon_color=&#8221;color-775258&#8243;]<\/p>\n<ul>\n<li><a href=\"http:\/\/www.bat.hu\/\" target=\"_blank\" rel=\"noopener noreferrer\">BAT P\u00e9csi Doh\u00e1nygy\u00e1r Kft.<\/a><\/li>\n<li><a href=\"https:\/\/bonafarmcsoport.hu\/\" target=\"_blank\" rel=\"noopener noreferrer\">Bonafarm csoport<\/a><\/li>\n<li><a href=\"http:\/\/www.carmeuse.eu\/hu\/carmeuse-hung%C3%A1ria-kft\" target=\"_blank\" rel=\"noopener noreferrer\">Carmeuse Hung\u00e1ria Kft.<\/a><\/li>\n<li><a href=\"https:\/\/www.duna-drava.hu\/hu\" target=\"_blank\" rel=\"noopener noreferrer\">Duna-Dr\u00e1va Cement Kft.<\/a><\/li>\n<li><a href=\"https:\/\/www.hankooktire.com\/hu\" target=\"_blank\" rel=\"noopener noreferrer\">Hankook Tire Magyarorsz\u00e1g Kft.<\/a><\/li>\n<li><a href=\"https:\/\/www.hanonsystems.com\/En\" target=\"_blank\" rel=\"noopener noreferrer\">Hanon Systems<\/a><\/li>\n<li><a href=\"https:\/\/www.jungheinrich.de\/\" target=\"_blank\" rel=\"noopener noreferrer\">Jungheinrich AG<\/a><\/li>\n<li>KONTAKT Engineering Kft.<\/li>\n<li><a href=\"https:\/\/www.lafarge.hu\/\" target=\"_blank\" rel=\"noopener noreferrer\">Lafarge Cement Magyarorsz\u00e1g Kft.<\/a><\/li>\n<li><a href=\"https:\/\/hu.pg.com\/\" target=\"_blank\" rel=\"noopener noreferrer\">P&amp;G<\/a><\/li>\n<li><a href=\"https:\/\/www.veolia.hu\/hu\/pecsi-eromu\" target=\"_blank\" rel=\"noopener noreferrer\">Pannon H\u0151er\u0151m\u0171 Zrt.<\/a><\/li>\n<li><a href=\"https:\/\/www.schaeffler.hu\/content.schaeffler.hu\/hu\/index.jsp\" target=\"_blank\" rel=\"noopener noreferrer\">Schaefer Savaria Kft.<\/a><\/li>\n<li><a href=\"https:\/\/new.siemens.com\/hu\/hu.html\" target=\"_blank\" rel=\"noopener noreferrer\">Siemens Zrt.<\/a><\/li>\n<li><a href=\"https:\/\/seres.hu\/\" target=\"_blank\" rel=\"noopener noreferrer\">Seres Kft.<\/a><\/li>\n<li><a href=\"https:\/\/nestro.hu\/\" target=\"_blank\" rel=\"noopener noreferrer\">Nestro Kft.<\/a><\/li>\n<li><a href=\"http:\/\/www.elmeaut.hu\/\" target=\"_blank\" rel=\"noopener noreferrer\">ELME Automatika Kft.<\/a><\/li>\n<\/ul>\n<p>[\/uncode_list][vc_custom_heading separator=&#8221;yes&#8221;]Szakmai szervezetek, int\u00e9zm\u00e9nyek:[\/vc_custom_heading][uncode_list icon=&#8221;fa fa-circle&#8221; icon_color=&#8221;color-775258&#8243;]<\/p>\n<ul>\n<li><a href=\"http:\/\/www.kormanyhivatal.hu\/hu\/baranya\" target=\"_blank\" rel=\"noopener noreferrer\">Baranya Megyei Korm\u00e1nyhivatal<\/a><\/li>\n<li><a href=\"https:\/\/ddgk.hu\/\" target=\"_blank\" rel=\"noopener noreferrer\">D\u00e9l-Dun\u00e1nt\u00fali G\u00e9pipari Klaszter<\/a><\/li>\n<li><a href=\"https:\/\/www.hfc-hungary.org\/\" target=\"_blank\" rel=\"noopener noreferrer\">Magyar Hidrog\u00e9n \u00e9s T\u00fczel\u0151anyag-cella Egyes\u00fclet<\/a><\/li>\n<li><a href=\"https:\/\/www.mmk.hu\/\" target=\"_blank\" rel=\"noopener noreferrer\">Magyar M\u00e9rn\u00f6ki Kamara<\/a><\/li>\n<li><a href=\"https:\/\/www.hfc-hungary.org\/platform\/\" target=\"_blank\" rel=\"noopener noreferrer\">Nemzeti Hidrog\u00e9ntechnol\u00f3giai Platform<\/a><\/li>\n<li><a href=\"https:\/\/www.ahkungarn.hu\/hu\/\" target=\"_blank\" rel=\"noopener noreferrer\">N\u00e9met-Magyar Ipari \u00e9s Kereskedelmi Kamara<\/a><\/li>\n<li><a href=\"https:\/\/pbkik.hu\/\" target=\"_blank\" rel=\"noopener noreferrer\">P\u00e9cs-Baranyai Kereskedelmi \u00e9s Iparkamara<\/a><\/li>\n<li><a href=\"https:\/\/www.pecs.hu\/\" target=\"_blank\" rel=\"noopener noreferrer\">P\u00e9cs Megyei Jog\u00fa V\u00e1ros<\/a><\/li>\n<li><a href=\"https:\/\/pte.hu\/hu\" target=\"_blank\" rel=\"noopener noreferrer\">P\u00e9csi Tudom\u00e1nyegyetem<\/a><\/li>\n<li><a href=\"https:\/\/www.pecsiszc.hu\/\" target=\"_blank\" rel=\"noopener noreferrer\">P\u00e9csi Szakk\u00e9pz\u00e9si Centrum<\/a><\/li>\n<li><a href=\"https:\/\/www.tuv.com\/hungary\/hu\/\" target=\"_blank\" rel=\"noopener noreferrer\">T\u00dcV Rheinland<\/a><\/li>\n<\/ul>\n<p>[\/uncode_list][\/vc_column][vc_column column_width_percent=&#8221;100&#8243; gutter_size=&#8221;3&#8243; overlay_alpha=&#8221;50&#8243; shift_x=&#8221;0&#8243; shift_y=&#8221;0&#8243; shift_y_down=&#8221;0&#8243; z_index=&#8221;0&#8243; medium_width=&#8221;0&#8243; mobile_width=&#8221;0&#8243; width=&#8221;1\/2&#8243;][vc_custom_heading separator=&#8221;yes&#8221;]Besz\u00e1ll\u00edt\u00f3 partnereink:[\/vc_custom_heading][uncode_list icon=&#8221;fa fa-circle&#8221; icon_color=&#8221;color-775258&#8243;]<\/p>\n<ul>\n<li><a href=\"https:\/\/new.abb.com\/at\" target=\"_blank\" rel=\"noopener noreferrer\">ABB<\/a><\/li>\n<li><a href=\"https:\/\/www.ballard.com\/\" target=\"_blank\" rel=\"noopener noreferrer\">Ballard<\/a><\/li>\n<li><a href=\"http:\/\/www.contelec.ch\/en\/home.html\" target=\"_blank\" rel=\"noopener noreferrer\">Contelec <\/a><\/li>\n<li><a href=\"https:\/\/www.danfoss.com\/hu-hu\/\" target=\"_blank\" rel=\"noopener noreferrer\">Danfoss<\/a><\/li>\n<li><a href=\"https:\/\/www.dehn.hu\/hu\/dehnselect-it\" target=\"_blank\" rel=\"noopener noreferrer\">Dehn <\/a><\/li>\n<li><a href=\"http:\/\/www.eaton.eu\/Europe\/index.htm\" target=\"_blank\" rel=\"noopener noreferrer\">Eaton<\/a><\/li>\n<li><a href=\"https:\/\/www.findernet.com\/hu\/hungary\" target=\"_blank\" rel=\"noopener noreferrer\">Finder <\/a><\/li>\n<li><a href=\"https:\/\/www.harting.com\/HU\/en-gb\" target=\"_blank\" rel=\"noopener noreferrer\">Harting<\/a><\/li>\n<li><a href=\"https:\/\/www.hydrogenics.com\/\" target=\"_blank\" rel=\"noopener noreferrer\">Hydrogenics<\/a><\/li>\n<li><a href=\"https:\/\/www.ifm.com\/\" target=\"_blank\" rel=\"noopener noreferrer\">ifm<\/a><\/li>\n<li><a href=\"https:\/\/www.lappkabel.com\/\" target=\"_blank\" rel=\"noopener noreferrer\">Lapp Kabel<\/a><\/li>\n<li><a href=\"https:\/\/www.lenze.com\/en-hu\/\" target=\"_blank\" rel=\"noopener noreferrer\">Lenze<\/a><\/li>\n<li><a href=\"https:\/\/www.riedel-trafobau.de\/\" target=\"_blank\" rel=\"noopener noreferrer\">Michael Riedel <\/a><\/li>\n<li><a href=\"https:\/\/www.motrona.com\/de\/startseite.html\" target=\"_blank\" rel=\"noopener noreferrer\">Motrona<\/a><\/li>\n<li><a href=\"https:\/\/www.murrelektronik.uk\/gb\/\" target=\"_blank\" rel=\"noopener noreferrer\">Murr Elektronik <\/a><\/li>\n<li><a href=\"https:\/\/www.novotechnik.de\/home\/\" target=\"_blank\" rel=\"noopener noreferrer\">Novotechnik <\/a><\/li>\n<li><a href=\"https:\/\/obo.hu\/hu-hu\" target=\"_blank\" rel=\"noopener noreferrer\">OBO Bettermann <\/a><\/li>\n<li><a href=\"https:\/\/www.omron.com\/global\/en\/\" target=\"_blank\" rel=\"noopener noreferrer\">Omron <\/a><\/li>\n<li><a href=\"https:\/\/www.pepperl-fuchs.com\/global\/en\/index.htm\" target=\"_blank\" rel=\"noopener noreferrer\">PEPPERL+FUCHS<\/a><\/li>\n<li><a href=\"https:\/\/www.phoenixcontact.com\/online\/portal\/pc\" target=\"_blank\" rel=\"noopener noreferrer\">Phoenix Contact<\/a><\/li>\n<li><a href=\"https:\/\/www.pilz.com\/en-INT\" target=\"_blank\" rel=\"noopener noreferrer\">Pilz <\/a><\/li>\n<li><a href=\"https:\/\/www.boschrexroth.com\/hu\/hu\/\" target=\"_blank\" rel=\"noopener noreferrer\">Rexroth<\/a><\/li>\n<li><a href=\"https:\/\/www.rittal.com\/com-en\/\" target=\"_blank\" rel=\"noopener noreferrer\">RITTAL <\/a><\/li>\n<li><a href=\"https:\/\/www.rockwellautomation.com\/\" target=\"_blank\" rel=\"noopener noreferrer\">Rockwell <\/a><\/li>\n<li><a href=\"https:\/\/www.se.com\/hu\/hu\" target=\"_blank\" rel=\"noopener noreferrer\">Schneider Electric <\/a><\/li>\n<li><a href=\"https:\/\/www.sick.com\/at\/en\/\" target=\"_blank\" rel=\"noopener noreferrer\">SICK<\/a><\/li>\n<li><a href=\"https:\/\/www.siemens.com\/global\/en.html\" target=\"_blank\" rel=\"noopener noreferrer\">Siemens<\/a><\/li>\n<li><a href=\"https:\/\/www.rstahl.hu\/hu\/fooldal\" target=\"_blank\" rel=\"noopener noreferrer\">Stahl<\/a><\/li>\n<li><a href=\"https:\/\/www.wago.com\/hu\/\" target=\"_blank\" rel=\"noopener noreferrer\">Wago <\/a><\/li>\n<li><a href=\"https:\/\/www.weidmueller.com\/int\/index.jsp\" target=\"_blank\" rel=\"noopener noreferrer\">Weidm\u00fcller<\/a><\/li>\n<\/ul>\n<p>[\/uncode_list][\/vc_column][\/vc_row][vc_row unlock_row_content=&#8221;yes&#8221; row_height_percent=&#8221;0&#8243; override_padding=&#8221;yes&#8221; h_padding=&#8221;0&#8243; top_padding=&#8221;2&#8243; bottom_padding=&#8221;2&#8243; overlay_alpha=&#8221;50&#8243; gutter_size=&#8221;3&#8243; column_width_percent=&#8221;100&#8243; shift_y=&#8221;0&#8243; z_index=&#8221;0&#8243;][vc_column width=&#8221;1\/1&#8243;][uncode_block id=&#8221;83020&#8243;][\/vc_column][\/vc_row]<\/p>\n<\/div>","protected":false},"excerpt":{"rendered":"<p>[vc_row row_height_percent=&#8221;0&#8243; override_padding=&#8221;yes&#8221; h_padding=&#8221;2&#8243; top_padding=&#8221;2&#8243; bottom_padding=&#8221;3&#8243; overlay_alpha=&#8221;50&#8243; gutter_size=&#8221;3&#8243; column_width_percent=&#8221;100&#8243; shift_y=&#8221;0&#8243; z_index=&#8221;0&#8243;][vc_column column_width_percent=&#8221;100&#8243; gutter_size=&#8221;3&#8243; overlay_alpha=&#8221;50&#8243; shift_x=&#8221;0&#8243; shift_y=&#8221;0&#8243; shift_y_down=&#8221;0&#8243; z_index=&#8221;0&#8243; medium_width=&#8221;0&#8243; mobile_width=&#8221;0&#8243; [&hellip;]<\/p>\n","protected":false},"author":2,"featured_media":83750,"parent":285,"menu_order":1,"comment_status":"closed","ping_status":"closed","template":"","meta":{"_acf_changed":false,"footnotes":""},"class_list":["post-310","page","type-page","status-publish","has-post-thumbnail","hentry","page_category-cegunkrol","page_category-subpage"],"acf":[],"yoast_head":"<!-- This site is optimized with the Yoast SEO plugin v27.5 - https:\/\/yoast.com\/product\/yoast-seo-wordpress\/ -->\n<title>Partnereink - Kontakt Elektro<\/title>\n<meta name=\"robots\" content=\"index, follow, max-snippet:-1, max-image-preview:large, max-video-preview:-1\" \/>\n<link rel=\"canonical\" href=\"https:\/\/www.kontakt-elektro.hu\/magunkrol\/partnereink\/\" \/>\n<meta property=\"og:locale\" content=\"hu_HU\" \/>\n<meta property=\"og:type\" content=\"article\" \/>\n<meta property=\"og:title\" content=\"Partnereink - Kontakt Elektro\" \/>\n<meta property=\"og:description\" content=\"[vc_row row_height_percent=&#8221;0&#8243; override_padding=&#8221;yes&#8221; h_padding=&#8221;2&#8243; top_padding=&#8221;2&#8243; bottom_padding=&#8221;3&#8243; overlay_alpha=&#8221;50&#8243; gutter_size=&#8221;3&#8243; column_width_percent=&#8221;100&#8243; shift_y=&#8221;0&#8243; z_index=&#8221;0&#8243;][vc_column column_width_percent=&#8221;100&#8243; gutter_size=&#8221;3&#8243; overlay_alpha=&#8221;50&#8243; shift_x=&#8221;0&#8243; shift_y=&#8221;0&#8243; shift_y_down=&#8221;0&#8243; z_index=&#8221;0&#8243; medium_width=&#8221;0&#8243; mobile_width=&#8221;0&#8243; [&hellip;]\" \/>\n<meta property=\"og:url\" content=\"https:\/\/www.kontakt-elektro.hu\/magunkrol\/partnereink\/\" \/>\n<meta property=\"og:site_name\" content=\"Kontakt Elektro\" \/>\n<meta property=\"article:publisher\" content=\"https:\/\/www.facebook.com\/KONTAKT.Elektro.Kft\/\" \/>\n<meta property=\"article:modified_time\" content=\"2021-05-14T10:17:00+00:00\" \/>\n<meta property=\"og:image\" content=\"https:\/\/www.kontakt-elektro.hu\/wp-content\/uploads\/2020\/09\/Partnereink.jpeg\" \/>\n\t<meta property=\"og:image:width\" content=\"500\" \/>\n\t<meta property=\"og:image:height\" content=\"249\" \/>\n\t<meta property=\"og:image:type\" content=\"image\/jpeg\" \/>\n<meta name=\"twitter:card\" content=\"summary_large_image\" \/>\n<meta name=\"twitter:label1\" content=\"Becs\u00fclt olvas\u00e1si id\u0151\" \/>\n\t<meta name=\"twitter:data1\" content=\"2 perc\" \/>\n<script type=\"application\/ld+json\" class=\"yoast-schema-graph\">{\"@context\":\"https:\\\/\\\/schema.org\",\"@graph\":[{\"@type\":\"WebPage\",\"@id\":\"https:\\\/\\\/www.kontakt-elektro.hu\\\/magunkrol\\\/partnereink\\\/\",\"url\":\"https:\\\/\\\/www.kontakt-elektro.hu\\\/magunkrol\\\/partnereink\\\/\",\"name\":\"Partnereink - Kontakt Elektro\",\"isPartOf\":{\"@id\":\"https:\\\/\\\/www.kontakt-elektro.hu\\\/#website\"},\"primaryImageOfPage\":{\"@id\":\"https:\\\/\\\/www.kontakt-elektro.hu\\\/magunkrol\\\/partnereink\\\/#primaryimage\"},\"image\":{\"@id\":\"https:\\\/\\\/www.kontakt-elektro.hu\\\/magunkrol\\\/partnereink\\\/#primaryimage\"},\"thumbnailUrl\":\"https:\\\/\\\/www.kontakt-elektro.hu\\\/wp-content\\\/uploads\\\/2020\\\/09\\\/Partnereink.jpeg\",\"datePublished\":\"2020-06-30T09:05:35+00:00\",\"dateModified\":\"2021-05-14T10:17:00+00:00\",\"breadcrumb\":{\"@id\":\"https:\\\/\\\/www.kontakt-elektro.hu\\\/magunkrol\\\/partnereink\\\/#breadcrumb\"},\"inLanguage\":\"hu\",\"potentialAction\":[{\"@type\":\"ReadAction\",\"target\":[\"https:\\\/\\\/www.kontakt-elektro.hu\\\/magunkrol\\\/partnereink\\\/\"]}]},{\"@type\":\"ImageObject\",\"inLanguage\":\"hu\",\"@id\":\"https:\\\/\\\/www.kontakt-elektro.hu\\\/magunkrol\\\/partnereink\\\/#primaryimage\",\"url\":\"https:\\\/\\\/www.kontakt-elektro.hu\\\/wp-content\\\/uploads\\\/2020\\\/09\\\/Partnereink.jpeg\",\"contentUrl\":\"https:\\\/\\\/www.kontakt-elektro.hu\\\/wp-content\\\/uploads\\\/2020\\\/09\\\/Partnereink.jpeg\",\"width\":500,\"height\":249},{\"@type\":\"BreadcrumbList\",\"@id\":\"https:\\\/\\\/www.kontakt-elektro.hu\\\/magunkrol\\\/partnereink\\\/#breadcrumb\",\"itemListElement\":[{\"@type\":\"ListItem\",\"position\":1,\"name\":\"kezd\u0151lap\",\"item\":\"https:\\\/\\\/www.kontakt-elektro.hu\\\/\"},{\"@type\":\"ListItem\",\"position\":2,\"name\":\"Magunkr\u00f3l\",\"item\":\"https:\\\/\\\/www.kontakt-elektro.hu\\\/magunkrol\\\/\"},{\"@type\":\"ListItem\",\"position\":3,\"name\":\"Partnereink\"}]},{\"@type\":\"WebSite\",\"@id\":\"https:\\\/\\\/www.kontakt-elektro.hu\\\/#website\",\"url\":\"https:\\\/\\\/www.kontakt-elektro.hu\\\/\",\"name\":\"Kontakt Elektro\",\"description\":\"\",\"publisher\":{\"@id\":\"https:\\\/\\\/www.kontakt-elektro.hu\\\/#organization\"},\"potentialAction\":[{\"@type\":\"SearchAction\",\"target\":{\"@type\":\"EntryPoint\",\"urlTemplate\":\"https:\\\/\\\/www.kontakt-elektro.hu\\\/?s={search_term_string}\"},\"query-input\":{\"@type\":\"PropertyValueSpecification\",\"valueRequired\":true,\"valueName\":\"search_term_string\"}}],\"inLanguage\":\"hu\"},{\"@type\":\"Organization\",\"@id\":\"https:\\\/\\\/www.kontakt-elektro.hu\\\/#organization\",\"name\":\"Kontakt Elektro\",\"url\":\"https:\\\/\\\/www.kontakt-elektro.hu\\\/\",\"logo\":{\"@type\":\"ImageObject\",\"inLanguage\":\"hu\",\"@id\":\"https:\\\/\\\/www.kontakt-elektro.hu\\\/#\\\/schema\\\/logo\\\/image\\\/\",\"url\":\"https:\\\/\\\/www.kontakt-elektro.hu\\\/wp-content\\\/uploads\\\/2021\\\/05\\\/Kontakt-Elektro.jpg\",\"contentUrl\":\"https:\\\/\\\/www.kontakt-elektro.hu\\\/wp-content\\\/uploads\\\/2021\\\/05\\\/Kontakt-Elektro.jpg\",\"width\":1200,\"height\":630,\"caption\":\"Kontakt Elektro\"},\"image\":{\"@id\":\"https:\\\/\\\/www.kontakt-elektro.hu\\\/#\\\/schema\\\/logo\\\/image\\\/\"},\"sameAs\":[\"https:\\\/\\\/www.facebook.com\\\/KONTAKT.Elektro.Kft\\\/\",\"https:\\\/\\\/www.linkedin.com\\\/company\\\/kontakt-elektro-ltd.\"]}]}<\/script>\n<!-- \/ Yoast SEO plugin. -->","yoast_head_json":{"title":"Partnereink - Kontakt Elektro","robots":{"index":"index","follow":"follow","max-snippet":"max-snippet:-1","max-image-preview":"max-image-preview:large","max-video-preview":"max-video-preview:-1"},"canonical":"https:\/\/www.kontakt-elektro.hu\/magunkrol\/partnereink\/","og_locale":"hu_HU","og_type":"article","og_title":"Partnereink - Kontakt Elektro","og_description":"[vc_row row_height_percent=&#8221;0&#8243; override_padding=&#8221;yes&#8221; h_padding=&#8221;2&#8243; top_padding=&#8221;2&#8243; bottom_padding=&#8221;3&#8243; overlay_alpha=&#8221;50&#8243; gutter_size=&#8221;3&#8243; column_width_percent=&#8221;100&#8243; shift_y=&#8221;0&#8243; z_index=&#8221;0&#8243;][vc_column column_width_percent=&#8221;100&#8243; gutter_size=&#8221;3&#8243; overlay_alpha=&#8221;50&#8243; shift_x=&#8221;0&#8243; shift_y=&#8221;0&#8243; shift_y_down=&#8221;0&#8243; z_index=&#8221;0&#8243; medium_width=&#8221;0&#8243; mobile_width=&#8221;0&#8243; [&hellip;]","og_url":"https:\/\/www.kontakt-elektro.hu\/magunkrol\/partnereink\/","og_site_name":"Kontakt Elektro","article_publisher":"https:\/\/www.facebook.com\/KONTAKT.Elektro.Kft\/","article_modified_time":"2021-05-14T10:17:00+00:00","og_image":[{"width":500,"height":249,"url":"https:\/\/www.kontakt-elektro.hu\/wp-content\/uploads\/2020\/09\/Partnereink.jpeg","type":"image\/jpeg"}],"twitter_card":"summary_large_image","twitter_misc":{"Becs\u00fclt olvas\u00e1si id\u0151":"2 perc"},"schema":{"@context":"https:\/\/schema.org","@graph":[{"@type":"WebPage","@id":"https:\/\/www.kontakt-elektro.hu\/magunkrol\/partnereink\/","url":"https:\/\/www.kontakt-elektro.hu\/magunkrol\/partnereink\/","name":"Partnereink - Kontakt Elektro","isPartOf":{"@id":"https:\/\/www.kontakt-elektro.hu\/#website"},"primaryImageOfPage":{"@id":"https:\/\/www.kontakt-elektro.hu\/magunkrol\/partnereink\/#primaryimage"},"image":{"@id":"https:\/\/www.kontakt-elektro.hu\/magunkrol\/partnereink\/#primaryimage"},"thumbnailUrl":"https:\/\/www.kontakt-elektro.hu\/wp-content\/uploads\/2020\/09\/Partnereink.jpeg","datePublished":"2020-06-30T09:05:35+00:00","dateModified":"2021-05-14T10:17:00+00:00","breadcrumb":{"@id":"https:\/\/www.kontakt-elektro.hu\/magunkrol\/partnereink\/#breadcrumb"},"inLanguage":"hu","potentialAction":[{"@type":"ReadAction","target":["https:\/\/www.kontakt-elektro.hu\/magunkrol\/partnereink\/"]}]},{"@type":"ImageObject","inLanguage":"hu","@id":"https:\/\/www.kontakt-elektro.hu\/magunkrol\/partnereink\/#primaryimage","url":"https:\/\/www.kontakt-elektro.hu\/wp-content\/uploads\/2020\/09\/Partnereink.jpeg","contentUrl":"https:\/\/www.kontakt-elektro.hu\/wp-content\/uploads\/2020\/09\/Partnereink.jpeg","width":500,"height":249},{"@type":"BreadcrumbList","@id":"https:\/\/www.kontakt-elektro.hu\/magunkrol\/partnereink\/#breadcrumb","itemListElement":[{"@type":"ListItem","position":1,"name":"kezd\u0151lap","item":"https:\/\/www.kontakt-elektro.hu\/"},{"@type":"ListItem","position":2,"name":"Magunkr\u00f3l","item":"https:\/\/www.kontakt-elektro.hu\/magunkrol\/"},{"@type":"ListItem","position":3,"name":"Partnereink"}]},{"@type":"WebSite","@id":"https:\/\/www.kontakt-elektro.hu\/#website","url":"https:\/\/www.kontakt-elektro.hu\/","name":"Kontakt Elektro","description":"","publisher":{"@id":"https:\/\/www.kontakt-elektro.hu\/#organization"},"potentialAction":[{"@type":"SearchAction","target":{"@type":"EntryPoint","urlTemplate":"https:\/\/www.kontakt-elektro.hu\/?s={search_term_string}"},"query-input":{"@type":"PropertyValueSpecification","valueRequired":true,"valueName":"search_term_string"}}],"inLanguage":"hu"},{"@type":"Organization","@id":"https:\/\/www.kontakt-elektro.hu\/#organization","name":"Kontakt Elektro","url":"https:\/\/www.kontakt-elektro.hu\/","logo":{"@type":"ImageObject","inLanguage":"hu","@id":"https:\/\/www.kontakt-elektro.hu\/#\/schema\/logo\/image\/","url":"https:\/\/www.kontakt-elektro.hu\/wp-content\/uploads\/2021\/05\/Kontakt-Elektro.jpg","contentUrl":"https:\/\/www.kontakt-elektro.hu\/wp-content\/uploads\/2021\/05\/Kontakt-Elektro.jpg","width":1200,"height":630,"caption":"Kontakt Elektro"},"image":{"@id":"https:\/\/www.kontakt-elektro.hu\/#\/schema\/logo\/image\/"},"sameAs":["https:\/\/www.facebook.com\/KONTAKT.Elektro.Kft\/","https:\/\/www.linkedin.com\/company\/kontakt-elektro-ltd."]}]}},"_links":{"self":[{"href":"https:\/\/www.kontakt-elektro.hu\/hu\/wp-json\/wp\/v2\/pages\/310","targetHints":{"allow":["GET"]}}],"collection":[{"href":"https:\/\/www.kontakt-elektro.hu\/hu\/wp-json\/wp\/v2\/pages"}],"about":[{"href":"https:\/\/www.kontakt-elektro.hu\/hu\/wp-json\/wp\/v2\/types\/page"}],"author":[{"embeddable":true,"href":"https:\/\/www.kontakt-elektro.hu\/hu\/wp-json\/wp\/v2\/users\/2"}],"replies":[{"embeddable":true,"href":"https:\/\/www.kontakt-elektro.hu\/hu\/wp-json\/wp\/v2\/comments?post=310"}],"version-history":[{"count":0,"href":"https:\/\/www.kontakt-elektro.hu\/hu\/wp-json\/wp\/v2\/pages\/310\/revisions"}],"up":[{"embeddable":true,"href":"https:\/\/www.kontakt-elektro.hu\/hu\/wp-json\/wp\/v2\/pages\/285"}],"wp:featuredmedia":[{"embeddable":true,"href":"https:\/\/www.kontakt-elektro.hu\/hu\/wp-json\/wp\/v2\/media\/83750"}],"wp:attachment":[{"href":"https:\/\/www.kontakt-elektro.hu\/hu\/wp-json\/wp\/v2\/media?parent=310"}],"curies":[{"name":"wp","href":"https:\/\/api.w.org\/{rel}","templated":true}]}}