{"id":85309,"date":"2021-08-04T15:22:01","date_gmt":"2021-08-04T13:22:01","guid":{"rendered":"https:\/\/www.kontakt-elektro.hu\/?page_id=85309"},"modified":"2021-08-04T15:22:01","modified_gmt":"2021-08-04T13:22:01","slug":"group","status":"publish","type":"page","link":"https:\/\/www.kontakt-elektro.hu\/en\/production-solutions\/electricity-meter-cabinets\/group\/","title":{"rendered":"Group"},"content":{"rendered":"<div class=\"wpb-content-wrapper\"><p>[vc_row row_height_percent=&#8221;0&#8243; override_padding=&#8221;yes&#8221; h_padding=&#8221;2&#8243; top_padding=&#8221;2&#8243; bottom_padding=&#8221;3&#8243; overlay_alpha=&#8221;50&#8243; gutter_size=&#8221;3&#8243; column_width_percent=&#8221;100&#8243; shift_y=&#8221;0&#8243; z_index=&#8221;0&#8243;][vc_column width=&#8221;2\/3&#8243;][vc_column_text uncode_shortcode_id=&#8221;222413&#8243;]<strong>Group consumption meter cabinet family (KFM) indoor solution from 3 meter points<\/strong>[\/vc_column_text][vc_column_text uncode_shortcode_id=&#8221;151529&#8243;]KONTAKT-Elektro Ltd. has been producing meter cabinets since 2000. In the last decades, every area of production has undergone continuous improvement . From the start the focus was the continuous development of the meter cabinets which have been extended to design and functionality. When it comes to the exterior of the cabinets, we aim at meeting the customers\u2019 needs taking the attributes of the installation location into consideration.<\/p>\n<p>Construction: Group meter cabinet family basic types have the capacity of 3, 6, or 9 meters. The input field contains the fireman\u2019s switch, lightning protection and other devices, besides these it has a community meter and power distribution section. Additional modules can be created by combining basic types. The consumption signs are provided with permanent labelling according to the consumption location. In case of three or more meters, an unmeasured power supply panel is added to each cabinet to facilitate the establishment of the branches (busbar). The group meter cabinet can be supplemented with light-current field, which can accommodate telecommunications, cable TV devices.[\/vc_column_text][vc_row_inner row_inner_height_percent=&#8221;0&#8243; overlay_alpha=&#8221;50&#8243; gutter_size=&#8221;0&#8243; shift_y=&#8221;0&#8243; z_index=&#8221;0&#8243; limit_content=&#8221;&#8221;][vc_column_inner width=&#8221;1\/1&#8243;][uncode_list icon=&#8221;fa fa-circle&#8221; icon_color=&#8221;color-775258&#8243; el_class=&#8221;text&#8211;listing&#8221; uncode_shortcode_id=&#8221;108996&#8243; icon_color_type=&#8221;uncode-palette&#8221;]<strong>Application:<\/strong><\/p>\n<ul>\n<li>Condominium, houses, housing estates, electric consumption measurements<\/li>\n<\/ul>\n<p>[\/uncode_list][uncode_list icon=&#8221;fa fa-circle&#8221; icon_color=&#8221;color-775258&#8243; el_class=&#8221;text&#8211;listing&#8221; uncode_shortcode_id=&#8221;523778&#8243; icon_color_type=&#8221;uncode-palette&#8221;]<strong>Location:<\/strong><\/p>\n<ul>\n<li>Installed beside a wall, flush mounted, in staircases or basements.<\/li>\n<\/ul>\n<p>[\/uncode_list][uncode_list icon=&#8221;fa fa-circle&#8221; icon_color=&#8221;color-775258&#8243; el_class=&#8221;text&#8211;listing&#8221; uncode_shortcode_id=&#8221;540717&#8243; icon_color_type=&#8221;uncode-palette&#8221;]<strong>Advantages:\u00a0\u00a0\u00a0<\/strong><\/p>\n<ul>\n<li>Valid system permission issued by distribution network operators\/providers (ELM\u0170, E.On, MVM D\u00e9m\u00e1sz, \u00c9m\u00e1sz)<\/li>\n<li>Fully documented<\/li>\n<li>Individual configuration<\/li>\n<li>Easy to assemble<\/li>\n<li>competitive price<\/li>\n<li>Designer assistance<\/li>\n<\/ul>\n<p>[\/uncode_list][vc_empty_space][\/vc_column_inner][\/vc_row_inner][vc_button button_color=&#8221;color-775258&#8243; radius=&#8221;btn-circle&#8221; border_width=&#8221;0&#8243; icon_position=&#8221;right&#8221; display=&#8221;inline&#8221; icon=&#8221;fa fa-print&#8221; link=&#8221;url:http%3A%2F%2Fwww.kontakt-elektro.hu%2Fwp-content%2Fuploads%2F2021%2F02%2FCsoportos-fogyasztasmero-szekreny-prosi.pdf|target:_blank&#8221; width=&#8221;250&#8243; el_class=&#8221;btn&#8211;primary&#8221; button_color_type=&#8221;uncode-palette&#8221; uncode_shortcode_id=&#8221;168366&#8243;]Electricity meter cabinets catalogue[\/vc_button][vc_button button_color=&#8221;color-775258&#8243; radius=&#8221;btn-circle&#8221; border_width=&#8221;0&#8243; icon_position=&#8221;right&#8221; display=&#8221;inline&#8221; icon=&#8221;fa fa-print&#8221; link=&#8221;url:http%3A%2F%2Fwww.kontakt-elektro.hu%2Fwp-content%2Fuploads%2F2021%2F02%2FRendszerengedelyek-2021.pdf|target:_blank&#8221; width=&#8221;250&#8243; el_class=&#8221;btn&#8211;primary&#8221; button_color_type=&#8221;uncode-palette&#8221; uncode_shortcode_id=&#8221;188886&#8243;]Download system licence[\/vc_button][\/vc_column][vc_column width=&#8221;1\/3&#8243;][vc_gallery el_id=&#8221;gallery-182239&#8243; medias=&#8221;82992,82993&#8243; gutter_size=&#8221;2&#8243; screen_lg=&#8221;1000&#8243; screen_md=&#8221;600&#8243; screen_sm=&#8221;480&#8243; single_overlay_color=&#8221;color-jevc&#8221; single_overlay_coloration=&#8221;bottom_gradient&#8221; single_overlay_opacity=&#8221;50&#8243; single_h_align=&#8221;center&#8221; single_v_position=&#8221;bottom&#8221; single_padding=&#8221;2&#8243; single_title_dimension=&#8221;&#8221; single_icon=&#8221;fa fa-zoom-in&#8221; single_border=&#8221;yes&#8221;][\/vc_column][\/vc_row][vc_row unlock_row_content=&#8221;yes&#8221; row_height_percent=&#8221;0&#8243; override_padding=&#8221;yes&#8221; h_padding=&#8221;0&#8243; top_padding=&#8221;2&#8243; bottom_padding=&#8221;2&#8243; overlay_alpha=&#8221;50&#8243; gutter_size=&#8221;3&#8243; column_width_percent=&#8221;100&#8243; shift_y=&#8221;0&#8243; z_index=&#8221;0&#8243;][vc_column width=&#8221;1\/1&#8243;][uncode_block id=&#8221;83020&#8243;][\/vc_column][\/vc_row]<\/p>\n<\/div>","protected":false},"excerpt":{"rendered":"<p>[vc_row row_height_percent=&#8221;0&#8243; override_padding=&#8221;yes&#8221; h_padding=&#8221;2&#8243; top_padding=&#8221;2&#8243; bottom_padding=&#8221;3&#8243; overlay_alpha=&#8221;50&#8243; gutter_size=&#8221;3&#8243; column_width_percent=&#8221;100&#8243; shift_y=&#8221;0&#8243; z_index=&#8221;0&#8243;][vc_column width=&#8221;2\/3&#8243;][vc_column_text uncode_shortcode_id=&#8221;222413&#8243;]Group consumption meter cabinet family (KFM) indoor solution [&hellip;]<\/p>\n","protected":false},"author":2,"featured_media":316,"parent":85307,"menu_order":0,"comment_status":"closed","ping_status":"closed","template":"","meta":{"_acf_changed":false,"footnotes":""},"class_list":["post-85309","page","type-page","status-publish","has-post-thumbnail","hentry"],"acf":[],"yoast_head":"<!-- This site is optimized with the Yoast SEO plugin v27.3 - https:\/\/yoast.com\/product\/yoast-seo-wordpress\/ -->\n<title>Group - Kontakt Elektro<\/title>\n<meta name=\"robots\" content=\"index, follow, max-snippet:-1, max-image-preview:large, max-video-preview:-1\" \/>\n<link rel=\"canonical\" href=\"https:\/\/www.kontakt-elektro.hu\/en\/production-solutions\/electricity-meter-cabinets\/group\/\" \/>\n<meta property=\"og:locale\" content=\"en_US\" \/>\n<meta property=\"og:type\" content=\"article\" \/>\n<meta property=\"og:title\" content=\"Group - Kontakt Elektro\" \/>\n<meta property=\"og:description\" content=\"[vc_row row_height_percent=&#8221;0&#8243; override_padding=&#8221;yes&#8221; h_padding=&#8221;2&#8243; top_padding=&#8221;2&#8243; bottom_padding=&#8221;3&#8243; overlay_alpha=&#8221;50&#8243; gutter_size=&#8221;3&#8243; column_width_percent=&#8221;100&#8243; shift_y=&#8221;0&#8243; z_index=&#8221;0&#8243;][vc_column width=&#8221;2\/3&#8243;][vc_column_text uncode_shortcode_id=&#8221;222413&#8243;]Group consumption meter cabinet family (KFM) indoor solution [&hellip;]\" \/>\n<meta property=\"og:url\" content=\"https:\/\/www.kontakt-elektro.hu\/en\/production-solutions\/electricity-meter-cabinets\/group\/\" \/>\n<meta property=\"og:site_name\" content=\"Kontakt Elektro\" \/>\n<meta property=\"article:publisher\" content=\"https:\/\/www.facebook.com\/KONTAKT.Elektro.Kft\/\" \/>\n<meta property=\"og:image\" content=\"https:\/\/www.kontakt-elektro.hu\/wp-content\/uploads\/2020\/06\/Group-54.png\" \/>\n\t<meta property=\"og:image:width\" content=\"400\" \/>\n\t<meta property=\"og:image:height\" content=\"234\" \/>\n\t<meta property=\"og:image:type\" content=\"image\/png\" \/>\n<meta name=\"twitter:card\" content=\"summary_large_image\" \/>\n<meta name=\"twitter:label1\" content=\"Est. reading time\" \/>\n\t<meta name=\"twitter:data1\" content=\"2 minutes\" \/>\n<script type=\"application\/ld+json\" class=\"yoast-schema-graph\">{\"@context\":\"https:\\\/\\\/schema.org\",\"@graph\":[{\"@type\":\"WebPage\",\"@id\":\"https:\\\/\\\/www.kontakt-elektro.hu\\\/en\\\/production-solutions\\\/electricity-meter-cabinets\\\/group\\\/\",\"url\":\"https:\\\/\\\/www.kontakt-elektro.hu\\\/en\\\/production-solutions\\\/electricity-meter-cabinets\\\/group\\\/\",\"name\":\"Group - Kontakt Elektro\",\"isPartOf\":{\"@id\":\"https:\\\/\\\/www.kontakt-elektro.hu\\\/#website\"},\"primaryImageOfPage\":{\"@id\":\"https:\\\/\\\/www.kontakt-elektro.hu\\\/en\\\/production-solutions\\\/electricity-meter-cabinets\\\/group\\\/#primaryimage\"},\"image\":{\"@id\":\"https:\\\/\\\/www.kontakt-elektro.hu\\\/en\\\/production-solutions\\\/electricity-meter-cabinets\\\/group\\\/#primaryimage\"},\"thumbnailUrl\":\"https:\\\/\\\/www.kontakt-elektro.hu\\\/wp-content\\\/uploads\\\/2020\\\/06\\\/Group-54.png\",\"datePublished\":\"2021-08-04T13:22:01+00:00\",\"breadcrumb\":{\"@id\":\"https:\\\/\\\/www.kontakt-elektro.hu\\\/en\\\/production-solutions\\\/electricity-meter-cabinets\\\/group\\\/#breadcrumb\"},\"inLanguage\":\"en-US\",\"potentialAction\":[{\"@type\":\"ReadAction\",\"target\":[\"https:\\\/\\\/www.kontakt-elektro.hu\\\/en\\\/production-solutions\\\/electricity-meter-cabinets\\\/group\\\/\"]}]},{\"@type\":\"ImageObject\",\"inLanguage\":\"en-US\",\"@id\":\"https:\\\/\\\/www.kontakt-elektro.hu\\\/en\\\/production-solutions\\\/electricity-meter-cabinets\\\/group\\\/#primaryimage\",\"url\":\"https:\\\/\\\/www.kontakt-elektro.hu\\\/wp-content\\\/uploads\\\/2020\\\/06\\\/Group-54.png\",\"contentUrl\":\"https:\\\/\\\/www.kontakt-elektro.hu\\\/wp-content\\\/uploads\\\/2020\\\/06\\\/Group-54.png\",\"width\":400,\"height\":234},{\"@type\":\"BreadcrumbList\",\"@id\":\"https:\\\/\\\/www.kontakt-elektro.hu\\\/en\\\/production-solutions\\\/electricity-meter-cabinets\\\/group\\\/#breadcrumb\",\"itemListElement\":[{\"@type\":\"ListItem\",\"position\":1,\"name\":\"kezd\u0151lap\",\"item\":\"https:\\\/\\\/www.kontakt-elektro.hu\\\/en\\\/\"},{\"@type\":\"ListItem\",\"position\":2,\"name\":\"Production solutions\",\"item\":\"https:\\\/\\\/www.kontakt-elektro.hu\\\/en\\\/production-solutions\\\/\"},{\"@type\":\"ListItem\",\"position\":3,\"name\":\"Electricity meter cabinets\",\"item\":\"https:\\\/\\\/www.kontakt-elektro.hu\\\/en\\\/production-solutions\\\/electricity-meter-cabinets\\\/\"},{\"@type\":\"ListItem\",\"position\":4,\"name\":\"Group\"}]},{\"@type\":\"WebSite\",\"@id\":\"https:\\\/\\\/www.kontakt-elektro.hu\\\/#website\",\"url\":\"https:\\\/\\\/www.kontakt-elektro.hu\\\/\",\"name\":\"Kontakt Elektro\",\"description\":\"\",\"publisher\":{\"@id\":\"https:\\\/\\\/www.kontakt-elektro.hu\\\/#organization\"},\"potentialAction\":[{\"@type\":\"SearchAction\",\"target\":{\"@type\":\"EntryPoint\",\"urlTemplate\":\"https:\\\/\\\/www.kontakt-elektro.hu\\\/?s={search_term_string}\"},\"query-input\":{\"@type\":\"PropertyValueSpecification\",\"valueRequired\":true,\"valueName\":\"search_term_string\"}}],\"inLanguage\":\"en-US\"},{\"@type\":\"Organization\",\"@id\":\"https:\\\/\\\/www.kontakt-elektro.hu\\\/#organization\",\"name\":\"Kontakt Elektro\",\"url\":\"https:\\\/\\\/www.kontakt-elektro.hu\\\/\",\"logo\":{\"@type\":\"ImageObject\",\"inLanguage\":\"en-US\",\"@id\":\"https:\\\/\\\/www.kontakt-elektro.hu\\\/#\\\/schema\\\/logo\\\/image\\\/\",\"url\":\"https:\\\/\\\/www.kontakt-elektro.hu\\\/wp-content\\\/uploads\\\/2021\\\/05\\\/Kontakt-Elektro.jpg\",\"contentUrl\":\"https:\\\/\\\/www.kontakt-elektro.hu\\\/wp-content\\\/uploads\\\/2021\\\/05\\\/Kontakt-Elektro.jpg\",\"width\":1200,\"height\":630,\"caption\":\"Kontakt Elektro\"},\"image\":{\"@id\":\"https:\\\/\\\/www.kontakt-elektro.hu\\\/#\\\/schema\\\/logo\\\/image\\\/\"},\"sameAs\":[\"https:\\\/\\\/www.facebook.com\\\/KONTAKT.Elektro.Kft\\\/\",\"https:\\\/\\\/www.linkedin.com\\\/company\\\/kontakt-elektro-ltd.\"]}]}<\/script>\n<!-- \/ Yoast SEO plugin. -->","yoast_head_json":{"title":"Group - Kontakt Elektro","robots":{"index":"index","follow":"follow","max-snippet":"max-snippet:-1","max-image-preview":"max-image-preview:large","max-video-preview":"max-video-preview:-1"},"canonical":"https:\/\/www.kontakt-elektro.hu\/en\/production-solutions\/electricity-meter-cabinets\/group\/","og_locale":"en_US","og_type":"article","og_title":"Group - Kontakt Elektro","og_description":"[vc_row row_height_percent=&#8221;0&#8243; override_padding=&#8221;yes&#8221; h_padding=&#8221;2&#8243; top_padding=&#8221;2&#8243; bottom_padding=&#8221;3&#8243; overlay_alpha=&#8221;50&#8243; gutter_size=&#8221;3&#8243; column_width_percent=&#8221;100&#8243; shift_y=&#8221;0&#8243; z_index=&#8221;0&#8243;][vc_column width=&#8221;2\/3&#8243;][vc_column_text uncode_shortcode_id=&#8221;222413&#8243;]Group consumption meter cabinet family (KFM) indoor solution [&hellip;]","og_url":"https:\/\/www.kontakt-elektro.hu\/en\/production-solutions\/electricity-meter-cabinets\/group\/","og_site_name":"Kontakt Elektro","article_publisher":"https:\/\/www.facebook.com\/KONTAKT.Elektro.Kft\/","og_image":[{"width":400,"height":234,"url":"https:\/\/www.kontakt-elektro.hu\/wp-content\/uploads\/2020\/06\/Group-54.png","type":"image\/png"}],"twitter_card":"summary_large_image","twitter_misc":{"Est. reading time":"2 minutes"},"schema":{"@context":"https:\/\/schema.org","@graph":[{"@type":"WebPage","@id":"https:\/\/www.kontakt-elektro.hu\/en\/production-solutions\/electricity-meter-cabinets\/group\/","url":"https:\/\/www.kontakt-elektro.hu\/en\/production-solutions\/electricity-meter-cabinets\/group\/","name":"Group - Kontakt Elektro","isPartOf":{"@id":"https:\/\/www.kontakt-elektro.hu\/#website"},"primaryImageOfPage":{"@id":"https:\/\/www.kontakt-elektro.hu\/en\/production-solutions\/electricity-meter-cabinets\/group\/#primaryimage"},"image":{"@id":"https:\/\/www.kontakt-elektro.hu\/en\/production-solutions\/electricity-meter-cabinets\/group\/#primaryimage"},"thumbnailUrl":"https:\/\/www.kontakt-elektro.hu\/wp-content\/uploads\/2020\/06\/Group-54.png","datePublished":"2021-08-04T13:22:01+00:00","breadcrumb":{"@id":"https:\/\/www.kontakt-elektro.hu\/en\/production-solutions\/electricity-meter-cabinets\/group\/#breadcrumb"},"inLanguage":"en-US","potentialAction":[{"@type":"ReadAction","target":["https:\/\/www.kontakt-elektro.hu\/en\/production-solutions\/electricity-meter-cabinets\/group\/"]}]},{"@type":"ImageObject","inLanguage":"en-US","@id":"https:\/\/www.kontakt-elektro.hu\/en\/production-solutions\/electricity-meter-cabinets\/group\/#primaryimage","url":"https:\/\/www.kontakt-elektro.hu\/wp-content\/uploads\/2020\/06\/Group-54.png","contentUrl":"https:\/\/www.kontakt-elektro.hu\/wp-content\/uploads\/2020\/06\/Group-54.png","width":400,"height":234},{"@type":"BreadcrumbList","@id":"https:\/\/www.kontakt-elektro.hu\/en\/production-solutions\/electricity-meter-cabinets\/group\/#breadcrumb","itemListElement":[{"@type":"ListItem","position":1,"name":"kezd\u0151lap","item":"https:\/\/www.kontakt-elektro.hu\/en\/"},{"@type":"ListItem","position":2,"name":"Production solutions","item":"https:\/\/www.kontakt-elektro.hu\/en\/production-solutions\/"},{"@type":"ListItem","position":3,"name":"Electricity meter cabinets","item":"https:\/\/www.kontakt-elektro.hu\/en\/production-solutions\/electricity-meter-cabinets\/"},{"@type":"ListItem","position":4,"name":"Group"}]},{"@type":"WebSite","@id":"https:\/\/www.kontakt-elektro.hu\/#website","url":"https:\/\/www.kontakt-elektro.hu\/","name":"Kontakt Elektro","description":"","publisher":{"@id":"https:\/\/www.kontakt-elektro.hu\/#organization"},"potentialAction":[{"@type":"SearchAction","target":{"@type":"EntryPoint","urlTemplate":"https:\/\/www.kontakt-elektro.hu\/?s={search_term_string}"},"query-input":{"@type":"PropertyValueSpecification","valueRequired":true,"valueName":"search_term_string"}}],"inLanguage":"en-US"},{"@type":"Organization","@id":"https:\/\/www.kontakt-elektro.hu\/#organization","name":"Kontakt Elektro","url":"https:\/\/www.kontakt-elektro.hu\/","logo":{"@type":"ImageObject","inLanguage":"en-US","@id":"https:\/\/www.kontakt-elektro.hu\/#\/schema\/logo\/image\/","url":"https:\/\/www.kontakt-elektro.hu\/wp-content\/uploads\/2021\/05\/Kontakt-Elektro.jpg","contentUrl":"https:\/\/www.kontakt-elektro.hu\/wp-content\/uploads\/2021\/05\/Kontakt-Elektro.jpg","width":1200,"height":630,"caption":"Kontakt Elektro"},"image":{"@id":"https:\/\/www.kontakt-elektro.hu\/#\/schema\/logo\/image\/"},"sameAs":["https:\/\/www.facebook.com\/KONTAKT.Elektro.Kft\/","https:\/\/www.linkedin.com\/company\/kontakt-elektro-ltd."]}]}},"_links":{"self":[{"href":"https:\/\/www.kontakt-elektro.hu\/en\/wp-json\/wp\/v2\/pages\/85309","targetHints":{"allow":["GET"]}}],"collection":[{"href":"https:\/\/www.kontakt-elektro.hu\/en\/wp-json\/wp\/v2\/pages"}],"about":[{"href":"https:\/\/www.kontakt-elektro.hu\/en\/wp-json\/wp\/v2\/types\/page"}],"author":[{"embeddable":true,"href":"https:\/\/www.kontakt-elektro.hu\/en\/wp-json\/wp\/v2\/users\/2"}],"replies":[{"embeddable":true,"href":"https:\/\/www.kontakt-elektro.hu\/en\/wp-json\/wp\/v2\/comments?post=85309"}],"version-history":[{"count":0,"href":"https:\/\/www.kontakt-elektro.hu\/en\/wp-json\/wp\/v2\/pages\/85309\/revisions"}],"up":[{"embeddable":true,"href":"https:\/\/www.kontakt-elektro.hu\/en\/wp-json\/wp\/v2\/pages\/85307"}],"wp:featuredmedia":[{"embeddable":true,"href":"https:\/\/www.kontakt-elektro.hu\/en\/wp-json\/wp\/v2\/media\/316"}],"wp:attachment":[{"href":"https:\/\/www.kontakt-elektro.hu\/en\/wp-json\/wp\/v2\/media?parent=85309"}],"curies":[{"name":"wp","href":"https:\/\/api.w.org\/{rel}","templated":true}]}}