{"id":85307,"date":"2021-08-04T15:20:04","date_gmt":"2021-08-04T13:20:04","guid":{"rendered":"https:\/\/www.kontakt-elektro.hu\/?page_id=85307"},"modified":"2021-08-04T15:20:04","modified_gmt":"2021-08-04T13:20:04","slug":"electricity-meter-cabinets","status":"publish","type":"page","link":"https:\/\/www.kontakt-elektro.hu\/en\/production-solutions\/electricity-meter-cabinets\/","title":{"rendered":"Electricity meter cabinets"},"content":{"rendered":"<div class=\"wpb-content-wrapper\"><p>[vc_row row_height_percent=&#8221;0&#8243; override_padding=&#8221;yes&#8221; h_padding=&#8221;2&#8243; top_padding=&#8221;2&#8243; bottom_padding=&#8221;3&#8243; overlay_alpha=&#8221;50&#8243; gutter_size=&#8221;3&#8243; column_width_percent=&#8221;100&#8243; shift_y=&#8221;0&#8243; z_index=&#8221;0&#8243;][vc_column width=&#8221;2\/3&#8243;][vc_column_text uncode_shortcode_id=&#8221;281474&#8243;]KONTAKT-Elektro Ltd has been dealing with the production of electricity meter cabinets since 2000. From the start it was emphasized that the continuous development of the meter cabinets are extended to design and functionality. During the production process the cabinets can be altered based on specification as the entire process is carried out. Our electricity meter cabinets are delivered in a unit, completely assembled, and prewired. \u00a0According to our customers\u2019 needs we provide them in unique colors, electrostatically painted and with long-lasting surface protection.[\/vc_column_text][vc_row_inner row_inner_height_percent=&#8221;0&#8243; overlay_alpha=&#8221;50&#8243; gutter_size=&#8221;3&#8243; shift_y=&#8221;0&#8243; z_index=&#8221;0&#8243; limit_content=&#8221;&#8221;][vc_column_inner width=&#8221;2\/3&#8243;][uncode_list icon=&#8221;fa fa-circle&#8221; icon_color=&#8221;color-775258&#8243; el_class=&#8221;text&#8211;listing&#8221; uncode_shortcode_id=&#8221;398763&#8243; icon_color_type=&#8221;uncode-palette&#8221;]<strong>Application areas of meter cabinets:<\/strong><\/p>\n<ul>\n<li>Single-family houses<\/li>\n<li>Condominium<\/li>\n<li>Vacation homes<\/li>\n<li>Camp sites<\/li>\n<li>Pavilion<\/li>\n<li>GSM base stations<\/li>\n<li>small waterworks<\/li>\n<li>Sewage lifting installation &#8211; MOBA<\/li>\n<li>Water company and flood prevention establishments<\/li>\n<li>Industrial establishments<\/li>\n<li>Commercial establishments<\/li>\n<li>Highway operations establishments<\/li>\n<li>Agricultural &#8211; forestry establishments<\/li>\n<li>Other establishments with ground cable connectors and distributions<\/li>\n<li>Temporary meter locations<\/li>\n<\/ul>\n<p>[\/uncode_list][\/vc_column_inner][vc_column_inner width=&#8221;1\/3&#8243;][uncode_list icon=&#8221;fa fa-circle&#8221; icon_color=&#8221;color-775258&#8243; el_class=&#8221;text&#8211;listing&#8221;]<b>T\u00edpusai<\/b><strong>:<\/strong><\/p>\n<ul>\n<li><a href=\"http:\/\/www.kontakt-elektro.hu\/gyartasi-megoldasok\/fogyasztasmero-szekrenyek\/csoportos\/\">Csoportos<\/a><\/li>\n<li><a href=\"http:\/\/www.kontakt-elektro.hu\/gyartasi-megoldasok\/fogyasztasmero-szekrenyek\/uniport\/\">Uniport\u00a0<\/a><\/li>\n<li><a href=\"https:\/\/www.kontakt-elektro.hu\/gyartasi-megoldasok\/fogyasztasmero-szekrenyek\/tervezoi-oldal\/\">Tervez\u0151i oldal<\/a><\/li>\n<\/ul>\n<p>[\/uncode_list][\/vc_column_inner][\/vc_row_inner][vc_empty_space empty_h=&#8221;2&#8243;][vc_button button_color=&#8221;color-775258&#8243; radius=&#8221;btn-circle&#8221; border_width=&#8221;0&#8243; icon_position=&#8221;right&#8221; display=&#8221;inline&#8221; icon=&#8221;fa fa-print&#8221; link=&#8221;url:http%3A%2F%2Fwww.kontakt-elektro.hu%2Fwp-content%2Fuploads%2F2021%2F02%2FCsoportos-fogyasztasmero-szekreny-prosi.pdf|target:_blank&#8221; width=&#8221;250&#8243; el_class=&#8221;btn&#8211;primary&#8221; button_color_type=&#8221;uncode-palette&#8221; uncode_shortcode_id=&#8221;448135&#8243;]Electricity meter cabinets catalogue[\/vc_button][vc_button button_color=&#8221;color-775258&#8243; radius=&#8221;btn-circle&#8221; border_width=&#8221;0&#8243; icon_position=&#8221;right&#8221; display=&#8221;inline&#8221; icon=&#8221;fa fa-print&#8221; link=&#8221;url:http%3A%2F%2Fwww.kontakt-elektro.hu%2Fwp-content%2Fuploads%2F2021%2F02%2FRendszerengedelyek-2021.pdf|target:_blank&#8221; width=&#8221;250&#8243; el_class=&#8221;btn&#8211;primary&#8221; button_color_type=&#8221;uncode-palette&#8221; uncode_shortcode_id=&#8221;131736&#8243;]Download system licence[\/vc_button][\/vc_column][vc_column width=&#8221;1\/3&#8243;][vc_gallery el_id=&#8221;gallery-425200&#8243; medias=&#8221;82981,82982&#8243; gutter_size=&#8221;2&#8243; screen_lg=&#8221;1000&#8243; screen_md=&#8221;600&#8243; screen_sm=&#8221;480&#8243; single_overlay_color=&#8221;color-jevc&#8221; single_overlay_coloration=&#8221;bottom_gradient&#8221; single_overlay_opacity=&#8221;50&#8243; single_h_align=&#8221;center&#8221; single_v_position=&#8221;bottom&#8221; single_padding=&#8221;1&#8243; single_title_dimension=&#8221;&#8221; single_icon=&#8221;fa fa-zoom-in&#8221; single_border=&#8221;yes&#8221;][\/vc_column][\/vc_row]<\/p>\n<\/div>","protected":false},"excerpt":{"rendered":"<p>[vc_row row_height_percent=&#8221;0&#8243; override_padding=&#8221;yes&#8221; h_padding=&#8221;2&#8243; top_padding=&#8221;2&#8243; bottom_padding=&#8221;3&#8243; overlay_alpha=&#8221;50&#8243; gutter_size=&#8221;3&#8243; column_width_percent=&#8221;100&#8243; shift_y=&#8221;0&#8243; z_index=&#8221;0&#8243;][vc_column width=&#8221;2\/3&#8243;][vc_column_text uncode_shortcode_id=&#8221;281474&#8243;]KONTAKT-Elektro Ltd has been dealing with the production [&hellip;]<\/p>\n","protected":false},"author":2,"featured_media":83611,"parent":85296,"menu_order":0,"comment_status":"closed","ping_status":"closed","template":"","meta":{"_acf_changed":false,"footnotes":""},"class_list":["post-85307","page","type-page","status-publish","has-post-thumbnail","hentry","page_category-production-solutions"],"acf":[],"yoast_head":"<!-- This site is optimized with the Yoast SEO plugin v27.3 - https:\/\/yoast.com\/product\/yoast-seo-wordpress\/ -->\n<title>Electricity meter cabinets - Kontakt Elektro<\/title>\n<meta name=\"robots\" content=\"index, follow, max-snippet:-1, max-image-preview:large, max-video-preview:-1\" \/>\n<link rel=\"canonical\" href=\"https:\/\/www.kontakt-elektro.hu\/en\/production-solutions\/electricity-meter-cabinets\/\" \/>\n<meta property=\"og:locale\" content=\"en_US\" \/>\n<meta property=\"og:type\" content=\"article\" \/>\n<meta property=\"og:title\" content=\"Electricity meter cabinets - Kontakt Elektro\" \/>\n<meta property=\"og:description\" content=\"[vc_row row_height_percent=&#8221;0&#8243; override_padding=&#8221;yes&#8221; h_padding=&#8221;2&#8243; top_padding=&#8221;2&#8243; bottom_padding=&#8221;3&#8243; overlay_alpha=&#8221;50&#8243; gutter_size=&#8221;3&#8243; column_width_percent=&#8221;100&#8243; shift_y=&#8221;0&#8243; z_index=&#8221;0&#8243;][vc_column width=&#8221;2\/3&#8243;][vc_column_text uncode_shortcode_id=&#8221;281474&#8243;]KONTAKT-Elektro Ltd has been dealing with the production [&hellip;]\" \/>\n<meta property=\"og:url\" content=\"https:\/\/www.kontakt-elektro.hu\/en\/production-solutions\/electricity-meter-cabinets\/\" \/>\n<meta property=\"og:site_name\" content=\"Kontakt Elektro\" \/>\n<meta property=\"article:publisher\" content=\"https:\/\/www.facebook.com\/KONTAKT.Elektro.Kft\/\" \/>\n<meta property=\"og:image\" content=\"https:\/\/www.kontakt-elektro.hu\/wp-content\/uploads\/2020\/09\/kombi-fogyasztasmeroszekreny-nyitva.png\" \/>\n\t<meta property=\"og:image:width\" content=\"643\" \/>\n\t<meta property=\"og:image:height\" content=\"637\" \/>\n\t<meta property=\"og:image:type\" content=\"image\/png\" \/>\n<meta name=\"twitter:card\" content=\"summary_large_image\" \/>\n<meta name=\"twitter:label1\" content=\"Est. reading time\" \/>\n\t<meta name=\"twitter:data1\" content=\"1 minute\" \/>\n<script type=\"application\/ld+json\" class=\"yoast-schema-graph\">{\"@context\":\"https:\\\/\\\/schema.org\",\"@graph\":[{\"@type\":\"WebPage\",\"@id\":\"https:\\\/\\\/www.kontakt-elektro.hu\\\/en\\\/production-solutions\\\/electricity-meter-cabinets\\\/\",\"url\":\"https:\\\/\\\/www.kontakt-elektro.hu\\\/en\\\/production-solutions\\\/electricity-meter-cabinets\\\/\",\"name\":\"Electricity meter cabinets - Kontakt Elektro\",\"isPartOf\":{\"@id\":\"https:\\\/\\\/www.kontakt-elektro.hu\\\/#website\"},\"primaryImageOfPage\":{\"@id\":\"https:\\\/\\\/www.kontakt-elektro.hu\\\/en\\\/production-solutions\\\/electricity-meter-cabinets\\\/#primaryimage\"},\"image\":{\"@id\":\"https:\\\/\\\/www.kontakt-elektro.hu\\\/en\\\/production-solutions\\\/electricity-meter-cabinets\\\/#primaryimage\"},\"thumbnailUrl\":\"https:\\\/\\\/www.kontakt-elektro.hu\\\/wp-content\\\/uploads\\\/2020\\\/09\\\/kombi-fogyasztasmeroszekreny-nyitva.png\",\"datePublished\":\"2021-08-04T13:20:04+00:00\",\"breadcrumb\":{\"@id\":\"https:\\\/\\\/www.kontakt-elektro.hu\\\/en\\\/production-solutions\\\/electricity-meter-cabinets\\\/#breadcrumb\"},\"inLanguage\":\"en-US\",\"potentialAction\":[{\"@type\":\"ReadAction\",\"target\":[\"https:\\\/\\\/www.kontakt-elektro.hu\\\/en\\\/production-solutions\\\/electricity-meter-cabinets\\\/\"]}]},{\"@type\":\"ImageObject\",\"inLanguage\":\"en-US\",\"@id\":\"https:\\\/\\\/www.kontakt-elektro.hu\\\/en\\\/production-solutions\\\/electricity-meter-cabinets\\\/#primaryimage\",\"url\":\"https:\\\/\\\/www.kontakt-elektro.hu\\\/wp-content\\\/uploads\\\/2020\\\/09\\\/kombi-fogyasztasmeroszekreny-nyitva.png\",\"contentUrl\":\"https:\\\/\\\/www.kontakt-elektro.hu\\\/wp-content\\\/uploads\\\/2020\\\/09\\\/kombi-fogyasztasmeroszekreny-nyitva.png\",\"width\":643,\"height\":637,\"caption\":\"fogyszt\u00e1sm\u00e9r\u0151szekr\u00e9ny\"},{\"@type\":\"BreadcrumbList\",\"@id\":\"https:\\\/\\\/www.kontakt-elektro.hu\\\/en\\\/production-solutions\\\/electricity-meter-cabinets\\\/#breadcrumb\",\"itemListElement\":[{\"@type\":\"ListItem\",\"position\":1,\"name\":\"kezd\u0151lap\",\"item\":\"https:\\\/\\\/www.kontakt-elektro.hu\\\/en\\\/\"},{\"@type\":\"ListItem\",\"position\":2,\"name\":\"Production solutions\",\"item\":\"https:\\\/\\\/www.kontakt-elektro.hu\\\/en\\\/production-solutions\\\/\"},{\"@type\":\"ListItem\",\"position\":3,\"name\":\"Electricity meter cabinets\"}]},{\"@type\":\"WebSite\",\"@id\":\"https:\\\/\\\/www.kontakt-elektro.hu\\\/#website\",\"url\":\"https:\\\/\\\/www.kontakt-elektro.hu\\\/\",\"name\":\"Kontakt Elektro\",\"description\":\"\",\"publisher\":{\"@id\":\"https:\\\/\\\/www.kontakt-elektro.hu\\\/#organization\"},\"potentialAction\":[{\"@type\":\"SearchAction\",\"target\":{\"@type\":\"EntryPoint\",\"urlTemplate\":\"https:\\\/\\\/www.kontakt-elektro.hu\\\/?s={search_term_string}\"},\"query-input\":{\"@type\":\"PropertyValueSpecification\",\"valueRequired\":true,\"valueName\":\"search_term_string\"}}],\"inLanguage\":\"en-US\"},{\"@type\":\"Organization\",\"@id\":\"https:\\\/\\\/www.kontakt-elektro.hu\\\/#organization\",\"name\":\"Kontakt Elektro\",\"url\":\"https:\\\/\\\/www.kontakt-elektro.hu\\\/\",\"logo\":{\"@type\":\"ImageObject\",\"inLanguage\":\"en-US\",\"@id\":\"https:\\\/\\\/www.kontakt-elektro.hu\\\/#\\\/schema\\\/logo\\\/image\\\/\",\"url\":\"https:\\\/\\\/www.kontakt-elektro.hu\\\/wp-content\\\/uploads\\\/2021\\\/05\\\/Kontakt-Elektro.jpg\",\"contentUrl\":\"https:\\\/\\\/www.kontakt-elektro.hu\\\/wp-content\\\/uploads\\\/2021\\\/05\\\/Kontakt-Elektro.jpg\",\"width\":1200,\"height\":630,\"caption\":\"Kontakt Elektro\"},\"image\":{\"@id\":\"https:\\\/\\\/www.kontakt-elektro.hu\\\/#\\\/schema\\\/logo\\\/image\\\/\"},\"sameAs\":[\"https:\\\/\\\/www.facebook.com\\\/KONTAKT.Elektro.Kft\\\/\",\"https:\\\/\\\/www.linkedin.com\\\/company\\\/kontakt-elektro-ltd.\"]}]}<\/script>\n<!-- \/ Yoast SEO plugin. -->","yoast_head_json":{"title":"Electricity meter cabinets - Kontakt Elektro","robots":{"index":"index","follow":"follow","max-snippet":"max-snippet:-1","max-image-preview":"max-image-preview:large","max-video-preview":"max-video-preview:-1"},"canonical":"https:\/\/www.kontakt-elektro.hu\/en\/production-solutions\/electricity-meter-cabinets\/","og_locale":"en_US","og_type":"article","og_title":"Electricity meter cabinets - Kontakt Elektro","og_description":"[vc_row row_height_percent=&#8221;0&#8243; override_padding=&#8221;yes&#8221; h_padding=&#8221;2&#8243; top_padding=&#8221;2&#8243; bottom_padding=&#8221;3&#8243; overlay_alpha=&#8221;50&#8243; gutter_size=&#8221;3&#8243; column_width_percent=&#8221;100&#8243; shift_y=&#8221;0&#8243; z_index=&#8221;0&#8243;][vc_column width=&#8221;2\/3&#8243;][vc_column_text uncode_shortcode_id=&#8221;281474&#8243;]KONTAKT-Elektro Ltd has been dealing with the production [&hellip;]","og_url":"https:\/\/www.kontakt-elektro.hu\/en\/production-solutions\/electricity-meter-cabinets\/","og_site_name":"Kontakt Elektro","article_publisher":"https:\/\/www.facebook.com\/KONTAKT.Elektro.Kft\/","og_image":[{"width":643,"height":637,"url":"https:\/\/www.kontakt-elektro.hu\/wp-content\/uploads\/2020\/09\/kombi-fogyasztasmeroszekreny-nyitva.png","type":"image\/png"}],"twitter_card":"summary_large_image","twitter_misc":{"Est. reading time":"1 minute"},"schema":{"@context":"https:\/\/schema.org","@graph":[{"@type":"WebPage","@id":"https:\/\/www.kontakt-elektro.hu\/en\/production-solutions\/electricity-meter-cabinets\/","url":"https:\/\/www.kontakt-elektro.hu\/en\/production-solutions\/electricity-meter-cabinets\/","name":"Electricity meter cabinets - Kontakt Elektro","isPartOf":{"@id":"https:\/\/www.kontakt-elektro.hu\/#website"},"primaryImageOfPage":{"@id":"https:\/\/www.kontakt-elektro.hu\/en\/production-solutions\/electricity-meter-cabinets\/#primaryimage"},"image":{"@id":"https:\/\/www.kontakt-elektro.hu\/en\/production-solutions\/electricity-meter-cabinets\/#primaryimage"},"thumbnailUrl":"https:\/\/www.kontakt-elektro.hu\/wp-content\/uploads\/2020\/09\/kombi-fogyasztasmeroszekreny-nyitva.png","datePublished":"2021-08-04T13:20:04+00:00","breadcrumb":{"@id":"https:\/\/www.kontakt-elektro.hu\/en\/production-solutions\/electricity-meter-cabinets\/#breadcrumb"},"inLanguage":"en-US","potentialAction":[{"@type":"ReadAction","target":["https:\/\/www.kontakt-elektro.hu\/en\/production-solutions\/electricity-meter-cabinets\/"]}]},{"@type":"ImageObject","inLanguage":"en-US","@id":"https:\/\/www.kontakt-elektro.hu\/en\/production-solutions\/electricity-meter-cabinets\/#primaryimage","url":"https:\/\/www.kontakt-elektro.hu\/wp-content\/uploads\/2020\/09\/kombi-fogyasztasmeroszekreny-nyitva.png","contentUrl":"https:\/\/www.kontakt-elektro.hu\/wp-content\/uploads\/2020\/09\/kombi-fogyasztasmeroszekreny-nyitva.png","width":643,"height":637,"caption":"fogyszt\u00e1sm\u00e9r\u0151szekr\u00e9ny"},{"@type":"BreadcrumbList","@id":"https:\/\/www.kontakt-elektro.hu\/en\/production-solutions\/electricity-meter-cabinets\/#breadcrumb","itemListElement":[{"@type":"ListItem","position":1,"name":"kezd\u0151lap","item":"https:\/\/www.kontakt-elektro.hu\/en\/"},{"@type":"ListItem","position":2,"name":"Production solutions","item":"https:\/\/www.kontakt-elektro.hu\/en\/production-solutions\/"},{"@type":"ListItem","position":3,"name":"Electricity meter cabinets"}]},{"@type":"WebSite","@id":"https:\/\/www.kontakt-elektro.hu\/#website","url":"https:\/\/www.kontakt-elektro.hu\/","name":"Kontakt Elektro","description":"","publisher":{"@id":"https:\/\/www.kontakt-elektro.hu\/#organization"},"potentialAction":[{"@type":"SearchAction","target":{"@type":"EntryPoint","urlTemplate":"https:\/\/www.kontakt-elektro.hu\/?s={search_term_string}"},"query-input":{"@type":"PropertyValueSpecification","valueRequired":true,"valueName":"search_term_string"}}],"inLanguage":"en-US"},{"@type":"Organization","@id":"https:\/\/www.kontakt-elektro.hu\/#organization","name":"Kontakt Elektro","url":"https:\/\/www.kontakt-elektro.hu\/","logo":{"@type":"ImageObject","inLanguage":"en-US","@id":"https:\/\/www.kontakt-elektro.hu\/#\/schema\/logo\/image\/","url":"https:\/\/www.kontakt-elektro.hu\/wp-content\/uploads\/2021\/05\/Kontakt-Elektro.jpg","contentUrl":"https:\/\/www.kontakt-elektro.hu\/wp-content\/uploads\/2021\/05\/Kontakt-Elektro.jpg","width":1200,"height":630,"caption":"Kontakt Elektro"},"image":{"@id":"https:\/\/www.kontakt-elektro.hu\/#\/schema\/logo\/image\/"},"sameAs":["https:\/\/www.facebook.com\/KONTAKT.Elektro.Kft\/","https:\/\/www.linkedin.com\/company\/kontakt-elektro-ltd."]}]}},"_links":{"self":[{"href":"https:\/\/www.kontakt-elektro.hu\/en\/wp-json\/wp\/v2\/pages\/85307","targetHints":{"allow":["GET"]}}],"collection":[{"href":"https:\/\/www.kontakt-elektro.hu\/en\/wp-json\/wp\/v2\/pages"}],"about":[{"href":"https:\/\/www.kontakt-elektro.hu\/en\/wp-json\/wp\/v2\/types\/page"}],"author":[{"embeddable":true,"href":"https:\/\/www.kontakt-elektro.hu\/en\/wp-json\/wp\/v2\/users\/2"}],"replies":[{"embeddable":true,"href":"https:\/\/www.kontakt-elektro.hu\/en\/wp-json\/wp\/v2\/comments?post=85307"}],"version-history":[{"count":0,"href":"https:\/\/www.kontakt-elektro.hu\/en\/wp-json\/wp\/v2\/pages\/85307\/revisions"}],"up":[{"embeddable":true,"href":"https:\/\/www.kontakt-elektro.hu\/en\/wp-json\/wp\/v2\/pages\/85296"}],"wp:featuredmedia":[{"embeddable":true,"href":"https:\/\/www.kontakt-elektro.hu\/en\/wp-json\/wp\/v2\/media\/83611"}],"wp:attachment":[{"href":"https:\/\/www.kontakt-elektro.hu\/en\/wp-json\/wp\/v2\/media?parent=85307"}],"curies":[{"name":"wp","href":"https:\/\/api.w.org\/{rel}","templated":true}]}}